{"id":10230,"date":"2020-10-19T16:41:34","date_gmt":"2020-10-19T16:41:34","guid":{"rendered":"http:\/\/icg-institut.de\/?page_id=10230"},"modified":"2024-01-31T15:58:21","modified_gmt":"2024-01-31T15:58:21","slug":"impressum","status":"publish","type":"page","link":"https:\/\/icg-institut.de\/de\/impressum\/","title":{"rendered":"Impressum"},"content":{"rendered":"<p>[et_pb_section fb_built=&#8220;1&#8243; admin_label=&#8220;Our Team&#8220; _builder_version=&#8220;4.16&#8243; background_color=&#8220;#f4f4f4&#8243; custom_padding=&#8220;40px||40px||true|false&#8220; locked=&#8220;off&#8220; global_colors_info=&#8220;{}&#8220;][et_pb_row _builder_version=&#8220;4.16&#8243; background_color=&#8220;#ffffff&#8220; custom_padding=&#8220;|2%||2%|false|true&#8220; global_colors_info=&#8220;{}&#8220;][et_pb_column type=&#8220;4_4&#8243; _builder_version=&#8220;4.16&#8243; global_colors_info=&#8220;{}&#8220;][et_pb_text _builder_version=&#8220;4.16&#8243; global_colors_info=&#8220;{}&#8220;]<\/p>\n<h2>IMPRESSUM<\/h2>\n<p>[\/et_pb_text][et_pb_text _builder_version=&#8220;4.22.2&#8243; hover_enabled=&#8220;0&#8243; global_colors_info=&#8220;{}&#8220; sticky_enabled=&#8220;0&#8243;]<\/p>\n<div><strong>Institut f\u00fcr Corporate Governance in der deutschen Immobilienwirtschaft e.V.<\/strong><\/div>\n<div>Leipziger Platz 9<br \/> 10117 Berlin<\/div>\n<div>\n<p>Tel: +49 30 202 1585 55<br \/> Fax: +49 30 202 1585 20<br \/> E:Mail: <a href=\"\/se\/nd01icgmai45ns8f.php\" target=\"_blank\" rel=\"noopener\">info<span style=\"color:transparent;margin:-1px;\">[<\/span>@<span style=\"color:transparent;margin:-1px;\">]<\/span>icg-institut.de<\/a><\/p>\n<p>Gesch\u00e4ftsf\u00fchrerin:\u00a0Karin Barthelmes-Wehr<br \/> Institut f\u00fcr Corporate Governance in der deutschen Immobilienwirtschaft e.V.<br \/><span>Registergericht: Amtsgericht Charlottenburg<\/span><br \/><span>Registernummer: VR 27736 B<\/span><\/p>\n<p>Inhaltlich Verantwortlicher gem\u00e4\u00df \u00a7 6 MDStV:\u00a0<strong>Karin Barthelmes-Wehr<\/strong><\/p>\n<\/div>\n<p>[\/et_pb_text][et_pb_text _builder_version=&#8220;4.16&#8243; global_colors_info=&#8220;{}&#8220;]<\/p>\n<p><span>Realisation &amp; Web-Design Website <\/span><br \/> <span>Gekko Marketing GmbH, Neuss<br \/> <\/span><a href=\"http:\/\/www.gekkomarketing.de\/\">www.gekkomarketing.de<\/a><\/p>\n<p>[\/et_pb_text][et_pb_image src=&#8220;https:\/\/icg-institut.de\/wp-content\/uploads\/2020\/11\/png.png&#8220; title_text=&#8220;png&#8220; _builder_version=&#8220;4.16&#8243; width=&#8220;15%&#8220; width_tablet=&#8220;34%&#8220; width_phone=&#8220;50%&#8220; width_last_edited=&#8220;on|phone&#8220; module_alignment=&#8220;left&#8220; global_colors_info=&#8220;{}&#8220;][\/et_pb_image][\/et_pb_column][\/et_pb_row][\/et_pb_section]<\/p>\n","protected":false},"excerpt":{"rendered":"<p>IMPRESSUMInstitut f\u00fcr Corporate Governance in der deutschen Immobilienwirtschaft e.V. Leipziger Platz 9 10117 Berlin Tel: +49 30 202 1585 55 Fax: +49 30 202 1585 20 E:Mail: info[@]icg-institut.de Gesch\u00e4ftsf\u00fchrerin:\u00a0Karin Barthelmes-Wehr Institut f\u00fcr Corporate Governance in der deutschen Immobilienwirtschaft e.V.Registergericht: Amtsgericht CharlottenburgRegisternummer: VR 27736 B Inhaltlich Verantwortlicher gem\u00e4\u00df \u00a7 6 MDStV:\u00a0Karin Barthelmes-Wehr Realisation &amp; Web-Design Website [&hellip;]<\/p>\n","protected":false},"author":2,"featured_media":0,"parent":0,"menu_order":0,"comment_status":"closed","ping_status":"closed","template":"","meta":{"_et_pb_use_builder":"on","_et_pb_old_content":"<!-- wp:divi\/placeholder \/-->","_et_gb_content_width":""},"yoast_head":"<!-- This site is optimized with the Yoast SEO plugin v20.6 - https:\/\/yoast.com\/wordpress\/plugins\/seo\/ -->\n<title>Impressum &ndash; Institut f\u00fcr Corporate Governance<\/title>\n<meta name=\"robots\" content=\"index, follow, max-snippet:-1, max-image-preview:large, max-video-preview:-1\" \/>\n<link rel=\"canonical\" href=\"https:\/\/icg-institut.de\/de\/impressum\/\" \/>\n<meta property=\"og:locale\" content=\"de_DE\" \/>\n<meta property=\"og:type\" content=\"article\" \/>\n<meta property=\"og:title\" content=\"Impressum &ndash; Institut f\u00fcr Corporate Governance\" \/>\n<meta property=\"og:description\" content=\"IMPRESSUMInstitut f\u00fcr Corporate Governance in der deutschen Immobilienwirtschaft e.V. Leipziger Platz 9 10117 Berlin Tel: +49 30 202 1585 55 Fax: +49 30 202 1585 20 E:Mail: info[@]icg-institut.de Gesch\u00e4ftsf\u00fchrerin:\u00a0Karin Barthelmes-Wehr Institut f\u00fcr Corporate Governance in der deutschen Immobilienwirtschaft e.V.Registergericht: Amtsgericht CharlottenburgRegisternummer: VR 27736 B Inhaltlich Verantwortlicher gem\u00e4\u00df \u00a7 6 MDStV:\u00a0Karin Barthelmes-Wehr Realisation &amp; Web-Design Website [&hellip;]\" \/>\n<meta property=\"og:url\" content=\"https:\/\/icg-institut.de\/de\/impressum\/\" \/>\n<meta property=\"og:site_name\" content=\"Institut f\u00fcr Corporate Governance\" \/>\n<meta property=\"article:modified_time\" content=\"2024-01-31T15:58:21+00:00\" \/>\n<meta name=\"twitter:card\" content=\"summary_large_image\" \/>\n<meta name=\"twitter:label1\" content=\"Gesch\u00e4tzte Lesezeit\" \/>\n\t<meta name=\"twitter:data1\" content=\"1 Minute\" \/>\n<script type=\"application\/ld+json\" class=\"yoast-schema-graph\">{\"@context\":\"https:\/\/schema.org\",\"@graph\":[{\"@type\":\"WebPage\",\"@id\":\"https:\/\/icg-institut.de\/de\/impressum\/\",\"url\":\"https:\/\/icg-institut.de\/de\/impressum\/\",\"name\":\"Impressum &ndash; Institut f\u00fcr Corporate Governance\",\"isPartOf\":{\"@id\":\"https:\/\/icg-institut.de\/de\/#website\"},\"datePublished\":\"2020-10-19T16:41:34+00:00\",\"dateModified\":\"2024-01-31T15:58:21+00:00\",\"breadcrumb\":{\"@id\":\"https:\/\/icg-institut.de\/de\/impressum\/#breadcrumb\"},\"inLanguage\":\"de-DE\",\"potentialAction\":[{\"@type\":\"ReadAction\",\"target\":[\"https:\/\/icg-institut.de\/de\/impressum\/\"]}]},{\"@type\":\"BreadcrumbList\",\"@id\":\"https:\/\/icg-institut.de\/de\/impressum\/#breadcrumb\",\"itemListElement\":[{\"@type\":\"ListItem\",\"position\":1,\"name\":\"Startseite\",\"item\":\"https:\/\/icg-institut.de\/de\/\"},{\"@type\":\"ListItem\",\"position\":2,\"name\":\"Impressum\"}]},{\"@type\":\"WebSite\",\"@id\":\"https:\/\/icg-institut.de\/de\/#website\",\"url\":\"https:\/\/icg-institut.de\/de\/\",\"name\":\"Institut f\u00fcr Corporate Governance\",\"description\":\"Das ICG ist der f\u00fchrende Think und Do-Tank der Immobilienbranche f\u00fcr gute Governance.\",\"publisher\":{\"@id\":\"https:\/\/icg-institut.de\/de\/#organization\"},\"potentialAction\":[{\"@type\":\"SearchAction\",\"target\":{\"@type\":\"EntryPoint\",\"urlTemplate\":\"https:\/\/icg-institut.de\/de\/?s={search_term_string}\"},\"query-input\":\"required name=search_term_string\"}],\"inLanguage\":\"de-DE\"},{\"@type\":\"Organization\",\"@id\":\"https:\/\/icg-institut.de\/de\/#organization\",\"name\":\"ICG Institut\",\"url\":\"https:\/\/icg-institut.de\/de\/\",\"logo\":{\"@type\":\"ImageObject\",\"inLanguage\":\"de-DE\",\"@id\":\"https:\/\/icg-institut.de\/de\/#\/schema\/logo\/image\/\",\"url\":\"https:\/\/icg-institut.de\/wp-content\/uploads\/2020\/10\/Logo_ICG_short_4c_transp.png\",\"contentUrl\":\"https:\/\/icg-institut.de\/wp-content\/uploads\/2020\/10\/Logo_ICG_short_4c_transp.png\",\"width\":6123,\"height\":1987,\"caption\":\"ICG Institut\"},\"image\":{\"@id\":\"https:\/\/icg-institut.de\/de\/#\/schema\/logo\/image\/\"}}]}<\/script>\n<!-- \/ Yoast SEO plugin. -->","yoast_head_json":{"title":"Impressum &ndash; Institut f\u00fcr Corporate Governance","robots":{"index":"index","follow":"follow","max-snippet":"max-snippet:-1","max-image-preview":"max-image-preview:large","max-video-preview":"max-video-preview:-1"},"canonical":"https:\/\/icg-institut.de\/de\/impressum\/","og_locale":"de_DE","og_type":"article","og_title":"Impressum &ndash; Institut f\u00fcr Corporate Governance","og_description":"IMPRESSUMInstitut f\u00fcr Corporate Governance in der deutschen Immobilienwirtschaft e.V. Leipziger Platz 9 10117 Berlin Tel: +49 30 202 1585 55 Fax: +49 30 202 1585 20 E:Mail: info[@]icg-institut.de Gesch\u00e4ftsf\u00fchrerin:\u00a0Karin Barthelmes-Wehr Institut f\u00fcr Corporate Governance in der deutschen Immobilienwirtschaft e.V.Registergericht: Amtsgericht CharlottenburgRegisternummer: VR 27736 B Inhaltlich Verantwortlicher gem\u00e4\u00df \u00a7 6 MDStV:\u00a0Karin Barthelmes-Wehr Realisation &amp; Web-Design Website [&hellip;]","og_url":"https:\/\/icg-institut.de\/de\/impressum\/","og_site_name":"Institut f\u00fcr Corporate Governance","article_modified_time":"2024-01-31T15:58:21+00:00","twitter_card":"summary_large_image","twitter_misc":{"Gesch\u00e4tzte Lesezeit":"1 Minute"},"schema":{"@context":"https:\/\/schema.org","@graph":[{"@type":"WebPage","@id":"https:\/\/icg-institut.de\/de\/impressum\/","url":"https:\/\/icg-institut.de\/de\/impressum\/","name":"Impressum &ndash; Institut f\u00fcr Corporate Governance","isPartOf":{"@id":"https:\/\/icg-institut.de\/de\/#website"},"datePublished":"2020-10-19T16:41:34+00:00","dateModified":"2024-01-31T15:58:21+00:00","breadcrumb":{"@id":"https:\/\/icg-institut.de\/de\/impressum\/#breadcrumb"},"inLanguage":"de-DE","potentialAction":[{"@type":"ReadAction","target":["https:\/\/icg-institut.de\/de\/impressum\/"]}]},{"@type":"BreadcrumbList","@id":"https:\/\/icg-institut.de\/de\/impressum\/#breadcrumb","itemListElement":[{"@type":"ListItem","position":1,"name":"Startseite","item":"https:\/\/icg-institut.de\/de\/"},{"@type":"ListItem","position":2,"name":"Impressum"}]},{"@type":"WebSite","@id":"https:\/\/icg-institut.de\/de\/#website","url":"https:\/\/icg-institut.de\/de\/","name":"Institut f\u00fcr Corporate Governance","description":"Das ICG ist der f\u00fchrende Think und Do-Tank der Immobilienbranche f\u00fcr gute Governance.","publisher":{"@id":"https:\/\/icg-institut.de\/de\/#organization"},"potentialAction":[{"@type":"SearchAction","target":{"@type":"EntryPoint","urlTemplate":"https:\/\/icg-institut.de\/de\/?s={search_term_string}"},"query-input":"required name=search_term_string"}],"inLanguage":"de-DE"},{"@type":"Organization","@id":"https:\/\/icg-institut.de\/de\/#organization","name":"ICG Institut","url":"https:\/\/icg-institut.de\/de\/","logo":{"@type":"ImageObject","inLanguage":"de-DE","@id":"https:\/\/icg-institut.de\/de\/#\/schema\/logo\/image\/","url":"https:\/\/icg-institut.de\/wp-content\/uploads\/2020\/10\/Logo_ICG_short_4c_transp.png","contentUrl":"https:\/\/icg-institut.de\/wp-content\/uploads\/2020\/10\/Logo_ICG_short_4c_transp.png","width":6123,"height":1987,"caption":"ICG Institut"},"image":{"@id":"https:\/\/icg-institut.de\/de\/#\/schema\/logo\/image\/"}}]}},"_links":{"self":[{"href":"https:\/\/icg-institut.de\/de\/wp-json\/wp\/v2\/pages\/10230"}],"collection":[{"href":"https:\/\/icg-institut.de\/de\/wp-json\/wp\/v2\/pages"}],"about":[{"href":"https:\/\/icg-institut.de\/de\/wp-json\/wp\/v2\/types\/page"}],"author":[{"embeddable":true,"href":"https:\/\/icg-institut.de\/de\/wp-json\/wp\/v2\/users\/2"}],"replies":[{"embeddable":true,"href":"https:\/\/icg-institut.de\/de\/wp-json\/wp\/v2\/comments?post=10230"}],"version-history":[{"count":0,"href":"https:\/\/icg-institut.de\/de\/wp-json\/wp\/v2\/pages\/10230\/revisions"}],"wp:attachment":[{"href":"https:\/\/icg-institut.de\/de\/wp-json\/wp\/v2\/media?parent=10230"}],"curies":[{"name":"wp","href":"https:\/\/api.w.org\/{rel}","templated":true}]}}