{"id":11414,"date":"2020-11-24T14:07:31","date_gmt":"2020-11-24T14:07:31","guid":{"rendered":"https:\/\/icg-institut.de\/?page_id=11414"},"modified":"2021-07-06T14:55:27","modified_gmt":"2021-07-06T14:55:27","slug":"leitbild","status":"publish","type":"page","link":"https:\/\/icg-institut.de\/de\/leitbild\/","title":{"rendered":"Leitbild"},"content":{"rendered":"<p>[et_pb_section fb_built=&#8220;1&#8243; fullwidth=&#8220;on&#8220; admin_label=&#8220;Page Header&#8220; _builder_version=&#8220;4.4.4&#8243; background_color=&#8220;#e02b20&#8243; background_image=&#8220;http:\/\/icg-institut.de\/wp-content\/uploads\/2020\/04\/business-07.jpg&#8220; parallax=&#8220;on&#8220; locked=&#8220;off&#8220;][et_pb_fullwidth_header text_orientation=&#8220;center&#8220; admin_label=&#8220;Hero Section&#8220; _builder_version=&#8220;4.4.4&#8243; title_font=&#8220;Montserrat||||||||&#8220; title_font_size=&#8220;60px&#8220; title_line_height=&#8220;1.4em&#8220; content_font_size=&#8220;40px&#8220; content_line_height=&#8220;1.8em&#8220; subhead_font=&#8220;||||&#8220; background_color=&#8220;rgba(255, 255, 255, 0)&#8220; use_background_color_gradient=&#8220;on&#8220; background_color_gradient_start=&#8220;#622b78&#8243; background_color_gradient_end=&#8220;rgba(114,114,219,0.25)&#8220; custom_button_one=&#8220;on&#8220; button_one_text_size=&#8220;16px&#8220; button_one_bg_color=&#8220;#6eba01&#8243; button_one_border_width=&#8220;2px&#8220; button_one_border_color=&#8220;#6eba01&#8243; button_one_border_radius=&#8220;0&#8243; button_one_letter_spacing=&#8220;2&#8243; button_one_font=&#8220;Montserrat|||on|&#8220; button_one_use_icon=&#8220;off&#8220; custom_button_two=&#8220;on&#8220; button_two_text_size=&#8220;16px&#8220; button_two_border_width=&#8220;2px&#8220; button_two_border_color=&#8220;#ffffff&#8220; button_two_border_radius=&#8220;0&#8243; button_two_letter_spacing=&#8220;2&#8243; button_two_font=&#8220;Montserrat|||on|&#8220; button_two_use_icon=&#8220;off&#8220; module_alignment=&#8220;left&#8220; animation_style=&#8220;fade&#8220; content_font_size_tablet=&#8220;&#8220; content_font_size_phone=&#8220;28px&#8220; content_font_size_last_edited=&#8220;on|phone&#8220; button_one_text_color_hover=&#8220;#6eba01&#8243; button_two_text_color_hover=&#8220;#6eba01&#8243; button_one_border_color_hover=&#8220;#ffffff&#8220; button_two_border_color_hover=&#8220;#ffffff&#8220; button_one_border_radius_hover=&#8220;0&#8243; button_two_border_radius_hover=&#8220;0&#8243; button_one_letter_spacing_hover=&#8220;2&#8243; button_two_letter_spacing_hover=&#8220;2&#8243; button_one_bg_color_hover=&#8220;#ffffff&#8220; button_two_bg_color_hover=&#8220;#ffffff&#8220; button_one_text_size__hover_enabled=&#8220;off&#8220; button_two_text_size__hover_enabled=&#8220;off&#8220; button_one_text_color__hover_enabled=&#8220;on&#8220; button_one_text_color__hover=&#8220;#6eba01&#8243; button_two_text_color__hover_enabled=&#8220;on&#8220; button_two_text_color__hover=&#8220;#6eba01&#8243; button_one_border_width__hover_enabled=&#8220;off&#8220; button_two_border_width__hover_enabled=&#8220;off&#8220; button_one_border_color__hover_enabled=&#8220;on&#8220; button_one_border_color__hover=&#8220;#ffffff&#8220; button_two_border_color__hover_enabled=&#8220;on&#8220; button_two_border_color__hover=&#8220;#ffffff&#8220; button_one_border_radius__hover_enabled=&#8220;on&#8220; button_one_border_radius__hover=&#8220;0&#8243; button_two_border_radius__hover_enabled=&#8220;on&#8220; button_two_border_radius__hover=&#8220;0&#8243; button_one_letter_spacing__hover_enabled=&#8220;on&#8220; button_one_letter_spacing__hover=&#8220;2&#8243; button_two_letter_spacing__hover_enabled=&#8220;on&#8220; button_two_letter_spacing__hover=&#8220;2&#8243; button_one_bg_color__hover_enabled=&#8220;on&#8220; button_one_bg_color__hover=&#8220;#ffffff&#8220; button_two_bg_color__hover_enabled=&#8220;on&#8220; button_two_bg_color__hover=&#8220;#ffffff&#8220;]<\/p>\n<p>LEITBILD<\/p>\n<p>[\/et_pb_fullwidth_header][\/et_pb_section][et_pb_section fb_built=&#8220;1&#8243; admin_label=&#8220;Our Team&#8220; _builder_version=&#8220;4.4.4&#8243; background_color=&#8220;#f4f4f4&#8243; custom_padding=&#8220;40px||40px|4px|true|false&#8220; locked=&#8220;off&#8220;][et_pb_row _builder_version=&#8220;4.4.4&#8243;][et_pb_column type=&#8220;4_4&#8243; _builder_version=&#8220;4.4.4&#8243;][et_pb_text _builder_version=&#8220;4.4.4&#8243;]<\/p>\n<h1>Leitbild<br \/>[Fassung Oktober 2020]<\/h1>\n<p class=\"p1\">\n<p>[\/et_pb_text][\/et_pb_column][\/et_pb_row][et_pb_row column_structure=&#8220;1_2,1_2&#8243; _builder_version=&#8220;4.4.4&#8243;][et_pb_column type=&#8220;1_2&#8243; _builder_version=&#8220;4.4.4&#8243;][et_pb_text _builder_version=&#8220;4.4.4&#8243; custom_margin=&#8220;|-757px||||&#8220; custom_padding=&#8220;|2px||||&#8220;]<\/p>\n<p><b>1. Der Verband<\/b><\/p>\n<div class=\"page\" title=\"Page 1\">\n<div class=\"layoutArea\">\n<div class=\"column\">\n<p><span>Das ICG ist die standardsetzende Organisation fu\u0308r werteorientierte, nachhaltige Unternehmensfu\u0308hrung der deutschen Immobilienwirtschaft. Es wird hierbei durch unabha\u0308ngige Experten unterstu\u0308tzt. Das ICG entwickelt, beschreibt, empfiehlt, bewirbt, lehrt und <\/span><span>u\u0308<\/span><span>berwacht Best Practices im Bereich Leadership, Organisation, Risiko-Management, Compliance, Professionalisierung sowie Branchenimage.<\/span><\/p>\n<p><span><\/span><\/p>\n<\/div>\n<\/div>\n<\/div>\n<div class=\"page\" title=\"Page 1\">\n<div class=\"layoutArea\">\n<div class=\"column\">\n<p><span>Das ICG ist selbstorganisiert. Seine Mitglieder entstammen den immobilienwirtschaftlichen Gescha\u0308ftsfeldern, die zur Immobilien-Wertscho\u0308pfungskette beitragen, und schlie\u00dfen grundbesitzhaltende Unternehmen au\u00dferhalb des Immobiliensektors ein.<\/span><\/p>\n<p><span><\/span><\/p>\n<\/div>\n<\/div>\n<\/div>\n<div class=\"page\" title=\"Page 1\">\n<div class=\"layoutArea\">\n<div class=\"column\">\n<p><span>Die Mitglieder haben sich auf die Grundsa\u0308tze ordnungsma\u0308ssiger und lauterer Gescha\u0308ftsfu\u0308hrung, Integrita\u0308t, Transparenz, Professionalita\u0308t, Kontrolle, Verantwortlichkeit und werteorientierte, nachhaltige Unternehmensfu\u0308hrung verpflichtet.<\/span><\/p>\n<p><span><\/span><\/p>\n<\/div>\n<\/div>\n<\/div>\n<p>Die Empfehlungen des ICG richten sich an Mitglieder und Nichtmitglieder. Die Adressaten sind f\u00fcr die Einhaltung der Grunds\u00e4tze und Befolgung der Empfehlungen selbst verantwortlich. Das ICG kann Unternehmen auf Antrag zertifizieren.<\/p>\n<div class=\"page\" title=\"Page 1\">\n<div class=\"layoutArea\">\n<div class=\"column\">\n<div class=\"page\" title=\"Page 1\">\n<div class=\"layoutArea\">\n<div class=\"column\">\n<p><span>Es gibt verschiedene Formen der Mitgliedschaft. Auch sektorzugeho\u0308rige Nicht-Mitglieder ko\u0308nnen sich einbringen. Alle Interessengruppen erhalten Geho\u0308r.<\/span><\/p>\n<p><span><\/span><\/p>\n<\/div>\n<\/div>\n<\/div>\n<p><span><\/span><\/p>\n<\/div>\n<\/div>\n<\/div>\n<p><strong>2. Regelkonformes Handeln<\/strong><\/p>\n<div class=\"page\" title=\"Page 1\">\n<div class=\"layoutArea\">\n<div class=\"column\">\n<p><span>Das ICG bekennt sich zu regelkonformem Handeln als Voraussetzung fu\u0308r eine u\u0308berzeugende Verbandsarbeit und zum Schutz der Mitglieder. Eine erfolgreiche Verbandsarbeit ha\u0308ngt wesentlich von der Reputation des Verbandes ab.<\/span><\/p>\n<p><span><\/span><\/p>\n<\/div>\n<\/div>\n<\/div>\n<p><strong>3. Keine Wettbewerbsbeschr\u00e4nkungen<\/strong><\/p>\n<div class=\"page\" title=\"Page 1\">\n<div class=\"layoutArea\">\n<div class=\"column\">\n<p><span>Die Verbandsarbeit des ICG ist auf strikte Vereinbarkeit mit dem Kartell- und Wettbewerbsrecht ausgerichtet. Eine Verhinderung, Einschra\u0308nkung oder Verfa\u0308lschung des Wettbewerbs darf weder bezweckt noch bewirkt werden. Daher du\u0308rfen zwischen den<\/span><\/p>\n<\/div>\n<\/div>\n<\/div>\n<div class=\"page\" title=\"Page 2\">\n<div class=\"layoutArea\">\n<div class=\"column\">\n<p><span>Mitgliedern keine Informationen ausgetauscht, keine Diskussionen formeller oder informeller Art gefu\u0308hrt und auch keine Vereinbarungen getroffen werden, die zu einer unzula\u0308ssigen Wettbewerbsbeschra\u0308nkung fu\u0308hren, insbesondere bezu\u0308glich:<\/span><\/p>\n<\/div>\n<\/div>\n<\/div>\n<p>&nbsp;<\/p>\n<div class=\"page\" title=\"Page 2\">\n<div class=\"layoutArea\">\n<div class=\"column\">\n<ul>\n<li><span>Preisgestaltung, Preisstrategie und zuku\u0308nftigen Marktverhaltens;<\/span><\/li>\n<li><span>eigener Absatz- und Umsatzzahlen, soweit sie nicht anderweitig jedermann zuga\u0308nglich<\/span>\n<p><span>sind;<\/span><\/p>\n<\/li>\n<li><span>individueller Dienstleistungs- und Zahlungsbedingungen;<\/span><\/li>\n<li><span>vertraglicher Regelungen in eigenen Vereinbarungen mit einzelnen Lieferanten und<\/span>\n<p><span>Kunden, die wettbewerblich relevant sein ko\u0308nnen;<\/span><\/p>\n<\/li>\n<li><span>Zuru\u0308ckhaltung von Dienstleistungen oder Begrenzung solcher Leistungen;<\/span><\/li>\n<li><span>Aufteilung von Ma\u0308rkten oder Bezugsquellen (ra\u0308umlich oder nach Kunden);<\/span><\/li>\n<li><span>\u201eschwarze Listen\u201c oder Boykotte von Kunden, Wettbewerbern oder Zulieferern;<\/span><\/li>\n<li><span>geplante Vorhaben Einzelner in Bezug auf Technologie, Investitionen, Design sowie\u00a0<\/span><span>Vertrieb oder Marketing fu\u0308r bestimmte Dienstleistungen.<\/span><\/li>\n<li>\n<p><span><\/span><span><\/span><span><\/span><span style=\"font-size: 16px;\">Davon ausgenommen ist der Informationsaustausch allgemein wirtschaftlicher\u00a0<\/span><span style=\"font-size: 16px;\">Entwicklungen, auch auf der Kunden- oder Lieferantenseite, soweit o\u0308ffentlich bekannt oder jedermann zuga\u0308nglich sowie allgemein bekannte oder leicht zuga\u0308ngliche rein historische individuelle Unternehmensdaten.<\/span><\/p>\n<p><span style=\"font-size: 16px;\"><\/span><span style=\"font-size: 16px;\"><\/span><span style=\"font-size: 16px;\">Die T\u00e4tigkeit des ICG und die vom ICG organisierten Besprechungen, Meetings und Veranstaltungen dienen nicht der Schaffung oder F\u00f6rderung von Gelegenheiten, zwischen den Mitgliedern wettbewerbsrelevante Themen zu er\u00f6rtern oder Absprachen zu treffen.<\/span><\/p>\n<\/li>\n<\/ul>\n<\/div>\n<\/div>\n<\/div>\n<p><span style=\"font-size: 16px;\"><\/span><\/p>\n<p><strong style=\"font-size: 16px;\">4. Einhaltung kapitalmarktrechtlicher Pflichten<\/strong><\/p>\n<p><span style=\"font-size: 16px;\">Die Verbandsarbeit des ICG ist auch auf strikte Einhaltung der kapitalmarktrechtlichen Anforderungen und Pflichten ausgerichtet. Die Regelungen der Marktmissbrauchsverordnung, der zu ihrer Durchf\u00fchrung erlassenen Verordnungen und sonstigen Rechtsvorschriften sowie des Wertpapierhandelsgesetzes m\u00fcssen ohne Einschr\u00e4nkung beachtet werden. Die Mitglieder und G\u00e4ste des ICG sind stets gehalten, ihre kapitalmarktrechtlichen Anforderungen und Pflichten zu erf\u00fcllen.<\/span><\/p>\n<p><span style=\"font-size: 16px;\">\u00a0<\/span><\/p>\n<p><strong>5. Sponsoring<\/strong><\/p>\n<p><span style=\"font-size: 16px;\">Bei der Entscheidung u\u0308ber den Einsatz von Sponsoring gelten die folgenden Grundsa\u0308tze:<\/span><span style=\"font-size: 16px;\">\u00a0<\/span><\/p>\n<div class=\"page\" title=\"Page 2\">\n<div class=\"layoutArea\">\n<div class=\"column\">\n<ul>\n<li><span>Sponsoring durch Gewa\u0308hrung von Geld oder geldwerten Vorteilen wird seitens des ICG ausschlie\u00dflich im engen Rahmen des Satzungszweckes realisiert.<\/span><\/li>\n<li><span>Sponsoraktivita\u0308ten du\u0308rfen nur auf der Grundlage einer schriftlichen Vereinbarung erfolgen, in dem der Leistungsempfa\u0308nger die Art und Ho\u0308he der Zuwendung sowie die dem Sponsor einzura\u0308umende Gegenleistung (insbesondere Werbemo\u0308glichkeiten) genau zu bezeichnen sind, wobei Sponsorenleistung und Gegenleistung stets in einem angemessenen Verha\u0308ltnis zueinander stehen mu\u0308ssen<\/span>\n<p><span><\/span><span><\/span><\/p>\n<\/li>\n<\/ul>\n<p><span><\/span><\/p>\n<\/div>\n<\/div>\n<\/div>\n<p><strong><\/strong><\/p>\n<p><strong>6. Kommunikation<\/strong><\/p>\n<p><span style=\"font-size: 16px;\">Die Kommunikation im Namen des ICG in Form von Stellungnahmen, Bekanntmachungen, Berichterstattungen usw. gegenu\u0308ber den Medien obliegt grundsa\u0308tzlich dem Vorstand.<\/span><span style=\"font-size: 16px;\">\u00a0<\/span><\/p>\n<div class=\"page\" title=\"Page 3\">\n<div class=\"section\">\n<div class=\"layoutArea\">\n<div class=\"column\">\n<p><span>Perso\u0308nliche Meinungsa\u0308u\u00dferungen von Mitgliedern zu ICG-relevanten Themen sind als solche kenntlich zu machen und mit dem Vorstand abzustimmen. Verbandsscha\u0308digende A\u0308u\u00dferungen sind zu vermeiden.<\/span><\/p>\n<p><span><\/span><\/p>\n<div class=\"page\" title=\"Page 3\">\n<div class=\"section\">\n<div class=\"layoutArea\">\n<div class=\"column\">\n<p><span>Vertrauliche Mitgliederinformationen aus Sitzungen und Meetings du\u0308rfen nicht der O\u0308ffentlichkeit zuga\u0308nglich gemacht und fu\u0308r eigene Zwecke missbraucht werden.<\/span><\/p>\n<p><span style=\"font-size: 16px;\"><\/span><\/p>\n<p><span style=\"font-size: 16px;\">\u00a0<\/span><strong style=\"font-size: 16px;\">7. Compliance-Stelle<\/strong><br \/> <span><\/span><\/p>\n<div id=\"content\" class=\"site-content\">\n<div id=\"primary\" class=\"content-area\">\n<article id=\"post-79\" class=\"post-79 page type-page status-publish\" itemscope=\"\" itemtype=\"https:\/\/schema.org\/Article\">\n<div class=\"entry-content\" itemprop=\"articleBody\">\n<p>&nbsp;<\/p>\n<p>Es ist eine Compliance-Stelle eingerichtet, die als Ansprechpartner zur Verf\u00fcgung steht, um Fragen im Zusammenhang mit der ICG-Compliance zu beantworten. Der Compliance- Beauftragte wird vom Vorstand bestimmt.<\/p>\n<\/div>\n<\/article>\n<\/div>\n<\/div>\n<\/div>\n<\/div>\n<\/div>\n<\/div>\n<\/div>\n<\/div>\n<\/div>\n<\/div>\n<p>&nbsp;<\/p>\n<p>[\/et_pb_text][\/et_pb_column][et_pb_column type=&#8220;1_2&#8243; _builder_version=&#8220;4.4.4&#8243;][\/et_pb_column][\/et_pb_row][et_pb_row custom_padding_last_edited=&#8220;on|phone&#8220; _builder_version=&#8220;4.4.4&#8243; background_color=&#8220;#ffffff&#8220; width_tablet=&#8220;80%&#8220; width_phone=&#8220;&#8220; width_last_edited=&#8220;on|tablet&#8220; module_alignment=&#8220;center&#8220; custom_margin=&#8220;|5%||5%|false|true&#8220; custom_padding=&#8220;|1%||1%|false|true&#8220; custom_padding_tablet=&#8220;|5%||5%|false|true&#8220; custom_padding_phone=&#8220;&#8220; locked=&#8220;off&#8220;][et_pb_column type=&#8220;4_4&#8243; _builder_version=&#8220;4.4.4&#8243;][et_pb_cta title=&#8220;Leitbild als PDF&#8220; button_url=&#8220;https:\/\/icg-institut.de\/wp-content\/uploads\/2020\/11\/Leitbild-ICG_Webseite.pdf&#8220; url_new_window=&#8220;on&#8220; button_text=&#8220;Jetzt als PDF-Datei \u00f6ffnen&#8220; admin_label=&#8220;Title Paragraph &#038; CTA Button&#8220; _builder_version=&#8220;4.4.4&#8243; header_level=&#8220;h3&#8243; header_font_size=&#8220;26px&#8220; header_line_height=&#8220;1.4em&#8220; body_line_height=&#8220;1.8em&#8220; use_background_color=&#8220;off&#8220; custom_button=&#8220;on&#8220; button_text_size=&#8220;16px&#8220; button_text_color=&#8220;#ffffff&#8220; button_bg_color=&#8220;#815390&#8243; button_border_width=&#8220;10px&#8220; button_border_color=&#8220;#815390&#8243; button_border_radius=&#8220;0px&#8220; button_use_icon=&#8220;off&#8220; text_orientation=&#8220;left&#8220; background_layout=&#8220;light&#8220; custom_padding=&#8220;|||&#8220; link_option_url_new_window=&#8220;on&#8220; button_border_radius_hover=&#8220;0px&#8220; locked=&#8220;off&#8220; button_text_size__hover_enabled=&#8220;off&#8220; button_one_text_size__hover_enabled=&#8220;off&#8220; button_two_text_size__hover_enabled=&#8220;off&#8220; button_text_color__hover_enabled=&#8220;off&#8220; button_one_text_color__hover_enabled=&#8220;off&#8220; button_two_text_color__hover_enabled=&#8220;off&#8220; button_border_width__hover_enabled=&#8220;off&#8220; button_one_border_width__hover_enabled=&#8220;off&#8220; button_two_border_width__hover_enabled=&#8220;off&#8220; button_border_color__hover_enabled=&#8220;off&#8220; button_one_border_color__hover_enabled=&#8220;off&#8220; button_two_border_color__hover_enabled=&#8220;off&#8220; button_border_radius__hover_enabled=&#8220;on&#8220; button_border_radius__hover=&#8220;0px&#8220; button_one_border_radius__hover_enabled=&#8220;off&#8220; button_two_border_radius__hover_enabled=&#8220;off&#8220; button_letter_spacing__hover_enabled=&#8220;off&#8220; button_one_letter_spacing__hover_enabled=&#8220;off&#8220; button_two_letter_spacing__hover_enabled=&#8220;off&#8220; button_bg_color__hover_enabled=&#8220;off&#8220; button_one_bg_color__hover_enabled=&#8220;off&#8220; button_two_bg_color__hover_enabled=&#8220;off&#8220;][\/et_pb_cta][\/et_pb_column][\/et_pb_row][\/et_pb_section]<\/p>\n","protected":false},"excerpt":{"rendered":"<p>LEITBILDLeitbild[Fassung Oktober 2020] 1. Der Verband Das ICG ist die standardsetzende Organisation fu\u0308r werteorientierte, nachhaltige Unternehmensfu\u0308hrung der deutschen Immobilienwirtschaft. Es wird hierbei durch unabha\u0308ngige Experten unterstu\u0308tzt. Das ICG entwickelt, beschreibt, empfiehlt, bewirbt, lehrt und u\u0308berwacht Best Practices im Bereich Leadership, Organisation, Risiko-Management, Compliance, Professionalisierung sowie Branchenimage. Das ICG ist selbstorganisiert. Seine Mitglieder entstammen den immobilienwirtschaftlichen [&hellip;]<\/p>\n","protected":false},"author":6,"featured_media":0,"parent":0,"menu_order":0,"comment_status":"closed","ping_status":"closed","template":"","meta":{"_et_pb_use_builder":"on","_et_pb_old_content":"<!-- wp:divi\/placeholder \/-->","_et_gb_content_width":""},"yoast_head":"<!-- This site is optimized with the Yoast SEO plugin v20.6 - https:\/\/yoast.com\/wordpress\/plugins\/seo\/ -->\n<title>Leitbild &ndash; Institut f\u00fcr Corporate Governance<\/title>\n<meta name=\"robots\" content=\"index, follow, max-snippet:-1, max-image-preview:large, max-video-preview:-1\" \/>\n<link rel=\"canonical\" href=\"https:\/\/icg-institut.de\/de\/leitbild\/\" \/>\n<meta property=\"og:locale\" content=\"de_DE\" \/>\n<meta property=\"og:type\" content=\"article\" \/>\n<meta property=\"og:title\" content=\"Leitbild &ndash; Institut f\u00fcr Corporate Governance\" \/>\n<meta property=\"og:description\" content=\"LEITBILDLeitbild[Fassung Oktober 2020] 1. Der Verband Das ICG ist die standardsetzende Organisation fu\u0308r werteorientierte, nachhaltige Unternehmensfu\u0308hrung der deutschen Immobilienwirtschaft. Es wird hierbei durch unabha\u0308ngige Experten unterstu\u0308tzt. Das ICG entwickelt, beschreibt, empfiehlt, bewirbt, lehrt und u\u0308berwacht Best Practices im Bereich Leadership, Organisation, Risiko-Management, Compliance, Professionalisierung sowie Branchenimage. Das ICG ist selbstorganisiert. Seine Mitglieder entstammen den immobilienwirtschaftlichen [&hellip;]\" \/>\n<meta property=\"og:url\" content=\"https:\/\/icg-institut.de\/de\/leitbild\/\" \/>\n<meta property=\"og:site_name\" content=\"Institut f\u00fcr Corporate Governance\" \/>\n<meta property=\"article:modified_time\" content=\"2021-07-06T14:55:27+00:00\" \/>\n<meta name=\"twitter:card\" content=\"summary_large_image\" \/>\n<meta name=\"twitter:label1\" content=\"Gesch\u00e4tzte Lesezeit\" \/>\n\t<meta name=\"twitter:data1\" content=\"7 Minuten\" \/>\n<script type=\"application\/ld+json\" class=\"yoast-schema-graph\">{\"@context\":\"https:\/\/schema.org\",\"@graph\":[{\"@type\":\"WebPage\",\"@id\":\"https:\/\/icg-institut.de\/de\/leitbild\/\",\"url\":\"https:\/\/icg-institut.de\/de\/leitbild\/\",\"name\":\"Leitbild &ndash; Institut f\u00fcr Corporate Governance\",\"isPartOf\":{\"@id\":\"https:\/\/icg-institut.de\/de\/#website\"},\"datePublished\":\"2020-11-24T14:07:31+00:00\",\"dateModified\":\"2021-07-06T14:55:27+00:00\",\"breadcrumb\":{\"@id\":\"https:\/\/icg-institut.de\/de\/leitbild\/#breadcrumb\"},\"inLanguage\":\"de-DE\",\"potentialAction\":[{\"@type\":\"ReadAction\",\"target\":[\"https:\/\/icg-institut.de\/de\/leitbild\/\"]}]},{\"@type\":\"BreadcrumbList\",\"@id\":\"https:\/\/icg-institut.de\/de\/leitbild\/#breadcrumb\",\"itemListElement\":[{\"@type\":\"ListItem\",\"position\":1,\"name\":\"Startseite\",\"item\":\"https:\/\/icg-institut.de\/de\/\"},{\"@type\":\"ListItem\",\"position\":2,\"name\":\"Leitbild\"}]},{\"@type\":\"WebSite\",\"@id\":\"https:\/\/icg-institut.de\/de\/#website\",\"url\":\"https:\/\/icg-institut.de\/de\/\",\"name\":\"Institut f\u00fcr Corporate Governance\",\"description\":\"Das ICG ist der f\u00fchrende Think und Do-Tank der Immobilienbranche f\u00fcr gute Governance.\",\"publisher\":{\"@id\":\"https:\/\/icg-institut.de\/de\/#organization\"},\"potentialAction\":[{\"@type\":\"SearchAction\",\"target\":{\"@type\":\"EntryPoint\",\"urlTemplate\":\"https:\/\/icg-institut.de\/de\/?s={search_term_string}\"},\"query-input\":\"required name=search_term_string\"}],\"inLanguage\":\"de-DE\"},{\"@type\":\"Organization\",\"@id\":\"https:\/\/icg-institut.de\/de\/#organization\",\"name\":\"ICG Institut\",\"url\":\"https:\/\/icg-institut.de\/de\/\",\"logo\":{\"@type\":\"ImageObject\",\"inLanguage\":\"de-DE\",\"@id\":\"https:\/\/icg-institut.de\/de\/#\/schema\/logo\/image\/\",\"url\":\"https:\/\/icg-institut.de\/wp-content\/uploads\/2020\/10\/Logo_ICG_short_4c_transp.png\",\"contentUrl\":\"https:\/\/icg-institut.de\/wp-content\/uploads\/2020\/10\/Logo_ICG_short_4c_transp.png\",\"width\":6123,\"height\":1987,\"caption\":\"ICG Institut\"},\"image\":{\"@id\":\"https:\/\/icg-institut.de\/de\/#\/schema\/logo\/image\/\"}}]}<\/script>\n<!-- \/ Yoast SEO plugin. -->","yoast_head_json":{"title":"Leitbild &ndash; Institut f\u00fcr Corporate Governance","robots":{"index":"index","follow":"follow","max-snippet":"max-snippet:-1","max-image-preview":"max-image-preview:large","max-video-preview":"max-video-preview:-1"},"canonical":"https:\/\/icg-institut.de\/de\/leitbild\/","og_locale":"de_DE","og_type":"article","og_title":"Leitbild &ndash; Institut f\u00fcr Corporate Governance","og_description":"LEITBILDLeitbild[Fassung Oktober 2020] 1. Der Verband Das ICG ist die standardsetzende Organisation fu\u0308r werteorientierte, nachhaltige Unternehmensfu\u0308hrung der deutschen Immobilienwirtschaft. Es wird hierbei durch unabha\u0308ngige Experten unterstu\u0308tzt. Das ICG entwickelt, beschreibt, empfiehlt, bewirbt, lehrt und u\u0308berwacht Best Practices im Bereich Leadership, Organisation, Risiko-Management, Compliance, Professionalisierung sowie Branchenimage. Das ICG ist selbstorganisiert. Seine Mitglieder entstammen den immobilienwirtschaftlichen [&hellip;]","og_url":"https:\/\/icg-institut.de\/de\/leitbild\/","og_site_name":"Institut f\u00fcr Corporate Governance","article_modified_time":"2021-07-06T14:55:27+00:00","twitter_card":"summary_large_image","twitter_misc":{"Gesch\u00e4tzte Lesezeit":"7 Minuten"},"schema":{"@context":"https:\/\/schema.org","@graph":[{"@type":"WebPage","@id":"https:\/\/icg-institut.de\/de\/leitbild\/","url":"https:\/\/icg-institut.de\/de\/leitbild\/","name":"Leitbild &ndash; Institut f\u00fcr Corporate Governance","isPartOf":{"@id":"https:\/\/icg-institut.de\/de\/#website"},"datePublished":"2020-11-24T14:07:31+00:00","dateModified":"2021-07-06T14:55:27+00:00","breadcrumb":{"@id":"https:\/\/icg-institut.de\/de\/leitbild\/#breadcrumb"},"inLanguage":"de-DE","potentialAction":[{"@type":"ReadAction","target":["https:\/\/icg-institut.de\/de\/leitbild\/"]}]},{"@type":"BreadcrumbList","@id":"https:\/\/icg-institut.de\/de\/leitbild\/#breadcrumb","itemListElement":[{"@type":"ListItem","position":1,"name":"Startseite","item":"https:\/\/icg-institut.de\/de\/"},{"@type":"ListItem","position":2,"name":"Leitbild"}]},{"@type":"WebSite","@id":"https:\/\/icg-institut.de\/de\/#website","url":"https:\/\/icg-institut.de\/de\/","name":"Institut f\u00fcr Corporate Governance","description":"Das ICG ist der f\u00fchrende Think und Do-Tank der Immobilienbranche f\u00fcr gute Governance.","publisher":{"@id":"https:\/\/icg-institut.de\/de\/#organization"},"potentialAction":[{"@type":"SearchAction","target":{"@type":"EntryPoint","urlTemplate":"https:\/\/icg-institut.de\/de\/?s={search_term_string}"},"query-input":"required name=search_term_string"}],"inLanguage":"de-DE"},{"@type":"Organization","@id":"https:\/\/icg-institut.de\/de\/#organization","name":"ICG Institut","url":"https:\/\/icg-institut.de\/de\/","logo":{"@type":"ImageObject","inLanguage":"de-DE","@id":"https:\/\/icg-institut.de\/de\/#\/schema\/logo\/image\/","url":"https:\/\/icg-institut.de\/wp-content\/uploads\/2020\/10\/Logo_ICG_short_4c_transp.png","contentUrl":"https:\/\/icg-institut.de\/wp-content\/uploads\/2020\/10\/Logo_ICG_short_4c_transp.png","width":6123,"height":1987,"caption":"ICG Institut"},"image":{"@id":"https:\/\/icg-institut.de\/de\/#\/schema\/logo\/image\/"}}]}},"_links":{"self":[{"href":"https:\/\/icg-institut.de\/de\/wp-json\/wp\/v2\/pages\/11414"}],"collection":[{"href":"https:\/\/icg-institut.de\/de\/wp-json\/wp\/v2\/pages"}],"about":[{"href":"https:\/\/icg-institut.de\/de\/wp-json\/wp\/v2\/types\/page"}],"author":[{"embeddable":true,"href":"https:\/\/icg-institut.de\/de\/wp-json\/wp\/v2\/users\/6"}],"replies":[{"embeddable":true,"href":"https:\/\/icg-institut.de\/de\/wp-json\/wp\/v2\/comments?post=11414"}],"version-history":[{"count":0,"href":"https:\/\/icg-institut.de\/de\/wp-json\/wp\/v2\/pages\/11414\/revisions"}],"wp:attachment":[{"href":"https:\/\/icg-institut.de\/de\/wp-json\/wp\/v2\/media?parent=11414"}],"curies":[{"name":"wp","href":"https:\/\/api.w.org\/{rel}","templated":true}]}}