{"id":12600,"date":"2021-05-12T14:38:01","date_gmt":"2021-05-12T14:38:01","guid":{"rendered":"https:\/\/icg-institut.de\/?page_id=12600"},"modified":"2022-01-06T17:34:38","modified_gmt":"2022-01-06T17:34:38","slug":"kodex-fur-baukultur-leitfaden","status":"publish","type":"page","link":"https:\/\/icg-institut.de\/de\/kodizes-leitlinien\/kodex-fur-baukultur-leitfaden\/","title":{"rendered":"Kodex f\u00fcr Baukultur &#8211; Leitfaden"},"content":{"rendered":"<p>[et_pb_section fb_built=&#8220;1&#8243; fullwidth=&#8220;on&#8220; admin_label=&#8220;Page Header&#8220; _builder_version=&#8220;4.4.4&#8243; background_color=&#8220;#e02b20&#8243; background_image=&#8220;http:\/\/icg-institut.de\/wp-content\/uploads\/2020\/04\/business-07.jpg&#8220; parallax=&#8220;on&#8220; locked=&#8220;off&#8220;][et_pb_fullwidth_header text_orientation=&#8220;center&#8220; admin_label=&#8220;Hero Section&#8220; _builder_version=&#8220;4.4.4&#8243; title_font=&#8220;Montserrat||||||||&#8220; title_font_size=&#8220;60px&#8220; title_line_height=&#8220;1.4em&#8220; content_font_size=&#8220;40px&#8220; content_line_height=&#8220;1.8em&#8220; subhead_font=&#8220;||||&#8220; background_color=&#8220;rgba(255, 255, 255, 0)&#8220; use_background_color_gradient=&#8220;on&#8220; background_color_gradient_start=&#8220;#622b78&#8243; background_color_gradient_end=&#8220;rgba(114,114,219,0.25)&#8220; custom_button_one=&#8220;on&#8220; button_one_text_size=&#8220;16px&#8220; button_one_bg_color=&#8220;#6eba01&#8243; button_one_border_width=&#8220;2px&#8220; button_one_border_color=&#8220;#6eba01&#8243; button_one_border_radius=&#8220;0&#8243; button_one_letter_spacing=&#8220;2&#8243; button_one_font=&#8220;Montserrat|||on|&#8220; button_one_use_icon=&#8220;off&#8220; custom_button_two=&#8220;on&#8220; button_two_text_size=&#8220;16px&#8220; button_two_border_width=&#8220;2px&#8220; button_two_border_color=&#8220;#ffffff&#8220; button_two_border_radius=&#8220;0&#8243; button_two_letter_spacing=&#8220;2&#8243; button_two_font=&#8220;Montserrat|||on|&#8220; button_two_use_icon=&#8220;off&#8220; module_alignment=&#8220;left&#8220; animation_style=&#8220;fade&#8220; content_font_size_tablet=&#8220;&#8220; content_font_size_phone=&#8220;28px&#8220; content_font_size_last_edited=&#8220;on|phone&#8220; button_one_text_color_hover=&#8220;#6eba01&#8243; button_two_text_color_hover=&#8220;#6eba01&#8243; button_one_border_color_hover=&#8220;#ffffff&#8220; button_two_border_color_hover=&#8220;#ffffff&#8220; button_one_border_radius_hover=&#8220;0&#8243; button_two_border_radius_hover=&#8220;0&#8243; button_one_letter_spacing_hover=&#8220;2&#8243; button_two_letter_spacing_hover=&#8220;2&#8243; button_one_bg_color_hover=&#8220;#ffffff&#8220; button_two_bg_color_hover=&#8220;#ffffff&#8220; button_one_text_size__hover_enabled=&#8220;off&#8220; button_two_text_size__hover_enabled=&#8220;off&#8220; button_one_text_color__hover_enabled=&#8220;on&#8220; button_one_text_color__hover=&#8220;#6eba01&#8243; button_two_text_color__hover_enabled=&#8220;on&#8220; button_two_text_color__hover=&#8220;#6eba01&#8243; button_one_border_width__hover_enabled=&#8220;off&#8220; button_two_border_width__hover_enabled=&#8220;off&#8220; button_one_border_color__hover_enabled=&#8220;on&#8220; button_one_border_color__hover=&#8220;#ffffff&#8220; button_two_border_color__hover_enabled=&#8220;on&#8220; button_two_border_color__hover=&#8220;#ffffff&#8220; button_one_border_radius__hover_enabled=&#8220;on&#8220; button_one_border_radius__hover=&#8220;0&#8243; button_two_border_radius__hover_enabled=&#8220;on&#8220; button_two_border_radius__hover=&#8220;0&#8243; button_one_letter_spacing__hover_enabled=&#8220;on&#8220; button_one_letter_spacing__hover=&#8220;2&#8243; button_two_letter_spacing__hover_enabled=&#8220;on&#8220; button_two_letter_spacing__hover=&#8220;2&#8243; button_one_bg_color__hover_enabled=&#8220;on&#8220; button_one_bg_color__hover=&#8220;#ffffff&#8220; button_two_bg_color__hover_enabled=&#8220;on&#8220; button_two_bg_color__hover=&#8220;#ffffff&#8220;]<\/p>\n<p><span>Kodex f\u00fcr Baukultur<\/span><\/p>\n<p>[\/et_pb_fullwidth_header][\/et_pb_section][et_pb_section fb_built=&#8220;1&#8243; admin_label=&#8220;Our Team&#8220; _builder_version=&#8220;4.4.4&#8243; background_color=&#8220;#f4f4f4&#8243; custom_padding=&#8220;40px||40px||true|false&#8220; locked=&#8220;off&#8220;][et_pb_row _builder_version=&#8220;4.4.4&#8243; custom_padding=&#8220;||0px||false|false&#8220;][et_pb_column type=&#8220;4_4&#8243; _builder_version=&#8220;4.4.4&#8243;][et_pb_text content_tablet=&#8220;<\/p>\n<h3>Der Kodex f\u00fcr Baukultur des Instituts f\u00fcr Corporate Governance in der deutschen Immobilienwirtschaft und der Bundesstiftung Baukultur<\/h3>\n<p>&#8220; content_phone=&#8220;<\/p>\n<h3>Der Kodex f\u00fcr Baukultur des Instituts f\u00fcr Corporate Governance in der deutschen Immobilienwirtschaft und der Bundesstiftung Baukultur<\/h3>\n<p>&#8220; content_last_edited=&#8220;on|phone&#8220; _builder_version=&#8220;4.4.4&#8243; custom_margin=&#8220;||1%||false|false&#8220; custom_padding=&#8220;||||false|false&#8220; locked=&#8220;off&#8220;]<\/p>\n<h3 style=\"text-align: center;\">Der Kodex f\u00fcr Baukultur\u00a0des Instituts f\u00fcr Corporate Governance in der deutschen Immobilienwirtschaft und der Bundesstiftung Baukultur<\/h3>\n<p>[\/et_pb_text][\/et_pb_column][\/et_pb_row][et_pb_row column_structure=&#8220;1_2,1_2&#8243; make_equal=&#8220;on&#8220; _builder_version=&#8220;4.4.4&#8243; custom_css_main_element=&#8220;display: flex;&#8220;][et_pb_column type=&#8220;1_2&#8243; _builder_version=&#8220;4.4.4&#8243;][et_pb_image src=&#8220;https:\/\/icg-institut.de\/wp-content\/uploads\/2020\/10\/Logo_ICG_short_4c_transp.png&#8220; title_text=&#8220;Logo_ICG_short_4c_transp&#8220; _builder_version=&#8220;4.4.4&#8243; width=&#8220;50%&#8220; width_tablet=&#8220;75%&#8220; width_phone=&#8220;75%&#8220; width_last_edited=&#8220;on|tablet&#8220; module_alignment=&#8220;center&#8220;][\/et_pb_image][\/et_pb_column][et_pb_column type=&#8220;1_2&#8243; _builder_version=&#8220;4.4.4&#8243;][et_pb_image src=&#8220;https:\/\/icg-institut.de\/wp-content\/uploads\/2021\/05\/bsbk_logo.svg&#8220; title_text=&#8220;bsbk_logo&#8220; _builder_version=&#8220;4.4.4&#8243; width=&#8220;50%&#8220; width_tablet=&#8220;75%&#8220; width_phone=&#8220;75%&#8220; width_last_edited=&#8220;on|phone&#8220; module_alignment=&#8220;center&#8220;][\/et_pb_image][\/et_pb_column][\/et_pb_row][et_pb_row make_equal=&#8220;on&#8220; _builder_version=&#8220;4.4.4&#8243; custom_css_main_element=&#8220;display: flex;&#8220;][et_pb_column type=&#8220;4_4&#8243; _builder_version=&#8220;4.4.4&#8243;][et_pb_text _builder_version=&#8220;4.4.4&#8243;]<\/p>\n<p>Der Begriff Baukultur umfasst die Summe aller menschlichen T\u00e4tigkeiten, die\u00a0unsere gebaute Umwelt ver\u00e4ndern. Er betrifft die architektonische, die\u00a0funktionale und die konstruktive Gestaltung von Geb\u00e4uden, den St\u00e4dte- und\u00a0Siedlungsbau, die Formung von Landschaften, Infrastrukturen und\u00a0\u00f6ffentlichen R\u00e4umen. Baukultur ist auch Prozesskultur und betrifft damit\u00a0ebenso den Weg, der zu einem \u201eguten Ergebnis\u201c f\u00fchrt sowie\u00a0Voruntersuchungen und Verhandlungen zur Gestalt der gebauten Umwelt.<\/p>\n<p>Die Immobilienwirtschaft tr\u00e4gt in ihrer Aufgabe als Projektentwickler, Planer,\u00a0Bauherr, Eigent\u00fcmer, etc. in besonderem Ma\u00dfe Verantwortung f\u00fcr die\u00a0Gestaltung unserer Lebensr\u00e4ume. Gleichzeitig bilden baukulturelle Werte und\u00a0gesellschaftliche Akzeptanz die Basis f\u00fcr wirtschaftlichen Erfolg. Die\u00a0Unternehmen der Immobilienwirtschaft sehen daher die Notwendigkeit, sich\u00a0im Rahmen der ihnen gegebenen M\u00f6glichkeiten und aus eigener Initiative f\u00fcr\u00a0die Baukultur einzusetzen. Mit ihrem Bekenntnis zum Kodex f\u00fcr Baukultur\u00a0verpflichten sie sich im Rahmen einer Selbstkontrolle zur Einhaltung\u00a0der im\u00a0Kodex aufgef\u00fchrten\u00a0Grunds\u00e4tze.<\/p>\n<p><strong>Das Wichtigste in K\u00fcrze:<\/strong><\/p>\n<p><strong>Was ist der Kodex f\u00fcr Baukultur?<\/strong><br \/> Ein Bekenntnis zur baukulturellen Verantwortung in der Immobilienwirtschaft.<\/p>\n<p><strong>Wie funktioniert er?<\/strong><br \/> Durch Selbstverpflichtung der Unternehmen.<\/p>\n<p><strong>Was ist der Inhalt der Selbstverpflichtung?<\/strong><br \/> Der Text des Kodexes in der Fassung von Mai 2021.<\/p>\n<p><strong>Wie wird die Selbstverpflichtung wirksam?<\/strong><br \/> Durch Unternehmensentscheidungen und durch Verwendung des folgenden Satzes in der Unternehmenskommunikation:<br \/> <em>\u201eWir handeln nach dem Kodex f\u00fcr Baukultur des Instituts f\u00fcr Corporate Governance in der deutschen Immobilienwirtschaft und der Bundesstiftung Baukultur.\u201c<\/em><\/p>\n<p>Teilen Sie uns Ihr Bekenntnis zum Kodex f\u00fcr Baukultur mit unter:\u00a0<span><a href=\"mailto:mail@bundesstiftung-baukultur.de\">mail@bundesstiftung-baukultur.de<\/a><\/span><\/p>\n<p>[\/et_pb_text][et_pb_button button_url=&#8220;https:\/\/icg-institut.de\/kodizes-leitlinien\/kodex-fuer-baukultur-ersten-unterzeichner\/&#8220; button_text=&#8220;Die Unterzeichner kennenlernen&#8220; button_alignment=&#8220;center&#8220; admin_label=&#8220;Testimonial Button&#8220; _builder_version=&#8220;4.4.4&#8243; custom_button=&#8220;on&#8220; button_text_size=&#8220;18px&#8220; button_text_color=&#8220;#ffffff&#8220; button_bg_color=&#8220;#5e2272&#8243; button_border_width=&#8220;2px&#8220; button_border_color=&#8220;#5e2272&#8243; button_border_radius=&#8220;0px&#8220; button_letter_spacing=&#8220;2px&#8220; button_font=&#8220;Montserrat|||on|&#8220; button_use_icon=&#8220;off&#8220; custom_margin=&#8220;20px||||false|true&#8220; custom_padding=&#8220;||||false|false&#8220; animation_style=&#8220;fold&#8220; animation_direction=&#8220;bottom&#8220; hover_enabled=&#8220;0&#8243; button_text_color_hover=&#8220;#ffffff&#8220; button_border_color_hover=&#8220;#ffffff&#8220; button_border_radius_hover=&#8220;0px&#8220; button_letter_spacing_hover=&#8220;2px&#8220; button_bg_color_hover=&#8220;rgba(255,255,255,0)&#8220; locked=&#8220;off&#8220; button_text_size__hover_enabled=&#8220;off&#8220; button_one_text_size__hover_enabled=&#8220;off&#8220; button_two_text_size__hover_enabled=&#8220;off&#8220; button_text_color__hover_enabled=&#8220;on&#8220; button_text_color__hover=&#8220;#5e2272&#8243; button_one_text_color__hover_enabled=&#8220;off&#8220; button_two_text_color__hover_enabled=&#8220;off&#8220; button_border_width__hover_enabled=&#8220;off&#8220; button_one_border_width__hover_enabled=&#8220;off&#8220; button_two_border_width__hover_enabled=&#8220;off&#8220; button_border_color__hover_enabled=&#8220;on|hover&#8220; button_border_color__hover=&#8220;#5e2272&#8243; button_one_border_color__hover_enabled=&#8220;off&#8220; button_two_border_color__hover_enabled=&#8220;off&#8220; button_border_radius__hover_enabled=&#8220;on&#8220; button_border_radius__hover=&#8220;0px&#8220; button_one_border_radius__hover_enabled=&#8220;off&#8220; button_two_border_radius__hover_enabled=&#8220;off&#8220; button_letter_spacing__hover_enabled=&#8220;on&#8220; button_letter_spacing__hover=&#8220;2px&#8220; button_one_letter_spacing__hover_enabled=&#8220;off&#8220; button_two_letter_spacing__hover_enabled=&#8220;off&#8220; button_bg_color__hover_enabled=&#8220;on&#8220; button_bg_color__hover=&#8220;rgba(255,255,255,0)&#8220; button_one_bg_color__hover_enabled=&#8220;off&#8220; button_two_bg_color__hover_enabled=&#8220;off&#8220;][\/et_pb_button][\/et_pb_column][\/et_pb_row][et_pb_row _builder_version=&#8220;4.4.4&#8243;][et_pb_column type=&#8220;4_4&#8243; _builder_version=&#8220;4.4.4&#8243;][et_pb_text _builder_version=&#8220;4.4.4&#8243;]<\/p>\n<p style=\"text-align: center;\"><strong>Sie m\u00f6chten den Leitfaden als PDF \u00f6ffnen? Bitte klicken Sie einfach auf das Deckblatt, dann \u00f6ffnet sich das Dokument in einem neuen Tab.<\/strong><\/p>\n<p>[\/et_pb_text][\/et_pb_column][\/et_pb_row][et_pb_row column_structure=&#8220;1_2,1_2&#8243; _builder_version=&#8220;4.4.4&#8243;][et_pb_column type=&#8220;1_2&#8243; _builder_version=&#8220;4.4.4&#8243;][et_pb_text _builder_version=&#8220;4.4.4&#8243;]<\/p>\n<p style=\"text-align: center;\"><strong>Kodex f\u00fcr Baukultur<\/strong><\/p>\n<p>[\/et_pb_text][et_pb_image src=&#8220;https:\/\/icg-institut.de\/wp-content\/uploads\/2021\/05\/Titelbild_Kodex-fu\u0308r-Baukultur.png&#8220; title_text=&#8220;Titelbild_Kodex fu\u0308r Baukultur&#8220; url=&#8220;https:\/\/icg-institut.de\/wp-content\/uploads\/2021\/05\/210511_Kodex_fuer_Baukultur_final.pdf&#8220; url_new_window=&#8220;on&#8220; use_overlay=&#8220;on&#8220; hover_icon=&#8220;%%266%%&#8220; align=&#8220;center&#8220; _builder_version=&#8220;4.4.4&#8243; box_shadow_style=&#8220;preset1&#8243;][\/et_pb_image][\/et_pb_column][et_pb_column type=&#8220;1_2&#8243; _builder_version=&#8220;4.4.4&#8243;][et_pb_text _builder_version=&#8220;4.4.4&#8243;]<\/p>\n<p style=\"text-align: center;\"><strong>Beteiligungsprozess f\u00fcr den Kodex zur Baukultur<\/strong><\/p>\n<p>[\/et_pb_text][et_pb_image src=&#8220;https:\/\/icg-institut.de\/wp-content\/uploads\/2021\/05\/Titelbild_Dokumentation-Beteiligungsprozess-Baukultur.png&#8220; title_text=&#8220;Titelbild_Dokumentation Beteiligungsprozess Baukultur&#8220; url=&#8220;https:\/\/icg-institut.de\/wp-content\/uploads\/2021\/05\/210511_Kodex_fuer_Baukultur_Beteiligungsprozess_final.pdf&#8220; url_new_window=&#8220;on&#8220; use_overlay=&#8220;on&#8220; hover_icon=&#8220;%%266%%&#8220; align=&#8220;center&#8220; _builder_version=&#8220;4.4.4&#8243;][\/et_pb_image][\/et_pb_column][\/et_pb_row][\/et_pb_section]<\/p>\n","protected":false},"excerpt":{"rendered":"<p>Kodex f\u00fcr BaukulturDer Kodex f\u00fcr Baukultur\u00a0des Instituts f\u00fcr Corporate Governance in der deutschen Immobilienwirtschaft und der Bundesstiftung BaukulturDer Begriff Baukultur umfasst die Summe aller menschlichen T\u00e4tigkeiten, die\u00a0unsere gebaute Umwelt ver\u00e4ndern. Er betrifft die architektonische, die\u00a0funktionale und die konstruktive Gestaltung von Geb\u00e4uden, den St\u00e4dte- und\u00a0Siedlungsbau, die Formung von Landschaften, Infrastrukturen und\u00a0\u00f6ffentlichen R\u00e4umen. Baukultur ist auch Prozesskultur [&hellip;]<\/p>\n","protected":false},"author":2,"featured_media":0,"parent":8666,"menu_order":0,"comment_status":"closed","ping_status":"closed","template":"","meta":{"_et_pb_use_builder":"on","_et_pb_old_content":"<!-- wp:divi\/placeholder \/-->","_et_gb_content_width":""},"yoast_head":"<!-- This site is optimized with the Yoast SEO plugin v20.6 - https:\/\/yoast.com\/wordpress\/plugins\/seo\/ -->\n<title>Kodex f\u00fcr Baukultur - Leitfaden &ndash; Institut f\u00fcr Corporate Governance<\/title>\n<meta name=\"robots\" content=\"noindex, follow\" \/>\n<meta property=\"og:locale\" content=\"de_DE\" \/>\n<meta property=\"og:type\" content=\"article\" \/>\n<meta property=\"og:title\" content=\"Kodex f\u00fcr Baukultur - Leitfaden &ndash; Institut f\u00fcr Corporate Governance\" \/>\n<meta property=\"og:description\" content=\"Kodex f\u00fcr BaukulturDer Kodex f\u00fcr Baukultur\u00a0des Instituts f\u00fcr Corporate Governance in der deutschen Immobilienwirtschaft und der Bundesstiftung BaukulturDer Begriff Baukultur umfasst die Summe aller menschlichen T\u00e4tigkeiten, die\u00a0unsere gebaute Umwelt ver\u00e4ndern. Er betrifft die architektonische, die\u00a0funktionale und die konstruktive Gestaltung von Geb\u00e4uden, den St\u00e4dte- und\u00a0Siedlungsbau, die Formung von Landschaften, Infrastrukturen und\u00a0\u00f6ffentlichen R\u00e4umen. Baukultur ist auch Prozesskultur [&hellip;]\" \/>\n<meta property=\"og:url\" content=\"https:\/\/icg-institut.de\/de\/kodizes-leitlinien\/kodex-fur-baukultur-leitfaden\/\" \/>\n<meta property=\"og:site_name\" content=\"Institut f\u00fcr Corporate Governance\" \/>\n<meta property=\"article:modified_time\" content=\"2022-01-06T17:34:38+00:00\" \/>\n<meta name=\"twitter:card\" content=\"summary_large_image\" \/>\n<meta name=\"twitter:label1\" content=\"Gesch\u00e4tzte Lesezeit\" \/>\n\t<meta name=\"twitter:data1\" content=\"7 Minuten\" \/>\n<script type=\"application\/ld+json\" class=\"yoast-schema-graph\">{\"@context\":\"https:\/\/schema.org\",\"@graph\":[{\"@type\":\"WebPage\",\"@id\":\"https:\/\/icg-institut.de\/de\/kodizes-leitlinien\/kodex-fur-baukultur-leitfaden\/\",\"url\":\"https:\/\/icg-institut.de\/de\/kodizes-leitlinien\/kodex-fur-baukultur-leitfaden\/\",\"name\":\"Kodex f\u00fcr Baukultur - Leitfaden &ndash; Institut f\u00fcr Corporate Governance\",\"isPartOf\":{\"@id\":\"https:\/\/icg-institut.de\/de\/#website\"},\"datePublished\":\"2021-05-12T14:38:01+00:00\",\"dateModified\":\"2022-01-06T17:34:38+00:00\",\"breadcrumb\":{\"@id\":\"https:\/\/icg-institut.de\/de\/kodizes-leitlinien\/kodex-fur-baukultur-leitfaden\/#breadcrumb\"},\"inLanguage\":\"de-DE\",\"potentialAction\":[{\"@type\":\"ReadAction\",\"target\":[\"https:\/\/icg-institut.de\/de\/kodizes-leitlinien\/kodex-fur-baukultur-leitfaden\/\"]}]},{\"@type\":\"BreadcrumbList\",\"@id\":\"https:\/\/icg-institut.de\/de\/kodizes-leitlinien\/kodex-fur-baukultur-leitfaden\/#breadcrumb\",\"itemListElement\":[{\"@type\":\"ListItem\",\"position\":1,\"name\":\"Startseite\",\"item\":\"https:\/\/icg-institut.de\/de\/\"},{\"@type\":\"ListItem\",\"position\":2,\"name\":\"Kodizes &#038; Leitlinien\",\"item\":\"https:\/\/icg-institut.de\/de\/kodizes-leitlinien\/\"},{\"@type\":\"ListItem\",\"position\":3,\"name\":\"Kodex f\u00fcr Baukultur &#8211; Leitfaden\"}]},{\"@type\":\"WebSite\",\"@id\":\"https:\/\/icg-institut.de\/de\/#website\",\"url\":\"https:\/\/icg-institut.de\/de\/\",\"name\":\"Institut f\u00fcr Corporate Governance\",\"description\":\"Das ICG ist der f\u00fchrende Think und Do-Tank der Immobilienbranche f\u00fcr gute Governance.\",\"publisher\":{\"@id\":\"https:\/\/icg-institut.de\/de\/#organization\"},\"potentialAction\":[{\"@type\":\"SearchAction\",\"target\":{\"@type\":\"EntryPoint\",\"urlTemplate\":\"https:\/\/icg-institut.de\/de\/?s={search_term_string}\"},\"query-input\":\"required name=search_term_string\"}],\"inLanguage\":\"de-DE\"},{\"@type\":\"Organization\",\"@id\":\"https:\/\/icg-institut.de\/de\/#organization\",\"name\":\"ICG Institut\",\"url\":\"https:\/\/icg-institut.de\/de\/\",\"logo\":{\"@type\":\"ImageObject\",\"inLanguage\":\"de-DE\",\"@id\":\"https:\/\/icg-institut.de\/de\/#\/schema\/logo\/image\/\",\"url\":\"https:\/\/icg-institut.de\/wp-content\/uploads\/2020\/10\/Logo_ICG_short_4c_transp.png\",\"contentUrl\":\"https:\/\/icg-institut.de\/wp-content\/uploads\/2020\/10\/Logo_ICG_short_4c_transp.png\",\"width\":6123,\"height\":1987,\"caption\":\"ICG Institut\"},\"image\":{\"@id\":\"https:\/\/icg-institut.de\/de\/#\/schema\/logo\/image\/\"}}]}<\/script>\n<!-- \/ Yoast SEO plugin. -->","yoast_head_json":{"title":"Kodex f\u00fcr Baukultur - Leitfaden &ndash; Institut f\u00fcr Corporate Governance","robots":{"index":"noindex","follow":"follow"},"og_locale":"de_DE","og_type":"article","og_title":"Kodex f\u00fcr Baukultur - Leitfaden &ndash; Institut f\u00fcr Corporate Governance","og_description":"Kodex f\u00fcr BaukulturDer Kodex f\u00fcr Baukultur\u00a0des Instituts f\u00fcr Corporate Governance in der deutschen Immobilienwirtschaft und der Bundesstiftung BaukulturDer Begriff Baukultur umfasst die Summe aller menschlichen T\u00e4tigkeiten, die\u00a0unsere gebaute Umwelt ver\u00e4ndern. Er betrifft die architektonische, die\u00a0funktionale und die konstruktive Gestaltung von Geb\u00e4uden, den St\u00e4dte- und\u00a0Siedlungsbau, die Formung von Landschaften, Infrastrukturen und\u00a0\u00f6ffentlichen R\u00e4umen. Baukultur ist auch Prozesskultur [&hellip;]","og_url":"https:\/\/icg-institut.de\/de\/kodizes-leitlinien\/kodex-fur-baukultur-leitfaden\/","og_site_name":"Institut f\u00fcr Corporate Governance","article_modified_time":"2022-01-06T17:34:38+00:00","twitter_card":"summary_large_image","twitter_misc":{"Gesch\u00e4tzte Lesezeit":"7 Minuten"},"schema":{"@context":"https:\/\/schema.org","@graph":[{"@type":"WebPage","@id":"https:\/\/icg-institut.de\/de\/kodizes-leitlinien\/kodex-fur-baukultur-leitfaden\/","url":"https:\/\/icg-institut.de\/de\/kodizes-leitlinien\/kodex-fur-baukultur-leitfaden\/","name":"Kodex f\u00fcr Baukultur - Leitfaden &ndash; Institut f\u00fcr Corporate Governance","isPartOf":{"@id":"https:\/\/icg-institut.de\/de\/#website"},"datePublished":"2021-05-12T14:38:01+00:00","dateModified":"2022-01-06T17:34:38+00:00","breadcrumb":{"@id":"https:\/\/icg-institut.de\/de\/kodizes-leitlinien\/kodex-fur-baukultur-leitfaden\/#breadcrumb"},"inLanguage":"de-DE","potentialAction":[{"@type":"ReadAction","target":["https:\/\/icg-institut.de\/de\/kodizes-leitlinien\/kodex-fur-baukultur-leitfaden\/"]}]},{"@type":"BreadcrumbList","@id":"https:\/\/icg-institut.de\/de\/kodizes-leitlinien\/kodex-fur-baukultur-leitfaden\/#breadcrumb","itemListElement":[{"@type":"ListItem","position":1,"name":"Startseite","item":"https:\/\/icg-institut.de\/de\/"},{"@type":"ListItem","position":2,"name":"Kodizes &#038; Leitlinien","item":"https:\/\/icg-institut.de\/de\/kodizes-leitlinien\/"},{"@type":"ListItem","position":3,"name":"Kodex f\u00fcr Baukultur &#8211; Leitfaden"}]},{"@type":"WebSite","@id":"https:\/\/icg-institut.de\/de\/#website","url":"https:\/\/icg-institut.de\/de\/","name":"Institut f\u00fcr Corporate Governance","description":"Das ICG ist der f\u00fchrende Think und Do-Tank der Immobilienbranche f\u00fcr gute Governance.","publisher":{"@id":"https:\/\/icg-institut.de\/de\/#organization"},"potentialAction":[{"@type":"SearchAction","target":{"@type":"EntryPoint","urlTemplate":"https:\/\/icg-institut.de\/de\/?s={search_term_string}"},"query-input":"required name=search_term_string"}],"inLanguage":"de-DE"},{"@type":"Organization","@id":"https:\/\/icg-institut.de\/de\/#organization","name":"ICG Institut","url":"https:\/\/icg-institut.de\/de\/","logo":{"@type":"ImageObject","inLanguage":"de-DE","@id":"https:\/\/icg-institut.de\/de\/#\/schema\/logo\/image\/","url":"https:\/\/icg-institut.de\/wp-content\/uploads\/2020\/10\/Logo_ICG_short_4c_transp.png","contentUrl":"https:\/\/icg-institut.de\/wp-content\/uploads\/2020\/10\/Logo_ICG_short_4c_transp.png","width":6123,"height":1987,"caption":"ICG Institut"},"image":{"@id":"https:\/\/icg-institut.de\/de\/#\/schema\/logo\/image\/"}}]}},"_links":{"self":[{"href":"https:\/\/icg-institut.de\/de\/wp-json\/wp\/v2\/pages\/12600"}],"collection":[{"href":"https:\/\/icg-institut.de\/de\/wp-json\/wp\/v2\/pages"}],"about":[{"href":"https:\/\/icg-institut.de\/de\/wp-json\/wp\/v2\/types\/page"}],"author":[{"embeddable":true,"href":"https:\/\/icg-institut.de\/de\/wp-json\/wp\/v2\/users\/2"}],"replies":[{"embeddable":true,"href":"https:\/\/icg-institut.de\/de\/wp-json\/wp\/v2\/comments?post=12600"}],"version-history":[{"count":0,"href":"https:\/\/icg-institut.de\/de\/wp-json\/wp\/v2\/pages\/12600\/revisions"}],"up":[{"embeddable":true,"href":"https:\/\/icg-institut.de\/de\/wp-json\/wp\/v2\/pages\/8666"}],"wp:attachment":[{"href":"https:\/\/icg-institut.de\/de\/wp-json\/wp\/v2\/media?parent=12600"}],"curies":[{"name":"wp","href":"https:\/\/api.w.org\/{rel}","templated":true}]}}