{"id":14151,"date":"2022-01-24T17:58:56","date_gmt":"2022-01-24T17:58:56","guid":{"rendered":"https:\/\/icg-institut.de\/?page_id=14151"},"modified":"2022-02-03T14:06:05","modified_gmt":"2022-02-03T14:06:05","slug":"5-gute-gruende-fuer-eine-mitgliedschaft","status":"publish","type":"page","link":"https:\/\/icg-institut.de\/de\/5-gute-gruende-fuer-eine-mitgliedschaft\/","title":{"rendered":"5 gute Gr\u00fcnde f\u00fcr eine Mitgliedschaft"},"content":{"rendered":"<p>[et_pb_section fb_built=&#8220;1&#8243; fullwidth=&#8220;on&#8220; admin_label=&#8220;Page Header&#8220; _builder_version=&#8220;4.4.4&#8243; background_color=&#8220;#e02b20&#8243; background_image=&#8220;http:\/\/icg-institut.de\/wp-content\/uploads\/2020\/04\/business-07.jpg&#8220; parallax=&#8220;on&#8220; locked=&#8220;off&#8220;][et_pb_fullwidth_header text_orientation=&#8220;center&#8220; admin_label=&#8220;Hero Section&#8220; _builder_version=&#8220;4.4.4&#8243; title_font=&#8220;Montserrat||||||||&#8220; title_font_size=&#8220;60px&#8220; title_line_height=&#8220;1.4em&#8220; content_font_size=&#8220;40px&#8220; content_line_height=&#8220;1.8em&#8220; subhead_font=&#8220;||||&#8220; background_color=&#8220;rgba(255, 255, 255, 0)&#8220; use_background_color_gradient=&#8220;on&#8220; background_color_gradient_start=&#8220;#622b78&#8243; background_color_gradient_end=&#8220;rgba(114,114,219,0.25)&#8220; custom_button_one=&#8220;on&#8220; button_one_text_size=&#8220;16px&#8220; button_one_bg_color=&#8220;#6eba01&#8243; button_one_border_width=&#8220;2px&#8220; button_one_border_color=&#8220;#6eba01&#8243; button_one_border_radius=&#8220;0&#8243; button_one_letter_spacing=&#8220;2&#8243; button_one_font=&#8220;Montserrat|||on|&#8220; button_one_use_icon=&#8220;off&#8220; custom_button_two=&#8220;on&#8220; button_two_text_size=&#8220;16px&#8220; button_two_border_width=&#8220;2px&#8220; button_two_border_color=&#8220;#ffffff&#8220; button_two_border_radius=&#8220;0&#8243; button_two_letter_spacing=&#8220;2&#8243; button_two_font=&#8220;Montserrat|||on|&#8220; button_two_use_icon=&#8220;off&#8220; module_alignment=&#8220;left&#8220; animation_style=&#8220;fade&#8220; hover_enabled=&#8220;0&#8243; button_one_text_color_hover=&#8220;#6eba01&#8243; button_two_text_color_hover=&#8220;#6eba01&#8243; button_one_border_color_hover=&#8220;#ffffff&#8220; button_two_border_color_hover=&#8220;#ffffff&#8220; button_one_border_radius_hover=&#8220;0&#8243; button_two_border_radius_hover=&#8220;0&#8243; button_one_letter_spacing_hover=&#8220;2&#8243; button_two_letter_spacing_hover=&#8220;2&#8243; button_one_bg_color_hover=&#8220;#ffffff&#8220; button_two_bg_color_hover=&#8220;#ffffff&#8220; button_one_text_size__hover_enabled=&#8220;off&#8220; button_two_text_size__hover_enabled=&#8220;off&#8220; button_one_text_color__hover_enabled=&#8220;on&#8220; button_one_text_color__hover=&#8220;#6eba01&#8243; button_two_text_color__hover_enabled=&#8220;on&#8220; button_two_text_color__hover=&#8220;#6eba01&#8243; button_one_border_width__hover_enabled=&#8220;off&#8220; button_two_border_width__hover_enabled=&#8220;off&#8220; button_one_border_color__hover_enabled=&#8220;on&#8220; button_one_border_color__hover=&#8220;#ffffff&#8220; button_two_border_color__hover_enabled=&#8220;on&#8220; button_two_border_color__hover=&#8220;#ffffff&#8220; button_one_border_radius__hover_enabled=&#8220;on&#8220; button_one_border_radius__hover=&#8220;0&#8243; button_two_border_radius__hover_enabled=&#8220;on&#8220; button_two_border_radius__hover=&#8220;0&#8243; button_one_letter_spacing__hover_enabled=&#8220;on&#8220; button_one_letter_spacing__hover=&#8220;2&#8243; button_two_letter_spacing__hover_enabled=&#8220;on&#8220; button_two_letter_spacing__hover=&#8220;2&#8243; button_one_bg_color__hover_enabled=&#8220;on&#8220; button_one_bg_color__hover=&#8220;#ffffff&#8220; button_two_bg_color__hover_enabled=&#8220;on&#8220; button_two_bg_color__hover=&#8220;#ffffff&#8220;]<\/p>\n<p>5 GUTE GR\u00dcNDE F\u00dcR EINE MITGLIEDSCHAFT<\/p>\n<p>[\/et_pb_fullwidth_header][\/et_pb_section][et_pb_section fb_built=&#8220;1&#8243; _builder_version=&#8220;4.4.4&#8243;][et_pb_row _builder_version=&#8220;4.4.4&#8243; column_structure=&#8220;1_2,1_2&#8243;][et_pb_column _builder_version=&#8220;4.4.4&#8243; type=&#8220;1_2&#8243;][et_pb_image src=&#8220;https:\/\/icg-institut.de\/wp-content\/uploads\/2022\/01\/B_RUI8859.jpg&#8220; _builder_version=&#8220;4.4.4&#8243; title_text=&#8220;B_RUI8859&#8243; hover_enabled=&#8220;0&#8243;][\/et_pb_image][\/et_pb_column][et_pb_column _builder_version=&#8220;4.4.4&#8243; type=&#8220;1_2&#8243;][et_pb_text _builder_version=&#8220;4.4.4&#8243; text_font_size=&#8220;18px&#8220; hover_enabled=&#8220;0&#8243;]<\/p>\n<p>1. Wir sind <strong>Deutschlands f\u00fchrende Plattform <\/strong>zum Austausch, Wissenstransfer und zur Weiterbildung f\u00fcr <strong>werteorientierte Unternehmenskultur <\/strong>in der Branche.<\/p>\n<p>2. Die <strong>f\u00fchrenden Unternehmen und Pers\u00f6nlichkeiten<\/strong> der Immobilienwirtschaft sind <strong>Mitglieder<\/strong> und <strong>teilen unsere Werte und Haltung<\/strong>; immer mehr Mitglieder der Immobilienwirtschaft sind <strong>nach unseren Standards zertifiziert<\/strong>.<\/p>\n<p>3. Die Stakeholder sehen eine\u00a0<strong>ICG-Mitgliedschaft<\/strong> und \u2013<strong>Zertifizierung als G\u00fctesiegel<\/strong>.<\/p>\n<p>4. Wir erarbeiten <strong>Instrumente zur Verbesserung und Implementierung von<\/strong> <strong>Corporate-Governance und Compliance <\/strong>gemeinsam mit Branchenvertretern und Wissenschaftlern und sind hierzu weltweit vernetzt.<\/p>\n<p>5. Unseren Service und unsere Produkte stellen wir allen <strong>Branchenteilnehmern <\/strong>deutsch- sowie englischsprachiger L\u00e4nder, <strong>auch Nicht-Mitgliedern<\/strong>, zur Verf\u00fcgung.<\/p>\n<p>[\/et_pb_text][et_pb_button button_url=&#8220;https:\/\/icg-institut.de\/de\/antrag\/&#8220; button_text=&#8220;JETZT ANTRAG STELLEN&#8220; button_alignment=&#8220;center&#8220; admin_label=&#8220;Testimonial Button&#8220; _builder_version=&#8220;4.4.4&#8243; custom_button=&#8220;on&#8220; button_text_size=&#8220;18px&#8220; button_text_color=&#8220;#ffffff&#8220; button_bg_color=&#8220;#5e2272&#8243; button_border_width=&#8220;2px&#8220; button_border_color=&#8220;#5e2272&#8243; button_border_radius=&#8220;0px&#8220; button_letter_spacing=&#8220;2px&#8220; button_font=&#8220;Montserrat|||on|&#8220; button_use_icon=&#8220;off&#8220; custom_margin=&#8220;0px||||false|false&#8220; custom_padding=&#8220;||||false|false&#8220; animation_style=&#8220;fold&#8220; animation_direction=&#8220;bottom&#8220; hover_enabled=&#8220;0&#8243; button_text_color_hover=&#8220;#ffffff&#8220; button_border_color_hover=&#8220;#ffffff&#8220; button_border_radius_hover=&#8220;0px&#8220; button_letter_spacing_hover=&#8220;2px&#8220; button_bg_color_hover=&#8220;rgba(255,255,255,0)&#8220; locked=&#8220;off&#8220; button_text_size__hover_enabled=&#8220;off&#8220; button_one_text_size__hover_enabled=&#8220;off&#8220; button_two_text_size__hover_enabled=&#8220;off&#8220; button_text_color__hover_enabled=&#8220;on&#8220; button_text_color__hover=&#8220;#5e2272&#8243; button_one_text_color__hover_enabled=&#8220;off&#8220; button_two_text_color__hover_enabled=&#8220;off&#8220; button_border_width__hover_enabled=&#8220;off&#8220; button_one_border_width__hover_enabled=&#8220;off&#8220; button_two_border_width__hover_enabled=&#8220;off&#8220; button_border_color__hover_enabled=&#8220;on|hover&#8220; button_border_color__hover=&#8220;#5e2272&#8243; button_one_border_color__hover_enabled=&#8220;off&#8220; button_two_border_color__hover_enabled=&#8220;off&#8220; button_border_radius__hover_enabled=&#8220;on&#8220; button_border_radius__hover=&#8220;0px&#8220; button_one_border_radius__hover_enabled=&#8220;off&#8220; button_two_border_radius__hover_enabled=&#8220;off&#8220; button_letter_spacing__hover_enabled=&#8220;on&#8220; button_letter_spacing__hover=&#8220;2px&#8220; button_one_letter_spacing__hover_enabled=&#8220;off&#8220; button_two_letter_spacing__hover_enabled=&#8220;off&#8220; button_bg_color__hover_enabled=&#8220;on&#8220; button_bg_color__hover=&#8220;rgba(255,255,255,0)&#8220; button_one_bg_color__hover_enabled=&#8220;off&#8220; button_two_bg_color__hover_enabled=&#8220;off&#8220;][\/et_pb_button][\/et_pb_column][\/et_pb_row][\/et_pb_section]<\/p>\n","protected":false},"excerpt":{"rendered":"<p>5 GUTE GR\u00dcNDE F\u00dcR EINE MITGLIEDSCHAFT 1. Wir sind Deutschlands f\u00fchrende Plattform zum Austausch, Wissenstransfer und zur Weiterbildung f\u00fcr werteorientierte Unternehmenskultur in der Branche. 2. Die f\u00fchrenden Unternehmen und Pers\u00f6nlichkeiten der Immobilienwirtschaft sind Mitglieder und teilen unsere Werte und Haltung; immer mehr Mitglieder der Immobilienwirtschaft sind nach unseren Standards zertifiziert. 3. Die Stakeholder sehen eine\u00a0ICG-Mitgliedschaft [&hellip;]<\/p>\n","protected":false},"author":2,"featured_media":0,"parent":0,"menu_order":0,"comment_status":"closed","ping_status":"closed","template":"","meta":{"_et_pb_use_builder":"on","_et_pb_old_content":"<!-- wp:divi\/placeholder \/-->","_et_gb_content_width":""},"yoast_head":"<!-- This site is optimized with the Yoast SEO plugin v20.6 - https:\/\/yoast.com\/wordpress\/plugins\/seo\/ -->\n<title>5 gute Gr\u00fcnde f\u00fcr eine Mitgliedschaft &ndash; Institut f\u00fcr Corporate Governance<\/title>\n<meta name=\"robots\" content=\"index, follow, max-snippet:-1, max-image-preview:large, max-video-preview:-1\" \/>\n<link rel=\"canonical\" href=\"https:\/\/icg-institut.de\/de\/5-gute-gruende-fuer-eine-mitgliedschaft\/\" \/>\n<meta property=\"og:locale\" content=\"de_DE\" \/>\n<meta property=\"og:type\" content=\"article\" \/>\n<meta property=\"og:title\" content=\"5 gute Gr\u00fcnde f\u00fcr eine Mitgliedschaft &ndash; Institut f\u00fcr Corporate Governance\" \/>\n<meta property=\"og:description\" content=\"5 GUTE GR\u00dcNDE F\u00dcR EINE MITGLIEDSCHAFT 1. Wir sind Deutschlands f\u00fchrende Plattform zum Austausch, Wissenstransfer und zur Weiterbildung f\u00fcr werteorientierte Unternehmenskultur in der Branche. 2. Die f\u00fchrenden Unternehmen und Pers\u00f6nlichkeiten der Immobilienwirtschaft sind Mitglieder und teilen unsere Werte und Haltung; immer mehr Mitglieder der Immobilienwirtschaft sind nach unseren Standards zertifiziert. 3. Die Stakeholder sehen eine\u00a0ICG-Mitgliedschaft [&hellip;]\" \/>\n<meta property=\"og:url\" content=\"https:\/\/icg-institut.de\/de\/5-gute-gruende-fuer-eine-mitgliedschaft\/\" \/>\n<meta property=\"og:site_name\" content=\"Institut f\u00fcr Corporate Governance\" \/>\n<meta property=\"article:modified_time\" content=\"2022-02-03T14:06:05+00:00\" \/>\n<meta name=\"twitter:card\" content=\"summary_large_image\" \/>\n<meta name=\"twitter:label1\" content=\"Gesch\u00e4tzte Lesezeit\" \/>\n\t<meta name=\"twitter:data1\" content=\"4 Minuten\" \/>\n<script type=\"application\/ld+json\" class=\"yoast-schema-graph\">{\"@context\":\"https:\/\/schema.org\",\"@graph\":[{\"@type\":\"WebPage\",\"@id\":\"https:\/\/icg-institut.de\/de\/5-gute-gruende-fuer-eine-mitgliedschaft\/\",\"url\":\"https:\/\/icg-institut.de\/de\/5-gute-gruende-fuer-eine-mitgliedschaft\/\",\"name\":\"5 gute Gr\u00fcnde f\u00fcr eine Mitgliedschaft &ndash; Institut f\u00fcr Corporate Governance\",\"isPartOf\":{\"@id\":\"https:\/\/icg-institut.de\/de\/#website\"},\"datePublished\":\"2022-01-24T17:58:56+00:00\",\"dateModified\":\"2022-02-03T14:06:05+00:00\",\"breadcrumb\":{\"@id\":\"https:\/\/icg-institut.de\/de\/5-gute-gruende-fuer-eine-mitgliedschaft\/#breadcrumb\"},\"inLanguage\":\"de-DE\",\"potentialAction\":[{\"@type\":\"ReadAction\",\"target\":[\"https:\/\/icg-institut.de\/de\/5-gute-gruende-fuer-eine-mitgliedschaft\/\"]}]},{\"@type\":\"BreadcrumbList\",\"@id\":\"https:\/\/icg-institut.de\/de\/5-gute-gruende-fuer-eine-mitgliedschaft\/#breadcrumb\",\"itemListElement\":[{\"@type\":\"ListItem\",\"position\":1,\"name\":\"Startseite\",\"item\":\"https:\/\/icg-institut.de\/de\/\"},{\"@type\":\"ListItem\",\"position\":2,\"name\":\"5 gute Gr\u00fcnde f\u00fcr eine Mitgliedschaft\"}]},{\"@type\":\"WebSite\",\"@id\":\"https:\/\/icg-institut.de\/de\/#website\",\"url\":\"https:\/\/icg-institut.de\/de\/\",\"name\":\"Institut f\u00fcr Corporate Governance\",\"description\":\"Das ICG ist der f\u00fchrende Think und Do-Tank der Immobilienbranche f\u00fcr gute Governance.\",\"publisher\":{\"@id\":\"https:\/\/icg-institut.de\/de\/#organization\"},\"potentialAction\":[{\"@type\":\"SearchAction\",\"target\":{\"@type\":\"EntryPoint\",\"urlTemplate\":\"https:\/\/icg-institut.de\/de\/?s={search_term_string}\"},\"query-input\":\"required name=search_term_string\"}],\"inLanguage\":\"de-DE\"},{\"@type\":\"Organization\",\"@id\":\"https:\/\/icg-institut.de\/de\/#organization\",\"name\":\"ICG Institut\",\"url\":\"https:\/\/icg-institut.de\/de\/\",\"logo\":{\"@type\":\"ImageObject\",\"inLanguage\":\"de-DE\",\"@id\":\"https:\/\/icg-institut.de\/de\/#\/schema\/logo\/image\/\",\"url\":\"https:\/\/icg-institut.de\/wp-content\/uploads\/2020\/10\/Logo_ICG_short_4c_transp.png\",\"contentUrl\":\"https:\/\/icg-institut.de\/wp-content\/uploads\/2020\/10\/Logo_ICG_short_4c_transp.png\",\"width\":6123,\"height\":1987,\"caption\":\"ICG Institut\"},\"image\":{\"@id\":\"https:\/\/icg-institut.de\/de\/#\/schema\/logo\/image\/\"}}]}<\/script>\n<!-- \/ Yoast SEO plugin. -->","yoast_head_json":{"title":"5 gute Gr\u00fcnde f\u00fcr eine Mitgliedschaft &ndash; Institut f\u00fcr Corporate Governance","robots":{"index":"index","follow":"follow","max-snippet":"max-snippet:-1","max-image-preview":"max-image-preview:large","max-video-preview":"max-video-preview:-1"},"canonical":"https:\/\/icg-institut.de\/de\/5-gute-gruende-fuer-eine-mitgliedschaft\/","og_locale":"de_DE","og_type":"article","og_title":"5 gute Gr\u00fcnde f\u00fcr eine Mitgliedschaft &ndash; Institut f\u00fcr Corporate Governance","og_description":"5 GUTE GR\u00dcNDE F\u00dcR EINE MITGLIEDSCHAFT 1. Wir sind Deutschlands f\u00fchrende Plattform zum Austausch, Wissenstransfer und zur Weiterbildung f\u00fcr werteorientierte Unternehmenskultur in der Branche. 2. Die f\u00fchrenden Unternehmen und Pers\u00f6nlichkeiten der Immobilienwirtschaft sind Mitglieder und teilen unsere Werte und Haltung; immer mehr Mitglieder der Immobilienwirtschaft sind nach unseren Standards zertifiziert. 3. Die Stakeholder sehen eine\u00a0ICG-Mitgliedschaft [&hellip;]","og_url":"https:\/\/icg-institut.de\/de\/5-gute-gruende-fuer-eine-mitgliedschaft\/","og_site_name":"Institut f\u00fcr Corporate Governance","article_modified_time":"2022-02-03T14:06:05+00:00","twitter_card":"summary_large_image","twitter_misc":{"Gesch\u00e4tzte Lesezeit":"4 Minuten"},"schema":{"@context":"https:\/\/schema.org","@graph":[{"@type":"WebPage","@id":"https:\/\/icg-institut.de\/de\/5-gute-gruende-fuer-eine-mitgliedschaft\/","url":"https:\/\/icg-institut.de\/de\/5-gute-gruende-fuer-eine-mitgliedschaft\/","name":"5 gute Gr\u00fcnde f\u00fcr eine Mitgliedschaft &ndash; Institut f\u00fcr Corporate Governance","isPartOf":{"@id":"https:\/\/icg-institut.de\/de\/#website"},"datePublished":"2022-01-24T17:58:56+00:00","dateModified":"2022-02-03T14:06:05+00:00","breadcrumb":{"@id":"https:\/\/icg-institut.de\/de\/5-gute-gruende-fuer-eine-mitgliedschaft\/#breadcrumb"},"inLanguage":"de-DE","potentialAction":[{"@type":"ReadAction","target":["https:\/\/icg-institut.de\/de\/5-gute-gruende-fuer-eine-mitgliedschaft\/"]}]},{"@type":"BreadcrumbList","@id":"https:\/\/icg-institut.de\/de\/5-gute-gruende-fuer-eine-mitgliedschaft\/#breadcrumb","itemListElement":[{"@type":"ListItem","position":1,"name":"Startseite","item":"https:\/\/icg-institut.de\/de\/"},{"@type":"ListItem","position":2,"name":"5 gute Gr\u00fcnde f\u00fcr eine Mitgliedschaft"}]},{"@type":"WebSite","@id":"https:\/\/icg-institut.de\/de\/#website","url":"https:\/\/icg-institut.de\/de\/","name":"Institut f\u00fcr Corporate Governance","description":"Das ICG ist der f\u00fchrende Think und Do-Tank der Immobilienbranche f\u00fcr gute Governance.","publisher":{"@id":"https:\/\/icg-institut.de\/de\/#organization"},"potentialAction":[{"@type":"SearchAction","target":{"@type":"EntryPoint","urlTemplate":"https:\/\/icg-institut.de\/de\/?s={search_term_string}"},"query-input":"required name=search_term_string"}],"inLanguage":"de-DE"},{"@type":"Organization","@id":"https:\/\/icg-institut.de\/de\/#organization","name":"ICG Institut","url":"https:\/\/icg-institut.de\/de\/","logo":{"@type":"ImageObject","inLanguage":"de-DE","@id":"https:\/\/icg-institut.de\/de\/#\/schema\/logo\/image\/","url":"https:\/\/icg-institut.de\/wp-content\/uploads\/2020\/10\/Logo_ICG_short_4c_transp.png","contentUrl":"https:\/\/icg-institut.de\/wp-content\/uploads\/2020\/10\/Logo_ICG_short_4c_transp.png","width":6123,"height":1987,"caption":"ICG Institut"},"image":{"@id":"https:\/\/icg-institut.de\/de\/#\/schema\/logo\/image\/"}}]}},"_links":{"self":[{"href":"https:\/\/icg-institut.de\/de\/wp-json\/wp\/v2\/pages\/14151"}],"collection":[{"href":"https:\/\/icg-institut.de\/de\/wp-json\/wp\/v2\/pages"}],"about":[{"href":"https:\/\/icg-institut.de\/de\/wp-json\/wp\/v2\/types\/page"}],"author":[{"embeddable":true,"href":"https:\/\/icg-institut.de\/de\/wp-json\/wp\/v2\/users\/2"}],"replies":[{"embeddable":true,"href":"https:\/\/icg-institut.de\/de\/wp-json\/wp\/v2\/comments?post=14151"}],"version-history":[{"count":0,"href":"https:\/\/icg-institut.de\/de\/wp-json\/wp\/v2\/pages\/14151\/revisions"}],"wp:attachment":[{"href":"https:\/\/icg-institut.de\/de\/wp-json\/wp\/v2\/media?parent=14151"}],"curies":[{"name":"wp","href":"https:\/\/api.w.org\/{rel}","templated":true}]}}