{"id":14659,"date":"2022-03-14T11:12:28","date_gmt":"2022-03-14T11:12:28","guid":{"rendered":"https:\/\/icg-institut.de\/?page_id=14659"},"modified":"2023-11-02T14:03:55","modified_gmt":"2023-11-02T14:03:55","slug":"unternehmenskultur-didaktik","status":"publish","type":"page","link":"https:\/\/icg-institut.de\/de\/compliance-losungen\/unternehmenskultur-didaktik\/","title":{"rendered":"Unternehmenskultur &#038; Didaktik"},"content":{"rendered":"<p>[et_pb_section fb_built=&#8220;1&#8243; fullwidth=&#8220;on&#8220; admin_label=&#8220;Page Header&#8220; _builder_version=&#8220;4.16&#8243; background_color=&#8220;#e02b20&#8243; background_image=&#8220;https:\/\/icg-institut.de\/wp-content\/uploads\/2020\/04\/business-07.jpg&#8220; parallax=&#8220;on&#8220; locked=&#8220;off&#8220; global_colors_info=&#8220;{}&#8220;][et_pb_fullwidth_header text_orientation=&#8220;center&#8220; admin_label=&#8220;Hero Section&#8220; _builder_version=&#8220;4.16&#8243; title_font=&#8220;Montserrat||||||||&#8220; title_font_size=&#8220;60px&#8220; title_line_height=&#8220;1.4em&#8220; content_font_size=&#8220;40px&#8220; content_line_height=&#8220;1.8em&#8220; subhead_font=&#8220;||||&#8220; background_color=&#8220;rgba(255, 255, 255, 0)&#8220; use_background_color_gradient=&#8220;on&#8220; background_color_gradient_stops=&#8220;#622b78 0%|rgba(114,114,219,0.25) 100%&#8220; background_color_gradient_start=&#8220;#622b78&#8243; background_color_gradient_end=&#8220;rgba(114,114,219,0.25)&#8220; custom_button_one=&#8220;on&#8220; button_one_text_size=&#8220;16px&#8220; button_one_bg_color=&#8220;#6eba01&#8243; button_one_border_width=&#8220;2px&#8220; button_one_border_color=&#8220;#6eba01&#8243; button_one_border_radius=&#8220;0&#8243; button_one_letter_spacing=&#8220;2&#8243; button_one_font=&#8220;Montserrat|||on|&#8220; button_one_use_icon=&#8220;off&#8220; custom_button_two=&#8220;on&#8220; button_two_text_size=&#8220;16px&#8220; button_two_border_width=&#8220;2px&#8220; button_two_border_color=&#8220;#ffffff&#8220; button_two_border_radius=&#8220;0&#8243; button_two_letter_spacing=&#8220;2&#8243; button_two_font=&#8220;Montserrat|||on|&#8220; button_two_use_icon=&#8220;off&#8220; module_alignment=&#8220;left&#8220; animation_style=&#8220;fade&#8220; content_font_size_tablet=&#8220;&#8220; content_font_size_phone=&#8220;28px&#8220; content_font_size_last_edited=&#8220;on|phone&#8220; button_one_text_color_hover=&#8220;#6eba01&#8243; button_two_text_color_hover=&#8220;#6eba01&#8243; button_one_border_color_hover=&#8220;#ffffff&#8220; button_two_border_color_hover=&#8220;#ffffff&#8220; button_one_border_radius_hover=&#8220;0&#8243; button_two_border_radius_hover=&#8220;0&#8243; button_one_letter_spacing_hover=&#8220;2&#8243; button_two_letter_spacing_hover=&#8220;2&#8243; button_one_bg_color_hover=&#8220;#ffffff&#8220; button_two_bg_color_hover=&#8220;#ffffff&#8220; global_colors_info=&#8220;{}&#8220; button_one_text_size__hover_enabled=&#8220;off&#8220; button_two_text_size__hover_enabled=&#8220;off&#8220; button_one_text_color__hover_enabled=&#8220;on&#8220; button_one_text_color__hover=&#8220;#6eba01&#8243; button_two_text_color__hover_enabled=&#8220;on&#8220; button_two_text_color__hover=&#8220;#6eba01&#8243; button_one_border_width__hover_enabled=&#8220;off&#8220; button_two_border_width__hover_enabled=&#8220;off&#8220; button_one_border_color__hover_enabled=&#8220;on&#8220; button_one_border_color__hover=&#8220;#ffffff&#8220; button_two_border_color__hover_enabled=&#8220;on&#8220; button_two_border_color__hover=&#8220;#ffffff&#8220; button_one_border_radius__hover_enabled=&#8220;on&#8220; button_one_border_radius__hover=&#8220;0&#8243; button_two_border_radius__hover_enabled=&#8220;on&#8220; button_two_border_radius__hover=&#8220;0&#8243; button_one_letter_spacing__hover_enabled=&#8220;on&#8220; button_one_letter_spacing__hover=&#8220;2&#8243; button_two_letter_spacing__hover_enabled=&#8220;on&#8220; button_two_letter_spacing__hover=&#8220;2&#8243; button_one_bg_color__hover_enabled=&#8220;on&#8220; button_one_bg_color__hover=&#8220;#ffffff&#8220; button_two_bg_color__hover_enabled=&#8220;on&#8220; button_two_bg_color__hover=&#8220;#ffffff&#8220;]<\/p>\n<p>UNTERNEHMENSKULTUR &amp; DIDAKTIK<\/p>\n<p>[\/et_pb_fullwidth_header][\/et_pb_section][et_pb_section fb_built=&#8220;1&#8243; _builder_version=&#8220;4.16&#8243; global_colors_info=&#8220;{}&#8220;][et_pb_row column_structure=&#8220;2_5,3_5&#8243; _builder_version=&#8220;4.22.2&#8243; _module_preset=&#8220;default&#8220; global_colors_info=&#8220;{}&#8220;][et_pb_column type=&#8220;2_5&#8243; _builder_version=&#8220;4.22.2&#8243; _module_preset=&#8220;default&#8220; global_colors_info=&#8220;{}&#8220;][et_pb_image src=&#8220;https:\/\/icg-institut.de\/wp-content\/uploads\/2022\/03\/Zeitgemaesse-Compliance-in-der-immowirtschaft.png&#8220; title_text=&#8220;Zeitgem\u00e4\u00dfe Compliance in der immowirtschaft&#8220; url=&#8220;https:\/\/icg-institut.de\/wp-content\/uploads\/2020\/07\/Zeitgema%CC%88%C3%9Fe-Compliance-161219.pdf&#8220; url_new_window=&#8220;on&#8220; _builder_version=&#8220;4.22.2&#8243; _module_preset=&#8220;default&#8220; hover_enabled=&#8220;0&#8243; box_shadow_style=&#8220;preset2&#8243; box_shadow_color=&#8220;rgba(98,44,121,0.34)&#8220; global_colors_info=&#8220;{}&#8220; use_overlay=&#8220;on&#8220; overlay_icon_color=&#8220;#FFFFFF&#8220; hover_icon=&#8220;&#x69;||divi||400&#8243; hover_overlay_color=&#8220;rgba(98,44,121,0.74)&#8220; sticky_enabled=&#8220;0&#8243;][\/et_pb_image][\/et_pb_column][et_pb_column type=&#8220;3_5&#8243; _builder_version=&#8220;4.22.2&#8243; _module_preset=&#8220;default&#8220; global_colors_info=&#8220;{}&#8220;][et_pb_text _builder_version=&#8220;4.22.2&#8243; _module_preset=&#8220;default&#8220; global_colors_info=&#8220;{}&#8220;]<\/p>\n<h2>Zeitgem\u00e4\u00dfe Compliance in der Immobilienwirtschaft \u2022 Ein Leitfaden<\/h2>\n<p>[\/et_pb_text][et_pb_text _builder_version=&#8220;4.22.2&#8243; _module_preset=&#8220;default&#8220; global_colors_info=&#8220;{}&#8220;]<\/p>\n<p>Der Leitfaden zeigt auf, wie das Thema <strong>Compliance<\/strong> noch st\u00e4rker in eine bestehende Unternehmenskultur eingebettet werden kann und wie bereits bestehende Compliance-Bem\u00fchungen und Systeme mit zielgerichteten Ma\u00dfnahmen weiterzuentwickeln sind, um ihre Akzeptanz und Effektivit\u00e4t zu erh\u00f6hen. <\/p>\n<p>Hierzu wurden 7 Thesen und entsprechende Handlungsempfehlungen entwickelt.<\/p>\n<p>[\/et_pb_text][et_pb_button button_url=&#8220;https:\/\/icg-institut.de\/wp-content\/uploads\/2020\/07\/Zeitgema%CC%88%C3%9Fe-Compliance-161219.pdf&#8220; url_new_window=&#8220;on&#8220; button_text=&#8220;PDF ansehen&#8220; _builder_version=&#8220;4.22.2&#8243; _module_preset=&#8220;default&#8220; global_colors_info=&#8220;{}&#8220;][\/et_pb_button][\/et_pb_column][\/et_pb_row][et_pb_row column_structure=&#8220;2_5,3_5&#8243; _builder_version=&#8220;4.22.2&#8243; _module_preset=&#8220;default&#8220; custom_padding=&#8220;75px||||false|false&#8220; global_colors_info=&#8220;{}&#8220;][et_pb_column type=&#8220;2_5&#8243; _builder_version=&#8220;4.22.2&#8243; _module_preset=&#8220;default&#8220; global_colors_info=&#8220;{}&#8220;][et_pb_image src=&#8220;https:\/\/icg-institut.de\/wp-content\/uploads\/2023\/11\/ICGCompliance-Culture-Check_Leitfaden-1.jpg&#8220; title_text=&#8220;ICGCompliance-Culture-Check_Leitfaden-1&#8243; url=&#8220;https:\/\/icg-institut.de\/wp-content\/uploads\/2023\/11\/ICGCompliance-Culture-Check_Leitfaden.pdf&#8220; url_new_window=&#8220;on&#8220; _builder_version=&#8220;4.22.2&#8243; _module_preset=&#8220;default&#8220; hover_enabled=&#8220;0&#8243; box_shadow_style=&#8220;preset2&#8243; box_shadow_color=&#8220;rgba(98,44,121,0.34)&#8220; global_colors_info=&#8220;{}&#8220; use_overlay=&#8220;on&#8220; overlay_icon_color=&#8220;#FFFFFF&#8220; hover_overlay_color=&#8220;rgba(98,44,121,0.76)&#8220; hover_icon=&#8220;&#x69;||divi||400&#8243; sticky_enabled=&#8220;0&#8243;][\/et_pb_image][\/et_pb_column][et_pb_column type=&#8220;3_5&#8243; _builder_version=&#8220;4.22.2&#8243; _module_preset=&#8220;default&#8220; global_colors_info=&#8220;{}&#8220;][et_pb_text _builder_version=&#8220;4.22.2&#8243; _module_preset=&#8220;default&#8220; global_colors_info=&#8220;{}&#8220;]<\/p>\n<h2>ICG Compliance-Culture-Check (CCC) \u2022 Praxisleitfaden<\/h2>\n<p>[\/et_pb_text][et_pb_text _builder_version=&#8220;4.22.2&#8243; _module_preset=&#8220;default&#8220; global_colors_info=&#8220;{}&#8220;]<\/p>\n<p>Der neue <strong>Compliance-Culture-Check<\/strong> des ICG, unser neues <strong>Evaluierungstool<\/strong> zur St\u00e4rkung der Wirksamkeit Ihres Compliance-Management-Systems.<\/p>\n<p>Der neue <strong>Compliance-Culture-Check<\/strong> gibt Ihnen die M\u00f6glichkeit, auf effiziente Weise die aktuelle Auspr\u00e4gung der Compliance-Kultur in Ihrem Unternehmen bzw. in den verschiedenen Bereichen Ihres Unternehmens zu erheben. Die Ergebnisse dieser Evaluierung dienen dazu, die f\u00fcr Ihr Unternehmen passenden Ma\u00dfnahmen (next steps) zur St\u00e4rkung der Compliance-Kultur zu identifizieren und umzusetzen.<\/p>\n<p>Da jedes Unternehmen, wie auch jeder Unternehmensbereich, \u00fcber eine ganz spezifische Unternehmenskultur und damit auch \u00fcber eine ganz spezifische Compliance-Kultur verf\u00fcgt, k\u00f6nnen stimmige Ma\u00dfnahmen zur St\u00e4rkung der Compliance-Kultur grunds\u00e4tzlich nicht von au\u00dfen vorgegeben werden, sondern m\u00fcssen in einem internen Prozess unternehmensspezifisch identifiziert und umgesetzt werden. Eine geeignete Grundlage daf\u00fcr ist eine Evaluierung der Compliance-Kultur durch unseren <strong>Compliance-Culture-Check<\/strong>.<\/p>\n<p>Der <strong>Compliance-Culture-Check<\/strong> wurde in Zusammenarbeit zwischen dem <strong>ICG-Arbeitskreis Compliance<\/strong> und dem <strong>Risk and Compliance Research Center (RCRC) an der Universit\u00e4t M\u00fcnster<\/strong> entwickelt. Die Evaluierung der Compliance-Kultur erfolgt durch eine Web-gest\u00fctzte Abfrage der Wahrnehmungen Ihrer Mitarbeitenden zu insgesamt 14 Aussagen (Items), die sich auf die drei besonders relevanten Dimensionen der Compliance-Kultur \u201eKommunikation\u201c, \u201eTransparenz\u201c und \u201eErf\u00fcllbarkeit\u201c beziehen.<\/p>\n<p>Der Einsatz des <strong>Evaluierungstools<\/strong> erfolgt auf der Grundlage eines Vertrages zwischen dem teilnehmenden Unternehmen und dem RCRC ohne Einbindung des ICG. Das RCRC unterst\u00fctzt bei der Durchf\u00fchrung der Abfrage und stellt das Ergebnis der Evaluierung zur Verf\u00fcgung. Die Einzelheiten (u.a. zu den anfallenden Kosten und zum Umgang und Schutz der Unternehmensdaten) im Praxisleitfaden erl\u00e4utert.<\/p>\n<p>Wir haben Ihr Interesse geweckt? F\u00fcr weitere Erl\u00e4uterungen und Fragen melden Sie sich hierzu gerne bei Frau Christin Grabow (grabow@icg-institut.de).<\/p>\n<p>[\/et_pb_text][et_pb_button button_url=&#8220;https:\/\/icg-institut.de\/wp-content\/uploads\/2023\/11\/ICGCompliance-Culture-Check_Leitfaden.pdf&#8220; url_new_window=&#8220;on&#8220; button_text=&#8220;PDF ansehen&#8220; _builder_version=&#8220;4.22.2&#8243; _module_preset=&#8220;default&#8220; global_colors_info=&#8220;{}&#8220;][\/et_pb_button][\/et_pb_column][\/et_pb_row][et_pb_row _builder_version=&#8220;4.16&#8243; locked=&#8220;off&#8220; global_colors_info=&#8220;{}&#8220;][et_pb_column type=&#8220;4_4&#8243; _builder_version=&#8220;4.16&#8243; global_colors_info=&#8220;{}&#8220;][et_pb_button button_url=&#8220;https:\/\/icg-institut.de\/de\/compliance-losungen\/&#8220; button_text=&#8220;Zur\u00fcck zur \u00fcbersicht&#8220; button_alignment=&#8220;center&#8220; admin_label=&#8220;Testimonial Button&#8220; _builder_version=&#8220;4.16&#8243; custom_button=&#8220;on&#8220; button_text_size=&#8220;18px&#8220; button_text_color=&#8220;#ffffff&#8220; button_bg_color=&#8220;#5e2272&#8243; button_border_width=&#8220;2px&#8220; button_border_color=&#8220;#5e2272&#8243; button_border_radius=&#8220;0px&#8220; button_letter_spacing=&#8220;2px&#8220; button_font=&#8220;Montserrat|||on|&#8220; button_use_icon=&#8220;off&#8220; custom_margin=&#8220;20px||||false|false&#8220; custom_padding=&#8220;||||false|false&#8220; animation_style=&#8220;fold&#8220; animation_direction=&#8220;bottom&#8220; button_text_color_hover=&#8220;#ffffff&#8220; button_border_color_hover=&#8220;#ffffff&#8220; button_border_radius_hover=&#8220;0px&#8220; button_letter_spacing_hover=&#8220;2px&#8220; button_bg_color_hover=&#8220;rgba(255,255,255,0)&#8220; locked=&#8220;off&#8220; global_colors_info=&#8220;{}&#8220; button_text_size__hover_enabled=&#8220;off&#8220; button_one_text_size__hover_enabled=&#8220;off&#8220; button_two_text_size__hover_enabled=&#8220;off&#8220; button_text_color__hover_enabled=&#8220;on&#8220; button_text_color__hover=&#8220;#5e2272&#8243; button_one_text_color__hover_enabled=&#8220;off&#8220; button_two_text_color__hover_enabled=&#8220;off&#8220; button_border_width__hover_enabled=&#8220;off&#8220; button_one_border_width__hover_enabled=&#8220;off&#8220; button_two_border_width__hover_enabled=&#8220;off&#8220; button_border_color__hover_enabled=&#8220;on|hover&#8220; button_border_color__hover=&#8220;#5e2272&#8243; button_one_border_color__hover_enabled=&#8220;off&#8220; button_two_border_color__hover_enabled=&#8220;off&#8220; button_border_radius__hover_enabled=&#8220;on&#8220; button_border_radius__hover=&#8220;0px&#8220; button_one_border_radius__hover_enabled=&#8220;off&#8220; button_two_border_radius__hover_enabled=&#8220;off&#8220; button_letter_spacing__hover_enabled=&#8220;on&#8220; button_letter_spacing__hover=&#8220;2px&#8220; button_one_letter_spacing__hover_enabled=&#8220;off&#8220; button_two_letter_spacing__hover_enabled=&#8220;off&#8220; button_bg_color__hover_enabled=&#8220;on&#8220; button_bg_color__hover=&#8220;rgba(255,255,255,0)&#8220; button_one_bg_color__hover_enabled=&#8220;off&#8220; button_two_bg_color__hover_enabled=&#8220;off&#8220;][\/et_pb_button][\/et_pb_column][\/et_pb_row][\/et_pb_section]<\/p>\n","protected":false},"excerpt":{"rendered":"<p>UNTERNEHMENSKULTUR &amp; DIDAKTIKZeitgem\u00e4\u00dfe Compliance in der Immobilienwirtschaft \u2022 Ein LeitfadenDer Leitfaden zeigt auf, wie das Thema Compliance noch st\u00e4rker in eine bestehende Unternehmenskultur eingebettet werden kann und wie bereits bestehende Compliance-Bem\u00fchungen und Systeme mit zielgerichteten Ma\u00dfnahmen weiterzuentwickeln sind, um ihre Akzeptanz und Effektivit\u00e4t zu erh\u00f6hen. Hierzu wurden 7 Thesen und entsprechende Handlungsempfehlungen entwickelt.ICG Compliance-Culture-Check (CCC) [&hellip;]<\/p>\n","protected":false},"author":2,"featured_media":0,"parent":14505,"menu_order":0,"comment_status":"closed","ping_status":"closed","template":"","meta":{"_et_pb_use_builder":"on","_et_pb_old_content":"","_et_gb_content_width":""},"yoast_head":"<!-- This site is optimized with the Yoast SEO plugin v20.6 - https:\/\/yoast.com\/wordpress\/plugins\/seo\/ -->\n<title>Unternehmenskultur &amp; Didaktik &ndash; Institut f\u00fcr Corporate Governance<\/title>\n<meta name=\"robots\" content=\"index, follow, max-snippet:-1, max-image-preview:large, max-video-preview:-1\" \/>\n<link rel=\"canonical\" href=\"https:\/\/icg-institut.de\/de\/compliance-losungen\/unternehmenskultur-didaktik\/\" \/>\n<meta property=\"og:locale\" content=\"de_DE\" \/>\n<meta property=\"og:type\" content=\"article\" \/>\n<meta property=\"og:title\" content=\"Unternehmenskultur &amp; Didaktik &ndash; Institut f\u00fcr Corporate Governance\" \/>\n<meta property=\"og:description\" content=\"UNTERNEHMENSKULTUR &amp; DIDAKTIKZeitgem\u00e4\u00dfe Compliance in der Immobilienwirtschaft \u2022 Ein LeitfadenDer Leitfaden zeigt auf, wie das Thema Compliance noch st\u00e4rker in eine bestehende Unternehmenskultur eingebettet werden kann und wie bereits bestehende Compliance-Bem\u00fchungen und Systeme mit zielgerichteten Ma\u00dfnahmen weiterzuentwickeln sind, um ihre Akzeptanz und Effektivit\u00e4t zu erh\u00f6hen. Hierzu wurden 7 Thesen und entsprechende Handlungsempfehlungen entwickelt.ICG Compliance-Culture-Check (CCC) [&hellip;]\" \/>\n<meta property=\"og:url\" content=\"https:\/\/icg-institut.de\/de\/compliance-losungen\/unternehmenskultur-didaktik\/\" \/>\n<meta property=\"og:site_name\" content=\"Institut f\u00fcr Corporate Governance\" \/>\n<meta property=\"article:modified_time\" content=\"2023-11-02T14:03:55+00:00\" \/>\n<meta name=\"twitter:card\" content=\"summary_large_image\" \/>\n<meta name=\"twitter:label1\" content=\"Gesch\u00e4tzte Lesezeit\" \/>\n\t<meta name=\"twitter:data1\" content=\"7 Minuten\" \/>\n<script type=\"application\/ld+json\" class=\"yoast-schema-graph\">{\"@context\":\"https:\/\/schema.org\",\"@graph\":[{\"@type\":\"WebPage\",\"@id\":\"https:\/\/icg-institut.de\/de\/compliance-losungen\/unternehmenskultur-didaktik\/\",\"url\":\"https:\/\/icg-institut.de\/de\/compliance-losungen\/unternehmenskultur-didaktik\/\",\"name\":\"Unternehmenskultur & Didaktik &ndash; Institut f\u00fcr Corporate Governance\",\"isPartOf\":{\"@id\":\"https:\/\/icg-institut.de\/de\/#website\"},\"datePublished\":\"2022-03-14T11:12:28+00:00\",\"dateModified\":\"2023-11-02T14:03:55+00:00\",\"breadcrumb\":{\"@id\":\"https:\/\/icg-institut.de\/de\/compliance-losungen\/unternehmenskultur-didaktik\/#breadcrumb\"},\"inLanguage\":\"de-DE\",\"potentialAction\":[{\"@type\":\"ReadAction\",\"target\":[\"https:\/\/icg-institut.de\/de\/compliance-losungen\/unternehmenskultur-didaktik\/\"]}]},{\"@type\":\"BreadcrumbList\",\"@id\":\"https:\/\/icg-institut.de\/de\/compliance-losungen\/unternehmenskultur-didaktik\/#breadcrumb\",\"itemListElement\":[{\"@type\":\"ListItem\",\"position\":1,\"name\":\"Startseite\",\"item\":\"https:\/\/icg-institut.de\/de\/\"},{\"@type\":\"ListItem\",\"position\":2,\"name\":\"Compliance L\u00f6sungen\",\"item\":\"https:\/\/icg-institut.de\/de\/compliance-losungen\/\"},{\"@type\":\"ListItem\",\"position\":3,\"name\":\"Unternehmenskultur &#038; Didaktik\"}]},{\"@type\":\"WebSite\",\"@id\":\"https:\/\/icg-institut.de\/de\/#website\",\"url\":\"https:\/\/icg-institut.de\/de\/\",\"name\":\"Institut f\u00fcr Corporate Governance\",\"description\":\"Das ICG ist der f\u00fchrende Think und Do-Tank der Immobilienbranche f\u00fcr gute Governance.\",\"publisher\":{\"@id\":\"https:\/\/icg-institut.de\/de\/#organization\"},\"potentialAction\":[{\"@type\":\"SearchAction\",\"target\":{\"@type\":\"EntryPoint\",\"urlTemplate\":\"https:\/\/icg-institut.de\/de\/?s={search_term_string}\"},\"query-input\":\"required name=search_term_string\"}],\"inLanguage\":\"de-DE\"},{\"@type\":\"Organization\",\"@id\":\"https:\/\/icg-institut.de\/de\/#organization\",\"name\":\"ICG Institut\",\"url\":\"https:\/\/icg-institut.de\/de\/\",\"logo\":{\"@type\":\"ImageObject\",\"inLanguage\":\"de-DE\",\"@id\":\"https:\/\/icg-institut.de\/de\/#\/schema\/logo\/image\/\",\"url\":\"https:\/\/icg-institut.de\/wp-content\/uploads\/2020\/10\/Logo_ICG_short_4c_transp.png\",\"contentUrl\":\"https:\/\/icg-institut.de\/wp-content\/uploads\/2020\/10\/Logo_ICG_short_4c_transp.png\",\"width\":6123,\"height\":1987,\"caption\":\"ICG Institut\"},\"image\":{\"@id\":\"https:\/\/icg-institut.de\/de\/#\/schema\/logo\/image\/\"}}]}<\/script>\n<!-- \/ Yoast SEO plugin. -->","yoast_head_json":{"title":"Unternehmenskultur & Didaktik &ndash; Institut f\u00fcr Corporate Governance","robots":{"index":"index","follow":"follow","max-snippet":"max-snippet:-1","max-image-preview":"max-image-preview:large","max-video-preview":"max-video-preview:-1"},"canonical":"https:\/\/icg-institut.de\/de\/compliance-losungen\/unternehmenskultur-didaktik\/","og_locale":"de_DE","og_type":"article","og_title":"Unternehmenskultur & Didaktik &ndash; Institut f\u00fcr Corporate Governance","og_description":"UNTERNEHMENSKULTUR &amp; DIDAKTIKZeitgem\u00e4\u00dfe Compliance in der Immobilienwirtschaft \u2022 Ein LeitfadenDer Leitfaden zeigt auf, wie das Thema Compliance noch st\u00e4rker in eine bestehende Unternehmenskultur eingebettet werden kann und wie bereits bestehende Compliance-Bem\u00fchungen und Systeme mit zielgerichteten Ma\u00dfnahmen weiterzuentwickeln sind, um ihre Akzeptanz und Effektivit\u00e4t zu erh\u00f6hen. Hierzu wurden 7 Thesen und entsprechende Handlungsempfehlungen entwickelt.ICG Compliance-Culture-Check (CCC) [&hellip;]","og_url":"https:\/\/icg-institut.de\/de\/compliance-losungen\/unternehmenskultur-didaktik\/","og_site_name":"Institut f\u00fcr Corporate Governance","article_modified_time":"2023-11-02T14:03:55+00:00","twitter_card":"summary_large_image","twitter_misc":{"Gesch\u00e4tzte Lesezeit":"7 Minuten"},"schema":{"@context":"https:\/\/schema.org","@graph":[{"@type":"WebPage","@id":"https:\/\/icg-institut.de\/de\/compliance-losungen\/unternehmenskultur-didaktik\/","url":"https:\/\/icg-institut.de\/de\/compliance-losungen\/unternehmenskultur-didaktik\/","name":"Unternehmenskultur & Didaktik &ndash; Institut f\u00fcr Corporate Governance","isPartOf":{"@id":"https:\/\/icg-institut.de\/de\/#website"},"datePublished":"2022-03-14T11:12:28+00:00","dateModified":"2023-11-02T14:03:55+00:00","breadcrumb":{"@id":"https:\/\/icg-institut.de\/de\/compliance-losungen\/unternehmenskultur-didaktik\/#breadcrumb"},"inLanguage":"de-DE","potentialAction":[{"@type":"ReadAction","target":["https:\/\/icg-institut.de\/de\/compliance-losungen\/unternehmenskultur-didaktik\/"]}]},{"@type":"BreadcrumbList","@id":"https:\/\/icg-institut.de\/de\/compliance-losungen\/unternehmenskultur-didaktik\/#breadcrumb","itemListElement":[{"@type":"ListItem","position":1,"name":"Startseite","item":"https:\/\/icg-institut.de\/de\/"},{"@type":"ListItem","position":2,"name":"Compliance L\u00f6sungen","item":"https:\/\/icg-institut.de\/de\/compliance-losungen\/"},{"@type":"ListItem","position":3,"name":"Unternehmenskultur &#038; Didaktik"}]},{"@type":"WebSite","@id":"https:\/\/icg-institut.de\/de\/#website","url":"https:\/\/icg-institut.de\/de\/","name":"Institut f\u00fcr Corporate Governance","description":"Das ICG ist der f\u00fchrende Think und Do-Tank der Immobilienbranche f\u00fcr gute Governance.","publisher":{"@id":"https:\/\/icg-institut.de\/de\/#organization"},"potentialAction":[{"@type":"SearchAction","target":{"@type":"EntryPoint","urlTemplate":"https:\/\/icg-institut.de\/de\/?s={search_term_string}"},"query-input":"required name=search_term_string"}],"inLanguage":"de-DE"},{"@type":"Organization","@id":"https:\/\/icg-institut.de\/de\/#organization","name":"ICG Institut","url":"https:\/\/icg-institut.de\/de\/","logo":{"@type":"ImageObject","inLanguage":"de-DE","@id":"https:\/\/icg-institut.de\/de\/#\/schema\/logo\/image\/","url":"https:\/\/icg-institut.de\/wp-content\/uploads\/2020\/10\/Logo_ICG_short_4c_transp.png","contentUrl":"https:\/\/icg-institut.de\/wp-content\/uploads\/2020\/10\/Logo_ICG_short_4c_transp.png","width":6123,"height":1987,"caption":"ICG Institut"},"image":{"@id":"https:\/\/icg-institut.de\/de\/#\/schema\/logo\/image\/"}}]}},"_links":{"self":[{"href":"https:\/\/icg-institut.de\/de\/wp-json\/wp\/v2\/pages\/14659"}],"collection":[{"href":"https:\/\/icg-institut.de\/de\/wp-json\/wp\/v2\/pages"}],"about":[{"href":"https:\/\/icg-institut.de\/de\/wp-json\/wp\/v2\/types\/page"}],"author":[{"embeddable":true,"href":"https:\/\/icg-institut.de\/de\/wp-json\/wp\/v2\/users\/2"}],"replies":[{"embeddable":true,"href":"https:\/\/icg-institut.de\/de\/wp-json\/wp\/v2\/comments?post=14659"}],"version-history":[{"count":0,"href":"https:\/\/icg-institut.de\/de\/wp-json\/wp\/v2\/pages\/14659\/revisions"}],"up":[{"embeddable":true,"href":"https:\/\/icg-institut.de\/de\/wp-json\/wp\/v2\/pages\/14505"}],"wp:attachment":[{"href":"https:\/\/icg-institut.de\/de\/wp-json\/wp\/v2\/media?parent=14659"}],"curies":[{"name":"wp","href":"https:\/\/api.w.org\/{rel}","templated":true}]}}