{"id":15313,"date":"2022-05-16T09:16:58","date_gmt":"2022-05-16T09:16:58","guid":{"rendered":"https:\/\/icg-institut.de\/?page_id=15313"},"modified":"2024-07-15T12:13:50","modified_gmt":"2024-07-15T12:13:50","slug":"termine-anmeldung-2","status":"publish","type":"page","link":"https:\/\/icg-institut.de\/de\/compliance-schulungen\/termine-anmeldung-2\/","title":{"rendered":"Termine &#038; Anmeldung"},"content":{"rendered":"<p>[et_pb_section fb_built=&#8220;1&#8243; fullwidth=&#8220;on&#8220; admin_label=&#8220;Page Header&#8220; _builder_version=&#8220;4.16&#8243; background_color=&#8220;#e02b20&#8243; background_image=&#8220;https:\/\/icg-institut.de\/wp-content\/uploads\/2020\/04\/business-07.jpg&#8220; parallax=&#8220;on&#8220; locked=&#8220;off&#8220; global_colors_info=&#8220;{}&#8220;][et_pb_fullwidth_header text_orientation=&#8220;center&#8220; admin_label=&#8220;Hero Section&#8220; _builder_version=&#8220;4.16&#8243; title_font=&#8220;Montserrat||||||||&#8220; title_font_size=&#8220;60px&#8220; title_line_height=&#8220;1.4em&#8220; content_font_size=&#8220;40px&#8220; content_line_height=&#8220;1.8em&#8220; subhead_font=&#8220;||||&#8220; background_color=&#8220;rgba(255, 255, 255, 0)&#8220; use_background_color_gradient=&#8220;on&#8220; background_color_gradient_stops=&#8220;#622b78 0%|rgba(114,114,219,0.25) 100%&#8220; background_color_gradient_start=&#8220;#622b78&#8243; background_color_gradient_end=&#8220;rgba(114,114,219,0.25)&#8220; custom_button_one=&#8220;on&#8220; button_one_text_size=&#8220;16px&#8220; button_one_bg_color=&#8220;#6eba01&#8243; button_one_border_width=&#8220;2px&#8220; button_one_border_color=&#8220;#6eba01&#8243; button_one_border_radius=&#8220;0&#8243; button_one_letter_spacing=&#8220;2&#8243; button_one_font=&#8220;Montserrat|||on|&#8220; button_one_use_icon=&#8220;off&#8220; custom_button_two=&#8220;on&#8220; button_two_text_size=&#8220;16px&#8220; button_two_border_width=&#8220;2px&#8220; button_two_border_color=&#8220;#ffffff&#8220; button_two_border_radius=&#8220;0&#8243; button_two_letter_spacing=&#8220;2&#8243; button_two_font=&#8220;Montserrat|||on|&#8220; button_two_use_icon=&#8220;off&#8220; module_alignment=&#8220;left&#8220; animation_style=&#8220;fade&#8220; content_font_size_tablet=&#8220;&#8220; content_font_size_phone=&#8220;28px&#8220; content_font_size_last_edited=&#8220;on|phone&#8220; button_one_text_color_hover=&#8220;#6eba01&#8243; button_two_text_color_hover=&#8220;#6eba01&#8243; button_one_border_color_hover=&#8220;#ffffff&#8220; button_two_border_color_hover=&#8220;#ffffff&#8220; button_one_border_radius_hover=&#8220;0&#8243; button_two_border_radius_hover=&#8220;0&#8243; button_one_letter_spacing_hover=&#8220;2&#8243; button_two_letter_spacing_hover=&#8220;2&#8243; button_one_bg_color_hover=&#8220;#ffffff&#8220; button_two_bg_color_hover=&#8220;#ffffff&#8220; global_colors_info=&#8220;{}&#8220; button_one_text_size__hover_enabled=&#8220;off&#8220; button_two_text_size__hover_enabled=&#8220;off&#8220; button_one_text_color__hover_enabled=&#8220;on&#8220; button_one_text_color__hover=&#8220;#6eba01&#8243; button_two_text_color__hover_enabled=&#8220;on&#8220; button_two_text_color__hover=&#8220;#6eba01&#8243; button_one_border_width__hover_enabled=&#8220;off&#8220; button_two_border_width__hover_enabled=&#8220;off&#8220; button_one_border_color__hover_enabled=&#8220;on&#8220; button_one_border_color__hover=&#8220;#ffffff&#8220; button_two_border_color__hover_enabled=&#8220;on&#8220; button_two_border_color__hover=&#8220;#ffffff&#8220; button_one_border_radius__hover_enabled=&#8220;on&#8220; button_one_border_radius__hover=&#8220;0&#8243; button_two_border_radius__hover_enabled=&#8220;on&#8220; button_two_border_radius__hover=&#8220;0&#8243; button_one_letter_spacing__hover_enabled=&#8220;on&#8220; button_one_letter_spacing__hover=&#8220;2&#8243; button_two_letter_spacing__hover_enabled=&#8220;on&#8220; button_two_letter_spacing__hover=&#8220;2&#8243; button_one_bg_color__hover_enabled=&#8220;on&#8220; button_one_bg_color__hover=&#8220;#ffffff&#8220; button_two_bg_color__hover_enabled=&#8220;on&#8220; button_two_bg_color__hover=&#8220;#ffffff&#8220;]<\/p>\n<p>TERMINE &amp; ANMELDUNG<\/p>\n<p>[\/et_pb_fullwidth_header][\/et_pb_section][et_pb_section fb_built=&#8220;1&#8243; admin_label=&#8220;Our Team&#8220; _builder_version=&#8220;4.16&#8243; background_color=&#8220;#f4f4f4&#8243; custom_padding=&#8220;40px||40px||true|false&#8220; locked=&#8220;off&#8220; global_colors_info=&#8220;{}&#8220;][et_pb_row _builder_version=&#8220;4.16&#8243; global_colors_info=&#8220;{}&#8220;][et_pb_column type=&#8220;4_4&#8243; _builder_version=&#8220;4.16&#8243; global_colors_info=&#8220;{}&#8220;][et_pb_text _builder_version=&#8220;4.22.2&#8243; _module_preset=&#8220;default&#8220; text_font_size=&#8220;19px&#8220; text_line_height=&#8220;1.8em&#8220; hover_enabled=&#8220;0&#8243; sticky_enabled=&#8220;0&#8243;]<\/p>\n<p><strong>Neue Schulungstermine werden demn\u00e4chst bekannt gegeben.<\/strong><br \/>Bei Interesse kontaktieren Sie uns unter <a href=\"\/se\/nd01icgmai45ns8f.php\" target=\"_blank\" rel=\"noopener\">info<span style=\"color: transparent; margin: -1px;\">[<\/span>@<span style=\"color: transparent; margin: -1px;\">]<\/span>icg-institut.de<\/a>.<\/p>\n<p>[\/et_pb_text][\/et_pb_column][\/et_pb_row][et_pb_row _builder_version=&#8220;4.16&#8243; global_colors_info=&#8220;{}&#8220; disabled_on=&#8220;on|on|on&#8220; disabled=&#8220;on&#8220;][et_pb_column type=&#8220;4_4&#8243; _builder_version=&#8220;4.16&#8243; global_colors_info=&#8220;{}&#8220;][et_pb_divider color=&#8220;#5e2271&#8243; divider_weight=&#8220;3px&#8220; disabled_on=&#8220;off|off|off&#8220; _builder_version=&#8220;4.16&#8243; background_enable_color=&#8220;off&#8220; background_color_gradient_direction=&#8220;90deg&#8220; max_width=&#8220;100px&#8220; module_alignment=&#8220;left&#8220; height=&#8220;5px&#8220; custom_margin=&#8220;||20px|&#8220; custom_padding=&#8220;||20px|&#8220; animation_style=&#8220;slide&#8220; animation_direction=&#8220;bottom&#8220; saved_tabs=&#8220;all&#8220; locked=&#8220;off&#8220; global_colors_info=&#8220;{}&#8220;][\/et_pb_divider][et_pb_text admin_label=&#8220;Team Section Title&#8220; _builder_version=&#8220;4.16&#8243; header_font=&#8220;Montserrat||||&#8220; header_text_color=&#8220;#1f1f1f&#8220; header_font_size=&#8220;36px&#8220; text_orientation=&#8220;center&#8220; module_alignment=&#8220;center&#8220; animation_style=&#8220;fold&#8220; animation_direction=&#8220;bottom&#8220; animation_intensity_fold=&#8220;20%&#8220; global_colors_info=&#8220;{}&#8220;]<\/p>\n<h1 style=\"text-align: left;\">Compliance Schulungen<\/h1>\n<p>[\/et_pb_text][\/et_pb_column][\/et_pb_row][et_pb_row column_structure=&#8220;1_2,1_2&#8243; _builder_version=&#8220;4.16&#8243; global_colors_info=&#8220;{}&#8220; disabled_on=&#8220;on|on|on&#8220; disabled=&#8220;on&#8220;][et_pb_column type=&#8220;1_2&#8243; _builder_version=&#8220;4.16&#8243; global_colors_info=&#8220;{}&#8220;][et_pb_text _builder_version=&#8220;4.22.2&#8243; global_colors_info=&#8220;{}&#8220;]<\/p>\n<h2><strong>Geldw\u00e4sche-Pr\u00e4vention<\/strong><\/h2>\n<p><strong><\/strong><\/p>\n<p><strong>Termin \/Dauer:<\/strong><\/p>\n<p>M\u00e4rz: 29.03.2023 | 15:00 &#8211; 16:30 Uhr<br \/>September: 26.09.2023 | 15:00 &#8211; 16:30 Uhr<\/p>\n<p><strong>Schulungsort:<br \/><\/strong><span style=\"font-size: 16px;\">online<\/span><\/p>\n<p><strong style=\"font-size: 16px;\">Investment:<br \/><\/strong><span style=\"font-size: 16px;\">ICG Mitglieder kostenlos! ; Nicht-Mitglieder 79,\u2013 \u20ac<\/span><span style=\"font-size: 16px;\">\u00a0<\/span><\/p>\n<p><strong>Anmeldung:<br \/><\/strong><span style=\"font-size: 16px;\"><\/span><a href=\"http:\/\/www.icg-institut-veranstaltungen.de\" style=\"font-size: 16px;\">www.icg-institut-veranstaltungen.de<\/a><\/p>\n<p><strong style=\"font-size: 16px;\">Weitere Informationen:<br \/><\/strong><span style=\"font-size: 16px;\">Karin Barthelmes-Wehr, Gesch\u00e4ftsf\u00fchrerin<br \/><\/span><span style=\"font-size: 16px;\">Institut f\u00fcr Corporate Governance in der deutschen Immobilienwirtschaft<br \/><\/span><span style=\"font-size: 16px;\"><br \/>Tel.: +49\u200630 202 1585 55<br \/><\/span><span style=\"font-size: 16px;\"><a href=\"\/se\/nd01icgmai45ns8f.php\" target=\"_blank\" rel=\"noopener\">info<span style=\"color: transparent; margin: -1px;\">[<\/span>@<span style=\"color: transparent; margin: -1px;\">]<\/span>icg-institut.de<\/a><\/p>\n<p>www.icg-institut.de<\/span><\/p>\n<p>[\/et_pb_text][et_pb_image src=&#8220;https:\/\/icg-institut.de\/wp-content\/uploads\/2021\/02\/Logo_ICG_Klimaneutral.png&#8220; title_text=&#8220;Logo_ICG_Klimaneutral&#8220; _builder_version=&#8220;4.16&#8243; width=&#8220;50%&#8220; custom_margin=&#8220;0px||0px||true|false&#8220; custom_padding=&#8220;0px||0px||true|false&#8220; locked=&#8220;off&#8220; global_colors_info=&#8220;{}&#8220;][\/et_pb_image][\/et_pb_column][et_pb_column type=&#8220;1_2&#8243; _builder_version=&#8220;4.16&#8243; global_colors_info=&#8220;{}&#8220;][et_pb_image src=&#8220;https:\/\/icg-institut.de\/wp-content\/uploads\/2023\/01\/Compliance_Geldwaesche_ICG_2023.png&#8220; title_text=&#8220;Compliance_Geldwaesche_ICG_2023&#8243; url=&#8220;https:\/\/icg-institut.de\/wp-content\/uploads\/2023\/01\/ICG_Einladung_Geldwa\u0308sche_2023.pdf&#8220; _builder_version=&#8220;4.16&#8243; global_colors_info=&#8220;{}&#8220;][\/et_pb_image][\/et_pb_column][\/et_pb_row][et_pb_row column_structure=&#8220;1_2,1_2&#8243; _builder_version=&#8220;4.16&#8243; global_colors_info=&#8220;{}&#8220; disabled_on=&#8220;on|on|on&#8220; disabled=&#8220;on&#8220;][et_pb_column type=&#8220;1_2&#8243; _builder_version=&#8220;4.16&#8243; global_colors_info=&#8220;{}&#8220;][et_pb_text _builder_version=&#8220;4.22.2&#8243; locked=&#8220;off&#8220; global_colors_info=&#8220;{}&#8220;]<\/p>\n<h2><strong>Compliance in der Praxis<\/strong><\/h2>\n<p><strong><\/strong><\/p>\n<p><strong>Termin \/Dauer:<br \/>\n<\/strong><span style=\"font-size: 16px;\">M\u00e4rz: 21.03.2023 | 15:00 &#8211; 16:00 Uhr<br \/>\n<\/span><span style=\"font-size: 16px;\">September: 20.09.2023 | 15:00 &#8211; 16:00 Uhr &#8211; Termin verschoben tba<\/span><\/p>\n<p><strong style=\"font-size: 16px;\">Schulungsort:<br \/>\n<\/strong><span style=\"font-size: 16px;\">online<\/span><\/p>\n<p><strong style=\"font-size: 16px;\">Investment:<br \/>\n<\/strong><span style=\"font-size: 16px;\">ICG Mitglieder kostenlos! ; Nicht-Mitglieder 79,\u2013 \u20ac<\/span><span style=\"font-size: 16px;\">\u00a0<\/span><\/p>\n<p><strong>Anmeldung:<br \/>\n<\/strong><span style=\"font-size: 16px;\"><\/span><a href=\"http:\/\/www.icg-institut-veranstaltungen.de\" style=\"font-size: 16px;\">www.icg-institut-veranstaltungen.de<\/a><\/p>\n<p><strong style=\"font-size: 16px;\">Weitere Informationen:<br \/>\n<\/strong><span style=\"font-size: 16px;\">Karin Barthelmes-Wehr, Gesch\u00e4ftsf\u00fchrerin<br \/>\n<\/span><span style=\"font-size: 16px;\">Institut f\u00fcr Corporate Governance in der deutschen Immobilienwirtschaft<br \/>\n<\/span><span style=\"font-size: 16px;\"><br \/>\nTel.: +49\u200630 202 1585 55<br \/>\n<\/span><span style=\"font-size: 16px;\"><a href=\"\/se\/nd01icgmai45ns8f.php\" target=\"_blank\" rel=\"noopener\">info<span style=\"color:transparent;margin:-1px;\">[<\/span>@<span style=\"color:transparent;margin:-1px;\">]<\/span>icg-institut.de<\/a><\/p>\n<p>www.icg-institut.de<\/span>[\/et_pb_text][et_pb_image src=&#8220;https:\/\/icg-institut.de\/wp-content\/uploads\/2021\/02\/Logo_ICG_Klimaneutral.png&#8220; title_text=&#8220;Logo_ICG_Klimaneutral&#8220; _builder_version=&#8220;4.16&#8243; width=&#8220;50%&#8220; custom_margin=&#8220;0px||0px||true|false&#8220; custom_padding=&#8220;0px||0px||true|false&#8220; locked=&#8220;off&#8220; global_colors_info=&#8220;{}&#8220;][\/et_pb_image][\/et_pb_column][et_pb_column type=&#8220;1_2&#8243; _builder_version=&#8220;4.16&#8243; global_colors_info=&#8220;{}&#8220;][et_pb_image src=&#8220;https:\/\/icg-institut.de\/wp-content\/uploads\/2023\/01\/Compliance_Praxis_ICG_2023.png&#8220; title_text=&#8220;Compliance_Praxis_ICG_2023&#8243; url=&#8220;https:\/\/icg-institut.de\/wp-content\/uploads\/2023\/01\/ICG_Einladung_Compliance-in-der-Praxis_2023.pdf&#8220; _builder_version=&#8220;4.16&#8243; global_colors_info=&#8220;{}&#8220;][\/et_pb_image][\/et_pb_column][\/et_pb_row][\/et_pb_section]<\/p>\n","protected":false},"excerpt":{"rendered":"<p>TERMINE &amp; ANMELDUNGNeue Schulungstermine werden demn\u00e4chst bekannt gegeben.Bei Interesse kontaktieren Sie uns unter info[@]icg-institut.de.Compliance SchulungenGeldw\u00e4sche-Pr\u00e4vention Termin \/Dauer: M\u00e4rz: 29.03.2023 | 15:00 &#8211; 16:30 UhrSeptember: 26.09.2023 | 15:00 &#8211; 16:30 Uhr Schulungsort:online Investment:ICG Mitglieder kostenlos! ; Nicht-Mitglieder 79,\u2013 \u20ac\u00a0 Anmeldung:www.icg-institut-veranstaltungen.de Weitere Informationen:Karin Barthelmes-Wehr, Gesch\u00e4ftsf\u00fchrerinInstitut f\u00fcr Corporate Governance in der deutschen ImmobilienwirtschaftTel.: +49\u200630 202 1585 55info[@]icg-institut.de www.icg-institut.deCompliance [&hellip;]<\/p>\n","protected":false},"author":5,"featured_media":0,"parent":15307,"menu_order":0,"comment_status":"closed","ping_status":"closed","template":"","meta":{"_et_pb_use_builder":"on","_et_pb_old_content":"<!-- wp:divi\/placeholder \/-->","_et_gb_content_width":""},"yoast_head":"<!-- This site is optimized with the Yoast SEO plugin v20.6 - https:\/\/yoast.com\/wordpress\/plugins\/seo\/ -->\n<title>Termine &amp; Anmeldung &ndash; Institut f\u00fcr Corporate Governance<\/title>\n<meta name=\"robots\" content=\"index, follow, max-snippet:-1, max-image-preview:large, max-video-preview:-1\" \/>\n<link rel=\"canonical\" href=\"https:\/\/icg-institut.de\/de\/compliance-schulungen\/termine-anmeldung-2\/\" \/>\n<meta property=\"og:locale\" content=\"de_DE\" \/>\n<meta property=\"og:type\" content=\"article\" \/>\n<meta property=\"og:title\" content=\"Termine &amp; Anmeldung &ndash; Institut f\u00fcr Corporate Governance\" \/>\n<meta property=\"og:description\" content=\"TERMINE &amp; ANMELDUNGNeue Schulungstermine werden demn\u00e4chst bekannt gegeben.Bei Interesse kontaktieren Sie uns unter info[@]icg-institut.de.Compliance SchulungenGeldw\u00e4sche-Pr\u00e4vention Termin \/Dauer: M\u00e4rz: 29.03.2023 | 15:00 - 16:30 UhrSeptember: 26.09.2023 | 15:00 - 16:30 Uhr Schulungsort:online Investment:ICG Mitglieder kostenlos! ; Nicht-Mitglieder 79,\u2013 \u20ac\u00a0 Anmeldung:www.icg-institut-veranstaltungen.de Weitere Informationen:Karin Barthelmes-Wehr, Gesch\u00e4ftsf\u00fchrerinInstitut f\u00fcr Corporate Governance in der deutschen ImmobilienwirtschaftTel.: +49\u200630 202 1585 55info[@]icg-institut.de www.icg-institut.deCompliance [&hellip;]\" \/>\n<meta property=\"og:url\" content=\"https:\/\/icg-institut.de\/de\/compliance-schulungen\/termine-anmeldung-2\/\" \/>\n<meta property=\"og:site_name\" content=\"Institut f\u00fcr Corporate Governance\" \/>\n<meta property=\"article:modified_time\" content=\"2024-07-15T12:13:50+00:00\" \/>\n<meta name=\"twitter:card\" content=\"summary_large_image\" \/>\n<meta name=\"twitter:label1\" content=\"Gesch\u00e4tzte Lesezeit\" \/>\n\t<meta name=\"twitter:data1\" content=\"5 Minuten\" \/>\n<script type=\"application\/ld+json\" class=\"yoast-schema-graph\">{\"@context\":\"https:\/\/schema.org\",\"@graph\":[{\"@type\":\"WebPage\",\"@id\":\"https:\/\/icg-institut.de\/de\/compliance-schulungen\/termine-anmeldung-2\/\",\"url\":\"https:\/\/icg-institut.de\/de\/compliance-schulungen\/termine-anmeldung-2\/\",\"name\":\"Termine & Anmeldung &ndash; Institut f\u00fcr Corporate Governance\",\"isPartOf\":{\"@id\":\"https:\/\/icg-institut.de\/de\/#website\"},\"datePublished\":\"2022-05-16T09:16:58+00:00\",\"dateModified\":\"2024-07-15T12:13:50+00:00\",\"breadcrumb\":{\"@id\":\"https:\/\/icg-institut.de\/de\/compliance-schulungen\/termine-anmeldung-2\/#breadcrumb\"},\"inLanguage\":\"de-DE\",\"potentialAction\":[{\"@type\":\"ReadAction\",\"target\":[\"https:\/\/icg-institut.de\/de\/compliance-schulungen\/termine-anmeldung-2\/\"]}]},{\"@type\":\"BreadcrumbList\",\"@id\":\"https:\/\/icg-institut.de\/de\/compliance-schulungen\/termine-anmeldung-2\/#breadcrumb\",\"itemListElement\":[{\"@type\":\"ListItem\",\"position\":1,\"name\":\"Startseite\",\"item\":\"https:\/\/icg-institut.de\/de\/\"},{\"@type\":\"ListItem\",\"position\":2,\"name\":\"Compliance Schulungen\",\"item\":\"https:\/\/icg-institut.de\/de\/compliance-schulungen\/\"},{\"@type\":\"ListItem\",\"position\":3,\"name\":\"Termine &#038; Anmeldung\"}]},{\"@type\":\"WebSite\",\"@id\":\"https:\/\/icg-institut.de\/de\/#website\",\"url\":\"https:\/\/icg-institut.de\/de\/\",\"name\":\"Institut f\u00fcr Corporate Governance\",\"description\":\"Das ICG ist der f\u00fchrende Think und Do-Tank der Immobilienbranche f\u00fcr gute Governance.\",\"publisher\":{\"@id\":\"https:\/\/icg-institut.de\/de\/#organization\"},\"potentialAction\":[{\"@type\":\"SearchAction\",\"target\":{\"@type\":\"EntryPoint\",\"urlTemplate\":\"https:\/\/icg-institut.de\/de\/?s={search_term_string}\"},\"query-input\":\"required name=search_term_string\"}],\"inLanguage\":\"de-DE\"},{\"@type\":\"Organization\",\"@id\":\"https:\/\/icg-institut.de\/de\/#organization\",\"name\":\"ICG Institut\",\"url\":\"https:\/\/icg-institut.de\/de\/\",\"logo\":{\"@type\":\"ImageObject\",\"inLanguage\":\"de-DE\",\"@id\":\"https:\/\/icg-institut.de\/de\/#\/schema\/logo\/image\/\",\"url\":\"https:\/\/icg-institut.de\/wp-content\/uploads\/2020\/10\/Logo_ICG_short_4c_transp.png\",\"contentUrl\":\"https:\/\/icg-institut.de\/wp-content\/uploads\/2020\/10\/Logo_ICG_short_4c_transp.png\",\"width\":6123,\"height\":1987,\"caption\":\"ICG Institut\"},\"image\":{\"@id\":\"https:\/\/icg-institut.de\/de\/#\/schema\/logo\/image\/\"}}]}<\/script>\n<!-- \/ Yoast SEO plugin. -->","yoast_head_json":{"title":"Termine & Anmeldung &ndash; Institut f\u00fcr Corporate Governance","robots":{"index":"index","follow":"follow","max-snippet":"max-snippet:-1","max-image-preview":"max-image-preview:large","max-video-preview":"max-video-preview:-1"},"canonical":"https:\/\/icg-institut.de\/de\/compliance-schulungen\/termine-anmeldung-2\/","og_locale":"de_DE","og_type":"article","og_title":"Termine & Anmeldung &ndash; Institut f\u00fcr Corporate Governance","og_description":"TERMINE &amp; ANMELDUNGNeue Schulungstermine werden demn\u00e4chst bekannt gegeben.Bei Interesse kontaktieren Sie uns unter info[@]icg-institut.de.Compliance SchulungenGeldw\u00e4sche-Pr\u00e4vention Termin \/Dauer: M\u00e4rz: 29.03.2023 | 15:00 - 16:30 UhrSeptember: 26.09.2023 | 15:00 - 16:30 Uhr Schulungsort:online Investment:ICG Mitglieder kostenlos! ; Nicht-Mitglieder 79,\u2013 \u20ac\u00a0 Anmeldung:www.icg-institut-veranstaltungen.de Weitere Informationen:Karin Barthelmes-Wehr, Gesch\u00e4ftsf\u00fchrerinInstitut f\u00fcr Corporate Governance in der deutschen ImmobilienwirtschaftTel.: +49\u200630 202 1585 55info[@]icg-institut.de www.icg-institut.deCompliance [&hellip;]","og_url":"https:\/\/icg-institut.de\/de\/compliance-schulungen\/termine-anmeldung-2\/","og_site_name":"Institut f\u00fcr Corporate Governance","article_modified_time":"2024-07-15T12:13:50+00:00","twitter_card":"summary_large_image","twitter_misc":{"Gesch\u00e4tzte Lesezeit":"5 Minuten"},"schema":{"@context":"https:\/\/schema.org","@graph":[{"@type":"WebPage","@id":"https:\/\/icg-institut.de\/de\/compliance-schulungen\/termine-anmeldung-2\/","url":"https:\/\/icg-institut.de\/de\/compliance-schulungen\/termine-anmeldung-2\/","name":"Termine & Anmeldung &ndash; Institut f\u00fcr Corporate Governance","isPartOf":{"@id":"https:\/\/icg-institut.de\/de\/#website"},"datePublished":"2022-05-16T09:16:58+00:00","dateModified":"2024-07-15T12:13:50+00:00","breadcrumb":{"@id":"https:\/\/icg-institut.de\/de\/compliance-schulungen\/termine-anmeldung-2\/#breadcrumb"},"inLanguage":"de-DE","potentialAction":[{"@type":"ReadAction","target":["https:\/\/icg-institut.de\/de\/compliance-schulungen\/termine-anmeldung-2\/"]}]},{"@type":"BreadcrumbList","@id":"https:\/\/icg-institut.de\/de\/compliance-schulungen\/termine-anmeldung-2\/#breadcrumb","itemListElement":[{"@type":"ListItem","position":1,"name":"Startseite","item":"https:\/\/icg-institut.de\/de\/"},{"@type":"ListItem","position":2,"name":"Compliance Schulungen","item":"https:\/\/icg-institut.de\/de\/compliance-schulungen\/"},{"@type":"ListItem","position":3,"name":"Termine &#038; Anmeldung"}]},{"@type":"WebSite","@id":"https:\/\/icg-institut.de\/de\/#website","url":"https:\/\/icg-institut.de\/de\/","name":"Institut f\u00fcr Corporate Governance","description":"Das ICG ist der f\u00fchrende Think und Do-Tank der Immobilienbranche f\u00fcr gute Governance.","publisher":{"@id":"https:\/\/icg-institut.de\/de\/#organization"},"potentialAction":[{"@type":"SearchAction","target":{"@type":"EntryPoint","urlTemplate":"https:\/\/icg-institut.de\/de\/?s={search_term_string}"},"query-input":"required name=search_term_string"}],"inLanguage":"de-DE"},{"@type":"Organization","@id":"https:\/\/icg-institut.de\/de\/#organization","name":"ICG Institut","url":"https:\/\/icg-institut.de\/de\/","logo":{"@type":"ImageObject","inLanguage":"de-DE","@id":"https:\/\/icg-institut.de\/de\/#\/schema\/logo\/image\/","url":"https:\/\/icg-institut.de\/wp-content\/uploads\/2020\/10\/Logo_ICG_short_4c_transp.png","contentUrl":"https:\/\/icg-institut.de\/wp-content\/uploads\/2020\/10\/Logo_ICG_short_4c_transp.png","width":6123,"height":1987,"caption":"ICG Institut"},"image":{"@id":"https:\/\/icg-institut.de\/de\/#\/schema\/logo\/image\/"}}]}},"_links":{"self":[{"href":"https:\/\/icg-institut.de\/de\/wp-json\/wp\/v2\/pages\/15313"}],"collection":[{"href":"https:\/\/icg-institut.de\/de\/wp-json\/wp\/v2\/pages"}],"about":[{"href":"https:\/\/icg-institut.de\/de\/wp-json\/wp\/v2\/types\/page"}],"author":[{"embeddable":true,"href":"https:\/\/icg-institut.de\/de\/wp-json\/wp\/v2\/users\/5"}],"replies":[{"embeddable":true,"href":"https:\/\/icg-institut.de\/de\/wp-json\/wp\/v2\/comments?post=15313"}],"version-history":[{"count":0,"href":"https:\/\/icg-institut.de\/de\/wp-json\/wp\/v2\/pages\/15313\/revisions"}],"up":[{"embeddable":true,"href":"https:\/\/icg-institut.de\/de\/wp-json\/wp\/v2\/pages\/15307"}],"wp:attachment":[{"href":"https:\/\/icg-institut.de\/de\/wp-json\/wp\/v2\/media?parent=15313"}],"curies":[{"name":"wp","href":"https:\/\/api.w.org\/{rel}","templated":true}]}}