{"id":7035,"date":"2020-05-08T11:54:22","date_gmt":"2020-05-08T11:54:22","guid":{"rendered":"http:\/\/icg-institut.de\/?page_id=7035"},"modified":"2021-07-06T14:54:38","modified_gmt":"2021-07-06T14:54:38","slug":"gruendungsprotokoll","status":"publish","type":"page","link":"https:\/\/icg-institut.de\/de\/gruendungsprotokoll\/","title":{"rendered":"Gr\u00fcndungsprotokoll"},"content":{"rendered":"<p>[et_pb_section fb_built=&#8220;1&#8243; fullwidth=&#8220;on&#8220; admin_label=&#8220;Page Header&#8220; _builder_version=&#8220;4.4.4&#8243; background_color=&#8220;#e02b20&#8243; background_image=&#8220;http:\/\/icg-institut.de\/wp-content\/uploads\/2020\/04\/business-07.jpg&#8220; parallax=&#8220;on&#8220; locked=&#8220;off&#8220;][et_pb_fullwidth_header text_orientation=&#8220;center&#8220; content_tablet=&#8220;<\/p>\n<p style=%22text-align: center;%22>GR\u00dcNDUNGS<\/p>\n<p style=%22text-align: center;%22>PROTOKOLL<\/p>\n<p>&#8220; content_phone=&#8220;<\/p>\n<p style=%22text-align: center;%22>GR\u00dcNDUNGS<\/p>\n<p style=%22text-align: center;%22>PROTOKOLL<\/p>\n<p>&#8220; content_last_edited=&#8220;on|phone&#8220; admin_label=&#8220;Hero Section&#8220; _builder_version=&#8220;4.4.4&#8243; title_font=&#8220;Montserrat||||||||&#8220; title_font_size=&#8220;60px&#8220; title_line_height=&#8220;1.4em&#8220; content_font_size=&#8220;40px&#8220; content_line_height=&#8220;1.8em&#8220; subhead_font=&#8220;||||&#8220; background_color=&#8220;rgba(255, 255, 255, 0)&#8220; use_background_color_gradient=&#8220;on&#8220; background_color_gradient_start=&#8220;#622b78&#8243; background_color_gradient_end=&#8220;rgba(114,114,219,0.25)&#8220; custom_button_one=&#8220;on&#8220; button_one_text_size=&#8220;16px&#8220; button_one_bg_color=&#8220;#6eba01&#8243; button_one_border_width=&#8220;2px&#8220; button_one_border_color=&#8220;#6eba01&#8243; button_one_border_radius=&#8220;0&#8243; button_one_letter_spacing=&#8220;2&#8243; button_one_font=&#8220;Montserrat|||on|&#8220; button_one_use_icon=&#8220;off&#8220; custom_button_two=&#8220;on&#8220; button_two_text_size=&#8220;16px&#8220; button_two_border_width=&#8220;2px&#8220; button_two_border_color=&#8220;#ffffff&#8220; button_two_border_radius=&#8220;0&#8243; button_two_letter_spacing=&#8220;2&#8243; button_two_font=&#8220;Montserrat|||on|&#8220; button_two_use_icon=&#8220;off&#8220; module_alignment=&#8220;left&#8220; animation_style=&#8220;fade&#8220; content_text_align_tablet=&#8220;&#8220; content_text_align_phone=&#8220;center&#8220; content_text_align_last_edited=&#8220;on|phone&#8220; content_font_size_tablet=&#8220;&#8220; content_font_size_phone=&#8220;28px&#8220; content_font_size_last_edited=&#8220;on|phone&#8220; button_one_text_color_hover=&#8220;#6eba01&#8243; button_two_text_color_hover=&#8220;#6eba01&#8243; button_one_border_color_hover=&#8220;#ffffff&#8220; button_two_border_color_hover=&#8220;#ffffff&#8220; button_one_border_radius_hover=&#8220;0&#8243; button_two_border_radius_hover=&#8220;0&#8243; button_one_letter_spacing_hover=&#8220;2&#8243; button_two_letter_spacing_hover=&#8220;2&#8243; button_one_bg_color_hover=&#8220;#ffffff&#8220; button_two_bg_color_hover=&#8220;#ffffff&#8220; button_one_text_size__hover_enabled=&#8220;off&#8220; button_two_text_size__hover_enabled=&#8220;off&#8220; button_one_text_color__hover_enabled=&#8220;on&#8220; button_one_text_color__hover=&#8220;#6eba01&#8243; button_two_text_color__hover_enabled=&#8220;on&#8220; button_two_text_color__hover=&#8220;#6eba01&#8243; button_one_border_width__hover_enabled=&#8220;off&#8220; button_two_border_width__hover_enabled=&#8220;off&#8220; button_one_border_color__hover_enabled=&#8220;on&#8220; button_one_border_color__hover=&#8220;#ffffff&#8220; button_two_border_color__hover_enabled=&#8220;on&#8220; button_two_border_color__hover=&#8220;#ffffff&#8220; button_one_border_radius__hover_enabled=&#8220;on&#8220; button_one_border_radius__hover=&#8220;0&#8243; button_two_border_radius__hover_enabled=&#8220;on&#8220; button_two_border_radius__hover=&#8220;0&#8243; button_one_letter_spacing__hover_enabled=&#8220;on&#8220; button_one_letter_spacing__hover=&#8220;2&#8243; button_two_letter_spacing__hover_enabled=&#8220;on&#8220; button_two_letter_spacing__hover=&#8220;2&#8243; button_one_bg_color__hover_enabled=&#8220;on&#8220; button_one_bg_color__hover=&#8220;#ffffff&#8220; button_two_bg_color__hover_enabled=&#8220;on&#8220; button_two_bg_color__hover=&#8220;#ffffff&#8220;]<\/p>\n<p style=\"text-align: center;\">GR\u00dcNDUNGSPROTOKOLL<\/p>\n<p>[\/et_pb_fullwidth_header][\/et_pb_section][et_pb_section fb_built=&#8220;1&#8243; admin_label=&#8220;Our Team&#8220; _builder_version=&#8220;4.4.4&#8243; background_color=&#8220;#f4f4f4&#8243; custom_padding=&#8220;40px||40px||true|false&#8220; locked=&#8220;off&#8220;][et_pb_row column_structure=&#8220;1_2,1_2&#8243; _builder_version=&#8220;4.4.4&#8243; custom_padding=&#8220;||||false|false&#8220;][et_pb_column type=&#8220;1_2&#8243; _builder_version=&#8220;4.4.4&#8243;][et_pb_text content_tablet=&#8220;&#8220; content_phone=&#8220;<\/p>\n<header class=%22entry-header%22>\n<h1 class=%22entry-title%22 itemprop=%22headline%22>Gr\u00fcndungs-protokoll<\/h1>\n<\/header>\n<div class=%22entry-content%22 itemprop=%22articleBody%22>\n<p>Die aus der Anlage 1 ersichtlichen Personen gr\u00fcnden hiermit einen Verein unter dem Namen<\/p>\n<p><strong>Initiative Corporate Governance der deutschen Immobilienwirtschaft<\/strong>,<\/p>\n<p>der nach der Eintragung den Zusatz e.V. f\u00fchren soll.<br \/> Er soll seinen Sitz in D\u00fcsseldorf haben.<\/p>\n<p>Wir stellen die Satzung wie aus der Anlage 2 ersichtlich fest.<\/p>\n<p>Zum Vorstand gem. \u00a7 7 der Satzung w\u00e4hlen wir:<\/p>\n<ol start=%221%22 type=%221%22>\n<li>Dr. John von Freyend als Vorsitzenden<\/li>\n<li>J\u00fcrgen Ehrlich als stellvertretenden Vorsitzenden<\/li>\n<li>Werner Knips als stellvertretenden Vorsitzenden<\/li>\n<li>Dolf Weber als weiteren Beisitzer<\/li>\n<li>Prof. Dr. Karl-Werner Schulte als weiteren Beisitzer<\/li>\n<\/ol>\n<p>Alle Gew\u00e4hlten nehmen die Wahl an.<\/p>\n<p>Der Vorsitzende und die beiden stellvertretenden Vorsitzenden bilden den Vorstand im Sinne des \u00a7 26 BGB.<br \/> Je zwei von ihnen vertreten den Verein gemeinschaftlich.<\/p>\n<p>Hierauf wurde die Gr\u00fcndungsversammlung geschlossen.<\/p>\n<\/div>\n<p>&#8220; content_last_edited=&#8220;on|phone&#8220; _builder_version=&#8220;4.4.4&#8243;]<\/p>\n<header class=\"entry-header\">\n<h1 class=\"entry-title\" itemprop=\"headline\">Gr\u00fcndungsprotokoll<\/h1>\n<\/header>\n<div class=\"entry-content\" itemprop=\"articleBody\">\n<p>Die aus der Anlage 1 ersichtlichen Personen gr\u00fcnden hiermit einen Verein unter dem Namen<\/p>\n<p><strong>Initiative Corporate Governance der deutschen Immobilienwirtschaft<\/strong>,<\/p>\n<p>der nach der Eintragung den Zusatz e.V. f\u00fchren soll.<br \/> Er soll seinen Sitz in D\u00fcsseldorf haben.<\/p>\n<p>Wir stellen die Satzung wie aus der Anlage 2 ersichtlich fest.<\/p>\n<p>Zum Vorstand gem. \u00a7 7 der Satzung w\u00e4hlen wir:<\/p>\n<ol start=\"1\" type=\"1\">\n<li>Dr. John von Freyend als Vorsitzenden<\/li>\n<li>J\u00fcrgen Ehrlich als stellvertretenden Vorsitzenden<\/li>\n<li>Werner Knips als stellvertretenden Vorsitzenden<\/li>\n<li>Dolf Weber als weiteren Beisitzer<\/li>\n<li>Prof. Dr. Karl-Werner Schulte als weiteren Beisitzer<\/li>\n<\/ol>\n<p>Alle Gew\u00e4hlten nehmen die Wahl an.<\/p>\n<p>Der Vorsitzende und die beiden stellvertretenden Vorsitzenden bilden den Vorstand im Sinne des \u00a7 26 BGB.<br \/> Je zwei von ihnen vertreten den Verein gemeinschaftlich.<\/p>\n<p>Hierauf wurde die Gr\u00fcndungsversammlung geschlossen.<\/p>\n<\/div>\n<p>[\/et_pb_text][\/et_pb_column][et_pb_column type=&#8220;1_2&#8243; _builder_version=&#8220;4.4.4&#8243;][et_pb_text _builder_version=&#8220;4.4.4&#8243; custom_padding=&#8220;||||false|false&#8220;]<\/p>\n<div id=\"content\" class=\"site-content\">\n<div id=\"primary\" class=\"content-area\">\n<article id=\"post-79\" class=\"post-79 page type-page status-publish\" itemscope=\"\" itemtype=\"https:\/\/schema.org\/Article\">\n<div class=\"entry-content\" itemprop=\"articleBody\">\n<p><strong>Gr\u00fcndungsmitglieder<\/strong><\/p>\n<p>Firmenmitglieder:<\/p>\n<ul>\n<li>Aareal Bank AG<\/li>\n<li>AGIV Real Estate AG<\/li>\n<li>Bilfinger Berger AG<\/li>\n<li>Cerep German Advisors GmbH (The Carlyle Group)<\/li>\n<li>Clifford Chance P\u00fcnder<\/li>\n<li>DB Real Estate Investment GmbH<\/li>\n<li>DIFA Deutsche Immobilien Fonds AG<\/li>\n<li>ebs Immobilienakademie GmbH<\/li>\n<li>Ernst &amp; Young Real Estate GmbH<\/li>\n<li>Heidrick &amp; Struggles Unternehmensberatung GmbH &amp; Co. KG<\/li>\n<li>IVG Immobilien AG<\/li>\n<li>Jones Lang LaSalle GmbH<\/li>\n<li>Lafarge Roofing GmbH<\/li>\n<\/ul>\n<p>Pers\u00f6nliche Mitglieder:<\/p>\n<ul>\n<li>Prof. Dr. Willi Alda, Deka Immobilien Investment GmbH<\/li>\n<li>Dr. Rainer Behne, AGIV Real Estate AG<\/li>\n<li>Herbert Bodner, Bilfinger Berger AG<\/li>\n<li>J\u00fcrgen Ehrlich, DIFA Deutsche Immobilien Fonds AG<\/li>\n<li>Hartmut Fr\u00fcnd, Ernst &amp; Young Real Estate GmbH<\/li>\n<li>Werner Knips, Heidrick &amp; Struggles Unternehmensberatung GmbH &amp; Co. KG<\/li>\n<li>Georg Kulenkampff<\/li>\n<li>Dr. Wulf Meinel, Cerep German Advisors GmbH (The Carlyle Group)<\/li>\n<li>Robert Orr, Jones Lang LaSalle GmbH<\/li>\n<li>Dr. Knut Riesmeier, MEAG Real Estate Management GmbH<\/li>\n<li>Prof. Dr. Karl-Werner Schulte, ebs Immobilienakademie GmbH<\/li>\n<li>Helmut Ullrich, DB Real Estate Investment GmbH<\/li>\n<li>Dolf Weber, Clifford Chance P\u00fcnder<\/li>\n<\/ul>\n<p><em>Frankfurt am Main, den 30. September 2002<\/em><\/p>\n<\/div>\n<\/article>\n<\/div>\n<\/div>\n<p>[\/et_pb_text][\/et_pb_column][\/et_pb_row][\/et_pb_section]<\/p>\n","protected":false},"excerpt":{"rendered":"<p>GR\u00dcNDUNGSPROTOKOLL Gr\u00fcndungsprotokoll Die aus der Anlage 1 ersichtlichen Personen gr\u00fcnden hiermit einen Verein unter dem Namen Initiative Corporate Governance der deutschen Immobilienwirtschaft, der nach der Eintragung den Zusatz e.V. f\u00fchren soll. Er soll seinen Sitz in D\u00fcsseldorf haben. Wir stellen die Satzung wie aus der Anlage 2 ersichtlich fest. Zum Vorstand gem. \u00a7 7 der [&hellip;]<\/p>\n","protected":false},"author":2,"featured_media":0,"parent":0,"menu_order":0,"comment_status":"closed","ping_status":"closed","template":"","meta":{"_et_pb_use_builder":"on","_et_pb_old_content":"<!-- wp:divi\/placeholder \/-->","_et_gb_content_width":""},"yoast_head":"<!-- This site is optimized with the Yoast SEO plugin v20.6 - https:\/\/yoast.com\/wordpress\/plugins\/seo\/ -->\n<title>Gr\u00fcndungsprotokoll &ndash; Institut f\u00fcr Corporate Governance<\/title>\n<meta name=\"robots\" content=\"index, follow, max-snippet:-1, max-image-preview:large, max-video-preview:-1\" \/>\n<link rel=\"canonical\" href=\"https:\/\/icg-institut.de\/de\/gruendungsprotokoll\/\" \/>\n<meta property=\"og:locale\" content=\"de_DE\" \/>\n<meta property=\"og:type\" content=\"article\" \/>\n<meta property=\"og:title\" content=\"Gr\u00fcndungsprotokoll &ndash; Institut f\u00fcr Corporate Governance\" \/>\n<meta property=\"og:description\" content=\"GR\u00dcNDUNGSPROTOKOLL Gr\u00fcndungsprotokoll Die aus der Anlage 1 ersichtlichen Personen gr\u00fcnden hiermit einen Verein unter dem Namen Initiative Corporate Governance der deutschen Immobilienwirtschaft, der nach der Eintragung den Zusatz e.V. f\u00fchren soll. Er soll seinen Sitz in D\u00fcsseldorf haben. Wir stellen die Satzung wie aus der Anlage 2 ersichtlich fest. Zum Vorstand gem. \u00a7 7 der [&hellip;]\" \/>\n<meta property=\"og:url\" content=\"https:\/\/icg-institut.de\/de\/gruendungsprotokoll\/\" \/>\n<meta property=\"og:site_name\" content=\"Institut f\u00fcr Corporate Governance\" \/>\n<meta property=\"article:modified_time\" content=\"2021-07-06T14:54:38+00:00\" \/>\n<meta name=\"twitter:card\" content=\"summary_large_image\" \/>\n<meta name=\"twitter:label1\" content=\"Gesch\u00e4tzte Lesezeit\" \/>\n\t<meta name=\"twitter:data1\" content=\"5 Minuten\" \/>\n<script type=\"application\/ld+json\" class=\"yoast-schema-graph\">{\"@context\":\"https:\/\/schema.org\",\"@graph\":[{\"@type\":\"WebPage\",\"@id\":\"https:\/\/icg-institut.de\/de\/gruendungsprotokoll\/\",\"url\":\"https:\/\/icg-institut.de\/de\/gruendungsprotokoll\/\",\"name\":\"Gr\u00fcndungsprotokoll &ndash; Institut f\u00fcr Corporate Governance\",\"isPartOf\":{\"@id\":\"https:\/\/icg-institut.de\/de\/#website\"},\"datePublished\":\"2020-05-08T11:54:22+00:00\",\"dateModified\":\"2021-07-06T14:54:38+00:00\",\"breadcrumb\":{\"@id\":\"https:\/\/icg-institut.de\/de\/gruendungsprotokoll\/#breadcrumb\"},\"inLanguage\":\"de-DE\",\"potentialAction\":[{\"@type\":\"ReadAction\",\"target\":[\"https:\/\/icg-institut.de\/de\/gruendungsprotokoll\/\"]}]},{\"@type\":\"BreadcrumbList\",\"@id\":\"https:\/\/icg-institut.de\/de\/gruendungsprotokoll\/#breadcrumb\",\"itemListElement\":[{\"@type\":\"ListItem\",\"position\":1,\"name\":\"Startseite\",\"item\":\"https:\/\/icg-institut.de\/de\/\"},{\"@type\":\"ListItem\",\"position\":2,\"name\":\"Gr\u00fcndungsprotokoll\"}]},{\"@type\":\"WebSite\",\"@id\":\"https:\/\/icg-institut.de\/de\/#website\",\"url\":\"https:\/\/icg-institut.de\/de\/\",\"name\":\"Institut f\u00fcr Corporate Governance\",\"description\":\"Das ICG ist der f\u00fchrende Think und Do-Tank der Immobilienbranche f\u00fcr gute Governance.\",\"publisher\":{\"@id\":\"https:\/\/icg-institut.de\/de\/#organization\"},\"potentialAction\":[{\"@type\":\"SearchAction\",\"target\":{\"@type\":\"EntryPoint\",\"urlTemplate\":\"https:\/\/icg-institut.de\/de\/?s={search_term_string}\"},\"query-input\":\"required name=search_term_string\"}],\"inLanguage\":\"de-DE\"},{\"@type\":\"Organization\",\"@id\":\"https:\/\/icg-institut.de\/de\/#organization\",\"name\":\"ICG Institut\",\"url\":\"https:\/\/icg-institut.de\/de\/\",\"logo\":{\"@type\":\"ImageObject\",\"inLanguage\":\"de-DE\",\"@id\":\"https:\/\/icg-institut.de\/de\/#\/schema\/logo\/image\/\",\"url\":\"https:\/\/icg-institut.de\/wp-content\/uploads\/2020\/10\/Logo_ICG_short_4c_transp.png\",\"contentUrl\":\"https:\/\/icg-institut.de\/wp-content\/uploads\/2020\/10\/Logo_ICG_short_4c_transp.png\",\"width\":6123,\"height\":1987,\"caption\":\"ICG Institut\"},\"image\":{\"@id\":\"https:\/\/icg-institut.de\/de\/#\/schema\/logo\/image\/\"}}]}<\/script>\n<!-- \/ Yoast SEO plugin. -->","yoast_head_json":{"title":"Gr\u00fcndungsprotokoll &ndash; Institut f\u00fcr Corporate Governance","robots":{"index":"index","follow":"follow","max-snippet":"max-snippet:-1","max-image-preview":"max-image-preview:large","max-video-preview":"max-video-preview:-1"},"canonical":"https:\/\/icg-institut.de\/de\/gruendungsprotokoll\/","og_locale":"de_DE","og_type":"article","og_title":"Gr\u00fcndungsprotokoll &ndash; Institut f\u00fcr Corporate Governance","og_description":"GR\u00dcNDUNGSPROTOKOLL Gr\u00fcndungsprotokoll Die aus der Anlage 1 ersichtlichen Personen gr\u00fcnden hiermit einen Verein unter dem Namen Initiative Corporate Governance der deutschen Immobilienwirtschaft, der nach der Eintragung den Zusatz e.V. f\u00fchren soll. Er soll seinen Sitz in D\u00fcsseldorf haben. Wir stellen die Satzung wie aus der Anlage 2 ersichtlich fest. Zum Vorstand gem. \u00a7 7 der [&hellip;]","og_url":"https:\/\/icg-institut.de\/de\/gruendungsprotokoll\/","og_site_name":"Institut f\u00fcr Corporate Governance","article_modified_time":"2021-07-06T14:54:38+00:00","twitter_card":"summary_large_image","twitter_misc":{"Gesch\u00e4tzte Lesezeit":"5 Minuten"},"schema":{"@context":"https:\/\/schema.org","@graph":[{"@type":"WebPage","@id":"https:\/\/icg-institut.de\/de\/gruendungsprotokoll\/","url":"https:\/\/icg-institut.de\/de\/gruendungsprotokoll\/","name":"Gr\u00fcndungsprotokoll &ndash; Institut f\u00fcr Corporate Governance","isPartOf":{"@id":"https:\/\/icg-institut.de\/de\/#website"},"datePublished":"2020-05-08T11:54:22+00:00","dateModified":"2021-07-06T14:54:38+00:00","breadcrumb":{"@id":"https:\/\/icg-institut.de\/de\/gruendungsprotokoll\/#breadcrumb"},"inLanguage":"de-DE","potentialAction":[{"@type":"ReadAction","target":["https:\/\/icg-institut.de\/de\/gruendungsprotokoll\/"]}]},{"@type":"BreadcrumbList","@id":"https:\/\/icg-institut.de\/de\/gruendungsprotokoll\/#breadcrumb","itemListElement":[{"@type":"ListItem","position":1,"name":"Startseite","item":"https:\/\/icg-institut.de\/de\/"},{"@type":"ListItem","position":2,"name":"Gr\u00fcndungsprotokoll"}]},{"@type":"WebSite","@id":"https:\/\/icg-institut.de\/de\/#website","url":"https:\/\/icg-institut.de\/de\/","name":"Institut f\u00fcr Corporate Governance","description":"Das ICG ist der f\u00fchrende Think und Do-Tank der Immobilienbranche f\u00fcr gute Governance.","publisher":{"@id":"https:\/\/icg-institut.de\/de\/#organization"},"potentialAction":[{"@type":"SearchAction","target":{"@type":"EntryPoint","urlTemplate":"https:\/\/icg-institut.de\/de\/?s={search_term_string}"},"query-input":"required name=search_term_string"}],"inLanguage":"de-DE"},{"@type":"Organization","@id":"https:\/\/icg-institut.de\/de\/#organization","name":"ICG Institut","url":"https:\/\/icg-institut.de\/de\/","logo":{"@type":"ImageObject","inLanguage":"de-DE","@id":"https:\/\/icg-institut.de\/de\/#\/schema\/logo\/image\/","url":"https:\/\/icg-institut.de\/wp-content\/uploads\/2020\/10\/Logo_ICG_short_4c_transp.png","contentUrl":"https:\/\/icg-institut.de\/wp-content\/uploads\/2020\/10\/Logo_ICG_short_4c_transp.png","width":6123,"height":1987,"caption":"ICG Institut"},"image":{"@id":"https:\/\/icg-institut.de\/de\/#\/schema\/logo\/image\/"}}]}},"_links":{"self":[{"href":"https:\/\/icg-institut.de\/de\/wp-json\/wp\/v2\/pages\/7035"}],"collection":[{"href":"https:\/\/icg-institut.de\/de\/wp-json\/wp\/v2\/pages"}],"about":[{"href":"https:\/\/icg-institut.de\/de\/wp-json\/wp\/v2\/types\/page"}],"author":[{"embeddable":true,"href":"https:\/\/icg-institut.de\/de\/wp-json\/wp\/v2\/users\/2"}],"replies":[{"embeddable":true,"href":"https:\/\/icg-institut.de\/de\/wp-json\/wp\/v2\/comments?post=7035"}],"version-history":[{"count":0,"href":"https:\/\/icg-institut.de\/de\/wp-json\/wp\/v2\/pages\/7035\/revisions"}],"wp:attachment":[{"href":"https:\/\/icg-institut.de\/de\/wp-json\/wp\/v2\/media?parent=7035"}],"curies":[{"name":"wp","href":"https:\/\/api.w.org\/{rel}","templated":true}]}}