{"id":7976,"date":"2020-07-23T08:22:01","date_gmt":"2020-07-23T08:22:01","guid":{"rendered":"http:\/\/icg-institut.de\/?page_id=7976"},"modified":"2024-04-08T10:32:27","modified_gmt":"2024-04-08T10:32:27","slug":"faq","status":"publish","type":"page","link":"https:\/\/icg-institut.de\/de\/zertifizierungsunterlagen\/faq\/","title":{"rendered":"FAQ"},"content":{"rendered":"<p>[et_pb_section fb_built=&#8220;1&#8243; fullwidth=&#8220;on&#8220; admin_label=&#8220;Page Header&#8220; _builder_version=&#8220;4.16&#8243; background_color=&#8220;#e02b20&#8243; background_image=&#8220;https:\/\/icg-institut.de\/wp-content\/uploads\/2020\/04\/business-07.jpg&#8220; parallax=&#8220;on&#8220; locked=&#8220;off&#8220; global_colors_info=&#8220;{}&#8220;][et_pb_fullwidth_header text_orientation=&#8220;center&#8220; admin_label=&#8220;Hero Section&#8220; _builder_version=&#8220;4.16&#8243; title_font=&#8220;Montserrat||||||||&#8220; title_font_size=&#8220;60px&#8220; title_line_height=&#8220;1.4em&#8220; content_font_size=&#8220;40px&#8220; content_line_height=&#8220;1.8em&#8220; subhead_font=&#8220;||||&#8220; background_color=&#8220;rgba(255, 255, 255, 0)&#8220; use_background_color_gradient=&#8220;on&#8220; background_color_gradient_stops=&#8220;#622b78 0%|rgba(114,114,219,0.25) 100%&#8220; background_color_gradient_start=&#8220;#622b78&#8243; background_color_gradient_end=&#8220;rgba(114,114,219,0.25)&#8220; custom_button_one=&#8220;on&#8220; button_one_text_size=&#8220;16px&#8220; button_one_bg_color=&#8220;#6eba01&#8243; button_one_border_width=&#8220;2px&#8220; button_one_border_color=&#8220;#6eba01&#8243; button_one_border_radius=&#8220;0&#8243; button_one_letter_spacing=&#8220;2&#8243; button_one_font=&#8220;Montserrat|||on|&#8220; button_one_use_icon=&#8220;off&#8220; custom_button_two=&#8220;on&#8220; button_two_text_size=&#8220;16px&#8220; button_two_border_width=&#8220;2px&#8220; button_two_border_color=&#8220;#ffffff&#8220; button_two_border_radius=&#8220;0&#8243; button_two_letter_spacing=&#8220;2&#8243; button_two_font=&#8220;Montserrat|||on|&#8220; button_two_use_icon=&#8220;off&#8220; module_alignment=&#8220;left&#8220; animation_style=&#8220;fade&#8220; content_font_size_tablet=&#8220;&#8220; content_font_size_phone=&#8220;28px&#8220; content_font_size_last_edited=&#8220;on|phone&#8220; button_one_text_color_hover=&#8220;#6eba01&#8243; button_two_text_color_hover=&#8220;#6eba01&#8243; button_one_border_color_hover=&#8220;#ffffff&#8220; button_two_border_color_hover=&#8220;#ffffff&#8220; button_one_border_radius_hover=&#8220;0&#8243; button_two_border_radius_hover=&#8220;0&#8243; button_one_letter_spacing_hover=&#8220;2&#8243; button_two_letter_spacing_hover=&#8220;2&#8243; button_one_bg_color_hover=&#8220;#ffffff&#8220; button_two_bg_color_hover=&#8220;#ffffff&#8220; global_colors_info=&#8220;{}&#8220; button_one_text_size__hover_enabled=&#8220;off&#8220; button_two_text_size__hover_enabled=&#8220;off&#8220; button_one_text_color__hover_enabled=&#8220;on&#8220; button_one_text_color__hover=&#8220;#6eba01&#8243; button_two_text_color__hover_enabled=&#8220;on&#8220; button_two_text_color__hover=&#8220;#6eba01&#8243; button_one_border_width__hover_enabled=&#8220;off&#8220; button_two_border_width__hover_enabled=&#8220;off&#8220; button_one_border_color__hover_enabled=&#8220;on&#8220; button_one_border_color__hover=&#8220;#ffffff&#8220; button_two_border_color__hover_enabled=&#8220;on&#8220; button_two_border_color__hover=&#8220;#ffffff&#8220; button_one_border_radius__hover_enabled=&#8220;on&#8220; button_one_border_radius__hover=&#8220;0&#8243; button_two_border_radius__hover_enabled=&#8220;on&#8220; button_two_border_radius__hover=&#8220;0&#8243; button_one_letter_spacing__hover_enabled=&#8220;on&#8220; button_one_letter_spacing__hover=&#8220;2&#8243; button_two_letter_spacing__hover_enabled=&#8220;on&#8220; button_two_letter_spacing__hover=&#8220;2&#8243; button_one_bg_color__hover_enabled=&#8220;on&#8220; button_one_bg_color__hover=&#8220;#ffffff&#8220; button_two_bg_color__hover_enabled=&#8220;on&#8220; button_two_bg_color__hover=&#8220;#ffffff&#8220;]<\/p>\n<p>ZERTIFIZIERUNG &#8211; FAQ<\/p>\n<p>[\/et_pb_fullwidth_header][\/et_pb_section][et_pb_section fb_built=&#8220;1&#8243; admin_label=&#8220;Our Team&#8220; _builder_version=&#8220;4.16&#8243; background_color=&#8220;#f4f4f4&#8243; custom_padding=&#8220;40px||40px||true|false&#8220; locked=&#8220;off&#8220; global_colors_info=&#8220;{}&#8220;][et_pb_row _builder_version=&#8220;4.16&#8243; global_colors_info=&#8220;{}&#8220;][et_pb_column type=&#8220;4_4&#8243; _builder_version=&#8220;4.16&#8243; global_colors_info=&#8220;{}&#8220;][et_pb_toggle title=&#8220;Welche Vorteile hat unser Unternehmen durch eine Zertifizierung?&#8220; closed_toggle_text_color=&#8220;#0a0a0a&#8220; _builder_version=&#8220;4.16&#8243; body_text_color=&#8220;#000000&#8243; global_colors_info=&#8220;{}&#8220;]<\/p>\n<p>Die Zertifizierung dokumentiert die Implementierung und Aufrechterhaltung eines angemessenen Compliance-Management-Systems.<br \/> Einen Nutzen erzielt das Unternehmen hiermit in den Bereichen<\/p>\n<ul>\n<li>Compliance- und Risikomanagement<\/li>\n<li>Enthaftung und Haftungsvermeidung f\u00fcr Unternehmensorgane<\/li>\n<li>Umsetzung nationaler und internationaler Standards<\/li>\n<li>Finanzierung auf dem Kapitalmarkt<\/li>\n<li>Anwerben von Equity<\/li>\n<li>Kooperation mit internationalen Joint Venture \u2013 Partnern<\/li>\n<li>Guter Ruf und \u00f6ffentliches Ansehen<\/li>\n<li>Gewinnung neuer und Motivation vorhandener Mitarbeiter<\/li>\n<\/ul>\n<p>[\/et_pb_toggle][et_pb_toggle title=&#8220;Wer f\u00fchrt die Auditierung durch?&#8220; closed_toggle_text_color=&#8220;#0a0a0a&#8220; _builder_version=&#8220;4.16&#8243; body_text_color=&#8220;#000000&#8243; global_colors_info=&#8220;{}&#8220;]<\/p>\n<p>Die Auditierung wird durch Wirtschaftspr\u00fcfer oder spezielle Berater durchgef\u00fchrt, die erfahren in der Pr\u00fcfung von Compliance-Systemen in der Immobilienwirtschaft sind. Das Unternehmen kann sich einen Pr\u00fcfer, der die o. g. Qualifikation aufweist, frei w\u00e4hlen. Das ICG f\u00fchrt eine Liste mit Auditoren, die sich akkreditiert haben und kann bei der Suche unterst\u00fctzen.<\/p>\n<p>[\/et_pb_toggle][et_pb_toggle title=&#8220;Wie lange dauert eine Auditierung?&#8220; closed_toggle_text_color=&#8220;#0a0a0a&#8220; _builder_version=&#8220;4.16&#8243; body_text_color=&#8220;#000000&#8243; global_colors_info=&#8220;{}&#8220;]<\/p>\n<p>Der Auditierungsprozess dauert &#8211; je nach Gr\u00f6\u00dfe und T\u00e4tigkeit sowie geleisteter Vorarbeit des Unternehmens (s.u.) &#8211; unterschiedlich lang. Eine Rolle spielt hierbei auch, welche Bausteine des Compliance-Managements im Unternehmen bereits existieren.<\/p>\n<p>[\/et_pb_toggle][et_pb_toggle title=&#8220;Wie k\u00f6nnen wir unternehmensseitig die Auditierung vorbereiten?&#8220; closed_toggle_text_color=&#8220;#0a0a0a&#8220; _builder_version=&#8220;4.16&#8243; body_text_color=&#8220;#000000&#8243; global_colors_info=&#8220;{}&#8220;]<\/p>\n<p>Das Unternehmen kann im Vorfeld eine Synopse der n\u00f6tigen Bausteine des Compliance-Managements (<a href=\"https:\/\/icg-institut.de\/wp-content\/uploads\/2020\/07\/Pflichtenheft_2018_low.pdf\" target=\"_blank\" rel=\"noopener noreferrer\">vgl. Pflichtenheft<\/a>) durchf\u00fchren und ermitteln, welche Ma\u00dfnahmen bereits implementiert sind bzw. noch fehlen. Hierdurch kann der weitere Pr\u00fcfprozess vereinfacht und verk\u00fcrzt werden.<\/p>\n<p>[\/et_pb_toggle][et_pb_toggle title=&#8220;Wer kann uns bei der Vorbereitung helfen?&#8220; closed_toggle_text_color=&#8220;#0a0a0a&#8220; _builder_version=&#8220;4.16&#8243; body_text_color=&#8220;#000000&#8243; global_colors_info=&#8220;{}&#8220;]<\/p>\n<p>Die Gesch\u00e4ftsstelle des ICG steht f\u00fcr alle Fragen zum Verfahren gerne zur Verf\u00fcgung. Dar\u00fcber hinaus hat das ICG einen Pool aus Ansprechpartnern bereits zertifizierter Unternehmen gebildet. Diese stehen f\u00fcr konkrete Tipps zur Verf\u00fcgung und berichten gerne von ihren Erfahrungen.<\/p>\n<p>[\/et_pb_toggle][et_pb_toggle title=&#8220;Welche Fristen m\u00fcssen wir beachten?&#8220; closed_toggle_text_color=&#8220;#0a0a0a&#8220; _builder_version=&#8220;4.16&#8243; body_text_color=&#8220;#000000&#8243; global_colors_info=&#8220;{}&#8220;]<\/p>\n<p>Diese sind ausf\u00fchrlich in der Pr\u00fcfordnung festgelegt (<a href=\"https:\/\/icg-institut.de\/wp-content\/uploads\/2020\/10\/Richtlinie-zur-Durchfu%CC%88hrung-Auditierungs-u.-Zertifizierungsverfahren.pdf\" target=\"_blank\" rel=\"noopener noreferrer\">vgl. Pr\u00fcfordnung<\/a>).<\/p>\n<p>[\/et_pb_toggle][et_pb_toggle title=&#8220;Was passiert nach der Auditierung?&#8220; closed_toggle_text_color=&#8220;#0a0a0a&#8220; _builder_version=&#8220;4.16&#8243; body_text_color=&#8220;#000000&#8243; global_colors_info=&#8220;{}&#8220;]<\/p>\n<p>Das Unternehmen (oder der Auditor in dessen Auftrag) schickt einen Bericht \u00fcber die Auditierung an das ICG (<a href=\"https:\/\/icg-institut.de\/wp-content\/uploads\/2020\/10\/Richtlinie-zur-Durchfu%CC%88hrung-Auditierungs-u.-Zertifizierungsverfahren.pdf\" target=\"_blank\" rel=\"noopener noreferrer\">vgl. Pr\u00fcfordnung<\/a>). Der Vorstand des ICG pr\u00fcft diesen und kann bei Bedarf um weitere Informationen bitten. Falls keine Einw\u00e4nde des Vorstandes bestehen, steht der Zertifizierung nichts mehr im Wege.<\/p>\n<p>[\/et_pb_toggle][et_pb_toggle title=&#8220;Wie erfolgt die Zertifizierung?&#8220; closed_toggle_text_color=&#8220;#0a0a0a&#8220; _builder_version=&#8220;4.16&#8243; body_text_color=&#8220;#000000&#8243; global_colors_info=&#8220;{}&#8220;]<\/p>\n<p>Das Zertifikat wird dem Unternehmen in einer frei zu w\u00e4hlenden Form \u00fcberreicht. Die \u00dcberreichung kann z.B. w\u00e4hrend einer Betriebsversammlung, einer Feier oder auf einer Veranstaltung des ICG vorgenommen werden.<\/p>\n<p>[\/et_pb_toggle][et_pb_toggle title=&#8220; Was kostet eine Zertifizierung?&#8220; closed_toggle_text_color=&#8220;#0a0a0a&#8220; _builder_version=&#8220;4.22.2&#8243; body_text_color=&#8220;#000000&#8243; hover_enabled=&#8220;0&#8243; global_colors_info=&#8220;{}&#8220; sticky_enabled=&#8220;0&#8243;]Die Kosten f\u00fcr die Zertifizierung durch das ICG belaufen sich auf pauschal \u20ac 6.000,-. Die Kosten f\u00fcr die Auditierung werden zwischen dem Unternehmen und dem jeweiligen Auditor festgelegt. (<a href=\"https:\/\/icg-institut.de\/wp-content\/uploads\/2024\/02\/Kostenordnung-Zertifizierungen-2-2024.pdf\" rel=\"attachment wp-att-6046 noopener noreferrer\" target=\"_blank\">Kostenordnung Zertifizierungen<\/a>)[\/et_pb_toggle][\/et_pb_column][\/et_pb_row][\/et_pb_section]<\/p>\n","protected":false},"excerpt":{"rendered":"<p>ZERTIFIZIERUNG &#8211; FAQDie Zertifizierung dokumentiert die Implementierung und Aufrechterhaltung eines angemessenen Compliance-Management-Systems. Einen Nutzen erzielt das Unternehmen hiermit in den Bereichen Compliance- und Risikomanagement Enthaftung und Haftungsvermeidung f\u00fcr Unternehmensorgane Umsetzung nationaler und internationaler Standards Finanzierung auf dem Kapitalmarkt Anwerben von Equity Kooperation mit internationalen Joint Venture \u2013 Partnern Guter Ruf und \u00f6ffentliches Ansehen Gewinnung neuer [&hellip;]<\/p>\n","protected":false},"author":2,"featured_media":0,"parent":8259,"menu_order":0,"comment_status":"closed","ping_status":"closed","template":"","meta":{"_et_pb_use_builder":"on","_et_pb_old_content":"<!-- wp:divi\/placeholder \/-->","_et_gb_content_width":""},"yoast_head":"<!-- This site is optimized with the Yoast SEO plugin v20.6 - https:\/\/yoast.com\/wordpress\/plugins\/seo\/ -->\n<title>FAQ &ndash; Institut f\u00fcr Corporate Governance<\/title>\n<meta name=\"robots\" content=\"index, follow, max-snippet:-1, max-image-preview:large, max-video-preview:-1\" \/>\n<link rel=\"canonical\" href=\"https:\/\/icg-institut.de\/de\/zertifizierungsunterlagen\/faq\/\" \/>\n<meta property=\"og:locale\" content=\"de_DE\" \/>\n<meta property=\"og:type\" content=\"article\" \/>\n<meta property=\"og:title\" content=\"FAQ &ndash; Institut f\u00fcr Corporate Governance\" \/>\n<meta property=\"og:description\" content=\"ZERTIFIZIERUNG - FAQDie Zertifizierung dokumentiert die Implementierung und Aufrechterhaltung eines angemessenen Compliance-Management-Systems. Einen Nutzen erzielt das Unternehmen hiermit in den Bereichen Compliance- und Risikomanagement Enthaftung und Haftungsvermeidung f\u00fcr Unternehmensorgane Umsetzung nationaler und internationaler Standards Finanzierung auf dem Kapitalmarkt Anwerben von Equity Kooperation mit internationalen Joint Venture \u2013 Partnern Guter Ruf und \u00f6ffentliches Ansehen Gewinnung neuer [&hellip;]\" \/>\n<meta property=\"og:url\" content=\"https:\/\/icg-institut.de\/de\/zertifizierungsunterlagen\/faq\/\" \/>\n<meta property=\"og:site_name\" content=\"Institut f\u00fcr Corporate Governance\" \/>\n<meta property=\"article:modified_time\" content=\"2024-04-08T10:32:27+00:00\" \/>\n<meta name=\"twitter:card\" content=\"summary_large_image\" \/>\n<meta name=\"twitter:label1\" content=\"Gesch\u00e4tzte Lesezeit\" \/>\n\t<meta name=\"twitter:data1\" content=\"5 Minuten\" \/>\n<script type=\"application\/ld+json\" class=\"yoast-schema-graph\">{\"@context\":\"https:\/\/schema.org\",\"@graph\":[{\"@type\":\"WebPage\",\"@id\":\"https:\/\/icg-institut.de\/de\/zertifizierungsunterlagen\/faq\/\",\"url\":\"https:\/\/icg-institut.de\/de\/zertifizierungsunterlagen\/faq\/\",\"name\":\"FAQ &ndash; Institut f\u00fcr Corporate Governance\",\"isPartOf\":{\"@id\":\"https:\/\/icg-institut.de\/de\/#website\"},\"datePublished\":\"2020-07-23T08:22:01+00:00\",\"dateModified\":\"2024-04-08T10:32:27+00:00\",\"breadcrumb\":{\"@id\":\"https:\/\/icg-institut.de\/de\/zertifizierungsunterlagen\/faq\/#breadcrumb\"},\"inLanguage\":\"de-DE\",\"potentialAction\":[{\"@type\":\"ReadAction\",\"target\":[\"https:\/\/icg-institut.de\/de\/zertifizierungsunterlagen\/faq\/\"]}]},{\"@type\":\"BreadcrumbList\",\"@id\":\"https:\/\/icg-institut.de\/de\/zertifizierungsunterlagen\/faq\/#breadcrumb\",\"itemListElement\":[{\"@type\":\"ListItem\",\"position\":1,\"name\":\"Startseite\",\"item\":\"https:\/\/icg-institut.de\/de\/\"},{\"@type\":\"ListItem\",\"position\":2,\"name\":\"Zertifizierungsunterlagen\",\"item\":\"https:\/\/icg-institut.de\/de\/zertifizierungsunterlagen\/\"},{\"@type\":\"ListItem\",\"position\":3,\"name\":\"FAQ\"}]},{\"@type\":\"WebSite\",\"@id\":\"https:\/\/icg-institut.de\/de\/#website\",\"url\":\"https:\/\/icg-institut.de\/de\/\",\"name\":\"Institut f\u00fcr Corporate Governance\",\"description\":\"Das ICG ist der f\u00fchrende Think und Do-Tank der Immobilienbranche f\u00fcr gute Governance.\",\"publisher\":{\"@id\":\"https:\/\/icg-institut.de\/de\/#organization\"},\"potentialAction\":[{\"@type\":\"SearchAction\",\"target\":{\"@type\":\"EntryPoint\",\"urlTemplate\":\"https:\/\/icg-institut.de\/de\/?s={search_term_string}\"},\"query-input\":\"required name=search_term_string\"}],\"inLanguage\":\"de-DE\"},{\"@type\":\"Organization\",\"@id\":\"https:\/\/icg-institut.de\/de\/#organization\",\"name\":\"ICG Institut\",\"url\":\"https:\/\/icg-institut.de\/de\/\",\"logo\":{\"@type\":\"ImageObject\",\"inLanguage\":\"de-DE\",\"@id\":\"https:\/\/icg-institut.de\/de\/#\/schema\/logo\/image\/\",\"url\":\"https:\/\/icg-institut.de\/wp-content\/uploads\/2020\/10\/Logo_ICG_short_4c_transp.png\",\"contentUrl\":\"https:\/\/icg-institut.de\/wp-content\/uploads\/2020\/10\/Logo_ICG_short_4c_transp.png\",\"width\":6123,\"height\":1987,\"caption\":\"ICG Institut\"},\"image\":{\"@id\":\"https:\/\/icg-institut.de\/de\/#\/schema\/logo\/image\/\"}}]}<\/script>\n<!-- \/ Yoast SEO plugin. -->","yoast_head_json":{"title":"FAQ &ndash; Institut f\u00fcr Corporate Governance","robots":{"index":"index","follow":"follow","max-snippet":"max-snippet:-1","max-image-preview":"max-image-preview:large","max-video-preview":"max-video-preview:-1"},"canonical":"https:\/\/icg-institut.de\/de\/zertifizierungsunterlagen\/faq\/","og_locale":"de_DE","og_type":"article","og_title":"FAQ &ndash; Institut f\u00fcr Corporate Governance","og_description":"ZERTIFIZIERUNG - FAQDie Zertifizierung dokumentiert die Implementierung und Aufrechterhaltung eines angemessenen Compliance-Management-Systems. Einen Nutzen erzielt das Unternehmen hiermit in den Bereichen Compliance- und Risikomanagement Enthaftung und Haftungsvermeidung f\u00fcr Unternehmensorgane Umsetzung nationaler und internationaler Standards Finanzierung auf dem Kapitalmarkt Anwerben von Equity Kooperation mit internationalen Joint Venture \u2013 Partnern Guter Ruf und \u00f6ffentliches Ansehen Gewinnung neuer [&hellip;]","og_url":"https:\/\/icg-institut.de\/de\/zertifizierungsunterlagen\/faq\/","og_site_name":"Institut f\u00fcr Corporate Governance","article_modified_time":"2024-04-08T10:32:27+00:00","twitter_card":"summary_large_image","twitter_misc":{"Gesch\u00e4tzte Lesezeit":"5 Minuten"},"schema":{"@context":"https:\/\/schema.org","@graph":[{"@type":"WebPage","@id":"https:\/\/icg-institut.de\/de\/zertifizierungsunterlagen\/faq\/","url":"https:\/\/icg-institut.de\/de\/zertifizierungsunterlagen\/faq\/","name":"FAQ &ndash; Institut f\u00fcr Corporate Governance","isPartOf":{"@id":"https:\/\/icg-institut.de\/de\/#website"},"datePublished":"2020-07-23T08:22:01+00:00","dateModified":"2024-04-08T10:32:27+00:00","breadcrumb":{"@id":"https:\/\/icg-institut.de\/de\/zertifizierungsunterlagen\/faq\/#breadcrumb"},"inLanguage":"de-DE","potentialAction":[{"@type":"ReadAction","target":["https:\/\/icg-institut.de\/de\/zertifizierungsunterlagen\/faq\/"]}]},{"@type":"BreadcrumbList","@id":"https:\/\/icg-institut.de\/de\/zertifizierungsunterlagen\/faq\/#breadcrumb","itemListElement":[{"@type":"ListItem","position":1,"name":"Startseite","item":"https:\/\/icg-institut.de\/de\/"},{"@type":"ListItem","position":2,"name":"Zertifizierungsunterlagen","item":"https:\/\/icg-institut.de\/de\/zertifizierungsunterlagen\/"},{"@type":"ListItem","position":3,"name":"FAQ"}]},{"@type":"WebSite","@id":"https:\/\/icg-institut.de\/de\/#website","url":"https:\/\/icg-institut.de\/de\/","name":"Institut f\u00fcr Corporate Governance","description":"Das ICG ist der f\u00fchrende Think und Do-Tank der Immobilienbranche f\u00fcr gute Governance.","publisher":{"@id":"https:\/\/icg-institut.de\/de\/#organization"},"potentialAction":[{"@type":"SearchAction","target":{"@type":"EntryPoint","urlTemplate":"https:\/\/icg-institut.de\/de\/?s={search_term_string}"},"query-input":"required name=search_term_string"}],"inLanguage":"de-DE"},{"@type":"Organization","@id":"https:\/\/icg-institut.de\/de\/#organization","name":"ICG Institut","url":"https:\/\/icg-institut.de\/de\/","logo":{"@type":"ImageObject","inLanguage":"de-DE","@id":"https:\/\/icg-institut.de\/de\/#\/schema\/logo\/image\/","url":"https:\/\/icg-institut.de\/wp-content\/uploads\/2020\/10\/Logo_ICG_short_4c_transp.png","contentUrl":"https:\/\/icg-institut.de\/wp-content\/uploads\/2020\/10\/Logo_ICG_short_4c_transp.png","width":6123,"height":1987,"caption":"ICG Institut"},"image":{"@id":"https:\/\/icg-institut.de\/de\/#\/schema\/logo\/image\/"}}]}},"_links":{"self":[{"href":"https:\/\/icg-institut.de\/de\/wp-json\/wp\/v2\/pages\/7976"}],"collection":[{"href":"https:\/\/icg-institut.de\/de\/wp-json\/wp\/v2\/pages"}],"about":[{"href":"https:\/\/icg-institut.de\/de\/wp-json\/wp\/v2\/types\/page"}],"author":[{"embeddable":true,"href":"https:\/\/icg-institut.de\/de\/wp-json\/wp\/v2\/users\/2"}],"replies":[{"embeddable":true,"href":"https:\/\/icg-institut.de\/de\/wp-json\/wp\/v2\/comments?post=7976"}],"version-history":[{"count":0,"href":"https:\/\/icg-institut.de\/de\/wp-json\/wp\/v2\/pages\/7976\/revisions"}],"up":[{"embeddable":true,"href":"https:\/\/icg-institut.de\/de\/wp-json\/wp\/v2\/pages\/8259"}],"wp:attachment":[{"href":"https:\/\/icg-institut.de\/de\/wp-json\/wp\/v2\/media?parent=7976"}],"curies":[{"name":"wp","href":"https:\/\/api.w.org\/{rel}","templated":true}]}}