{"id":8030,"date":"2020-07-30T08:39:51","date_gmt":"2020-07-30T08:39:51","guid":{"rendered":"http:\/\/icg-institut.de\/?page_id=8030"},"modified":"2021-07-06T15:48:17","modified_gmt":"2021-07-06T15:48:17","slug":"csr-leitfaden","status":"publish","type":"page","link":"https:\/\/icg-institut.de\/de\/csr-initiative\/csr-leitfaden\/","title":{"rendered":"CSR-Leitfaden"},"content":{"rendered":"<p>[et_pb_section fb_built=&#8220;1&#8243; fullwidth=&#8220;on&#8220; admin_label=&#8220;Page Header&#8220; _builder_version=&#8220;4.4.4&#8243; background_color=&#8220;#e02b20&#8243; background_image=&#8220;http:\/\/icg-institut.de\/wp-content\/uploads\/2020\/04\/business-07.jpg&#8220; parallax=&#8220;on&#8220; locked=&#8220;off&#8220;][et_pb_fullwidth_header text_orientation=&#8220;center&#8220; admin_label=&#8220;Hero Section&#8220; _builder_version=&#8220;4.4.4&#8243; title_font=&#8220;Montserrat||||||||&#8220; title_font_size=&#8220;60px&#8220; title_line_height=&#8220;1.4em&#8220; content_font_size=&#8220;40px&#8220; content_line_height=&#8220;1.8em&#8220; subhead_font=&#8220;||||&#8220; background_color=&#8220;rgba(255, 255, 255, 0)&#8220; use_background_color_gradient=&#8220;on&#8220; background_color_gradient_start=&#8220;#622b78&#8243; background_color_gradient_end=&#8220;rgba(114,114,219,0.25)&#8220; custom_button_one=&#8220;on&#8220; button_one_text_size=&#8220;16px&#8220; button_one_bg_color=&#8220;#6eba01&#8243; button_one_border_width=&#8220;2px&#8220; button_one_border_color=&#8220;#6eba01&#8243; button_one_border_radius=&#8220;0&#8243; button_one_letter_spacing=&#8220;2&#8243; button_one_font=&#8220;Montserrat|||on|&#8220; button_one_use_icon=&#8220;off&#8220; custom_button_two=&#8220;on&#8220; button_two_text_size=&#8220;16px&#8220; button_two_border_width=&#8220;2px&#8220; button_two_border_color=&#8220;#ffffff&#8220; button_two_border_radius=&#8220;0&#8243; button_two_letter_spacing=&#8220;2&#8243; button_two_font=&#8220;Montserrat|||on|&#8220; button_two_use_icon=&#8220;off&#8220; module_alignment=&#8220;left&#8220; animation_style=&#8220;fade&#8220; content_font_size_tablet=&#8220;&#8220; content_font_size_phone=&#8220;28px&#8220; content_font_size_last_edited=&#8220;on|phone&#8220; button_one_text_color_hover=&#8220;#6eba01&#8243; button_two_text_color_hover=&#8220;#6eba01&#8243; button_one_border_color_hover=&#8220;#ffffff&#8220; button_two_border_color_hover=&#8220;#ffffff&#8220; button_one_border_radius_hover=&#8220;0&#8243; button_two_border_radius_hover=&#8220;0&#8243; button_one_letter_spacing_hover=&#8220;2&#8243; button_two_letter_spacing_hover=&#8220;2&#8243; button_one_bg_color_hover=&#8220;#ffffff&#8220; button_two_bg_color_hover=&#8220;#ffffff&#8220; button_one_text_size__hover_enabled=&#8220;off&#8220; button_two_text_size__hover_enabled=&#8220;off&#8220; button_one_text_color__hover_enabled=&#8220;on&#8220; button_one_text_color__hover=&#8220;#6eba01&#8243; button_two_text_color__hover_enabled=&#8220;on&#8220; button_two_text_color__hover=&#8220;#6eba01&#8243; button_one_border_width__hover_enabled=&#8220;off&#8220; button_two_border_width__hover_enabled=&#8220;off&#8220; button_one_border_color__hover_enabled=&#8220;on&#8220; button_one_border_color__hover=&#8220;#ffffff&#8220; button_two_border_color__hover_enabled=&#8220;on&#8220; button_two_border_color__hover=&#8220;#ffffff&#8220; button_one_border_radius__hover_enabled=&#8220;on&#8220; button_one_border_radius__hover=&#8220;0&#8243; button_two_border_radius__hover_enabled=&#8220;on&#8220; button_two_border_radius__hover=&#8220;0&#8243; button_one_letter_spacing__hover_enabled=&#8220;on&#8220; button_one_letter_spacing__hover=&#8220;2&#8243; button_two_letter_spacing__hover_enabled=&#8220;on&#8220; button_two_letter_spacing__hover=&#8220;2&#8243; button_one_bg_color__hover_enabled=&#8220;on&#8220; button_one_bg_color__hover=&#8220;#ffffff&#8220; button_two_bg_color__hover_enabled=&#8220;on&#8220; button_two_bg_color__hover=&#8220;#ffffff&#8220;]<\/p>\n<p>CSR-LEITFADEN<\/p>\n<p>[\/et_pb_fullwidth_header][\/et_pb_section][et_pb_section fb_built=&#8220;1&#8243; admin_label=&#8220;Our Team&#8220; _builder_version=&#8220;4.4.4&#8243; background_color=&#8220;#f4f4f4&#8243; custom_padding=&#8220;40px||40px||true|false&#8220; locked=&#8220;off&#8220;][et_pb_row column_structure=&#8220;1_2,1_2&#8243; _builder_version=&#8220;4.4.4&#8243; custom_css_main_element=&#8220;align-items: center;&#8220;][et_pb_column type=&#8220;1_2&#8243; _builder_version=&#8220;4.4.4&#8243;][et_pb_text _builder_version=&#8220;4.4.4&#8243;]<\/p>\n<p><strong>LEITFADEN<\/strong><\/p>\n<p>Der Praxisleitfaden f\u00fcr soziales und gesellschaftliches Handeln der Immobilienwirtschaft der CSR-Initiative des ICG richtet sich an Unternehmen aus der gesamten Branche sowie anderen Industrien, die soziales und gesellschaftliches Engagement wirksam gestalten m\u00f6chten. Dazu gibt es zahlreiche praktische Tipps, Beschreibungen besonders erfolgversprechender Handlungsfelder und Erfolgsfaktoren sowie zahlreiche Best Practice-Beispiele, die zum Nachahmen anregen.<\/p>\n<p>[\/et_pb_text][et_pb_text _builder_version=&#8220;4.4.4&#8243; locked=&#8220;off&#8220;]<\/p>\n<p><strong>Warum lohnt sich der Praxisleitfaden f\u00fcr mich?<\/strong><\/p>\n<p>Soziales und gesellschaftliches Engagement ist weit mehr als M\u00e4zenatentum und Marketing. Es ist ein zukunftsweisendes Leitbild, aktiv die gesellschaftliche Entwicklung mitzugestalten und gleichzeitig die eigene Wettbewerbsf\u00e4higkeit zu st\u00e4rken. Richtig umgesetzt tr\u00e4gt es zu einer nachhaltigen Ausrichtung der Unternehmen der Immobilienwirtschaft bei.<\/p>\n<p>Um zu den Gestaltern und Vorreitern in diesem Bereich zu geh\u00f6ren, hilft Ihnen eine passende Strategie und ein Instrumentenkoffer, mit dem Sie qualitativ hochwertige Programme entwickeln, realisieren, bewerten und kommunizieren k\u00f6nnen. Der Praxisleitfaden bietet Ihnen hierf\u00fcr konkrete Orientierungshilfen.<\/p>\n<p>[\/et_pb_text][et_pb_text _builder_version=&#8220;4.4.4&#8243;]<\/p>\n<p><strong>Was finde ich im Praxisleitfaden ganz konkret?<\/strong><\/p>\n<p>Auf \u00fcber 100 Seiten erfahren Sie vom Mehrwert sozialer und gesellschaftlicher Verantwortungs\u00fcbernahme in der Immobilienwirtschaft, entdecken verschiedene Formate des Engagements \u2013 von der Spende \u00fcber Corporate Volunteering bis hin zum sozial-verantwortlichen Arbeitgeber \u2013 und finden hilfreiche Qualit\u00e4tskriterien und Erfolgsfaktoren f\u00fcr die Gestaltung Ihres Engagements. Dar\u00fcber hinaus stellen wir Ihnen wichtige Handlungsfelder vor, in denen sich die Immobilienwirtschaft besonders sinnvoll engagieren kann \u2013 von der Gestaltung des eigenen Arbeitsumfeldes \u00fcber die Unterst\u00fctzung Benachteiligter wie beispielsweise Gefl\u00fcchteter bis zu Fragen des Zusammenlebens im Sozialraum, etwa im Rahmen der Quartiersentwicklung.<\/p>\n<p>Der Praxisleitfaden bietet zahlreiche Praxisbeispiele sowie konkrete Hinweise f\u00fcr die eigene Umsetzung. Er kann sowohl als Anleitung, als Inspiration oder als Nachschlagewerk f\u00fcr gutes soziales und gesellschaftliches Engagement genutzt werden.<\/p>\n<p>[\/et_pb_text][\/et_pb_column][et_pb_column type=&#8220;1_2&#8243; _builder_version=&#8220;4.4.4&#8243;][et_pb_image src=&#8220;http:\/\/icg-institut.de\/wp-content\/uploads\/2020\/09\/Perspektiven-der-Immobilienwirtschaft.jpg&#8220; alt=&#8220;Thumbnail ICG Lounge Video&#8220; title_text=&#8220;Perspektiven-der-Immobilienwirtschaft&#8220; url_new_window=&#8220;on&#8220; _builder_version=&#8220;4.4.4&#8243; width=&#8220;100%&#8220; custom_padding_tablet=&#8220;5%||5%||true|false&#8220; custom_padding_phone=&#8220;10%||||false|false&#8220; custom_padding_last_edited=&#8220;on|phone&#8220;][\/et_pb_image][\/et_pb_column][\/et_pb_row][et_pb_row _builder_version=&#8220;4.4.4&#8243; locked=&#8220;off&#8220;][et_pb_column type=&#8220;4_4&#8243; _builder_version=&#8220;4.4.4&#8243;][et_pb_text _builder_version=&#8220;4.4.4&#8243;]<\/p>\n<p style=\"text-align: center;\"><strong>Sie wollen den Leitfaden downloaden? Bitte tragen Sie sich hierzu in das nachfolgende Formular ein!<\/strong><\/p>\n<p>[\/et_pb_text][et_pb_code _builder_version=&#8220;4.4.4&#8243; locked=&#8220;off&#8220;]<div class=\"wpforms-container wpforms-container-full\" id=\"wpforms-12232\"><form id=\"wpforms-form-12232\" class=\"wpforms-validate wpforms-form\" data-formid=\"12232\" method=\"post\" enctype=\"multipart\/form-data\" action=\"\/de\/wp-json\/wp\/v2\/pages\/8030\" data-token=\"4d4d95b0288f1c5b27e6b33f80766147\" data-token-time=\"1776700575\"><noscript class=\"wpforms-error-noscript\">Bitte aktiviere JavaScript in deinem Browser, um dieses Formular fertigzustellen.<\/noscript><div class=\"wpforms-field-container\"><div id=\"wpforms-12232-field_14-container\" class=\"wpforms-field wpforms-field-radio wpforms-list-inline\" data-field-id=\"14\"><label class=\"wpforms-field-label\">Anrede <span class=\"wpforms-required-label\">*<\/span><\/label><ul id=\"wpforms-12232-field_14\" class=\"wpforms-field-required\"><li class=\"choice-1 depth-1\"><input type=\"radio\" id=\"wpforms-12232-field_14_1\" name=\"wpforms[fields][14]\" value=\"Herr\" required ><label class=\"wpforms-field-label-inline\" for=\"wpforms-12232-field_14_1\">Herr<\/label><\/li><li class=\"choice-2 depth-1\"><input type=\"radio\" id=\"wpforms-12232-field_14_2\" name=\"wpforms[fields][14]\" value=\"Frau\" required ><label class=\"wpforms-field-label-inline\" for=\"wpforms-12232-field_14_2\">Frau<\/label><\/li><li class=\"choice-4 depth-1\"><input type=\"radio\" id=\"wpforms-12232-field_14_4\" name=\"wpforms[fields][14]\" value=\"Divers\" required ><label class=\"wpforms-field-label-inline\" for=\"wpforms-12232-field_14_4\">Divers<\/label><\/li><\/ul><\/div><div id=\"wpforms-12232-field_15-container\" class=\"wpforms-field wpforms-field-text wpforms-one-half wpforms-first\" data-field-id=\"15\"><label class=\"wpforms-field-label\" for=\"wpforms-12232-field_15\">Titel<\/label><input type=\"text\" id=\"wpforms-12232-field_15\" class=\"wpforms-field-large\" name=\"wpforms[fields][15]\" ><\/div><div id=\"wpforms-12232-field_3-container\" class=\"wpforms-field wpforms-field-email wpforms-one-half\" data-field-id=\"3\"><label class=\"wpforms-field-label\">E-Mail <span class=\"wpforms-required-label\">*<\/span><\/label><div class=\"wpforms-field-row wpforms-field-large\"><div class=\"wpforms-field-row-block wpforms-one-half wpforms-first\"><input type=\"email\" id=\"wpforms-12232-field_3\" class=\"wpforms-field-required wpforms-field-email-primary\" name=\"wpforms[fields][3][primary]\" spellcheck=\"false\" required><label for=\"wpforms-12232-field_3\" class=\"wpforms-field-sublabel after\">E-Mail-Adresse<\/label><\/div><div class=\"wpforms-field-row-block wpforms-one-half\"><input type=\"email\" id=\"wpforms-12232-field_3-secondary\" class=\"wpforms-field-email-secondary wpforms-field-required\" data-rule-confirm=\"#wpforms-12232-field_3\" name=\"wpforms[fields][3][secondary]\" spellcheck=\"false\" required><label for=\"wpforms-12232-field_3-secondary\" class=\"wpforms-field-sublabel after\">E-Mail best\u00e4tigen<\/label><\/div><\/div><\/div><div id=\"wpforms-12232-field_22-container\" class=\"wpforms-field wpforms-field-text wpforms-one-half wpforms-first\" data-field-id=\"22\"><label class=\"wpforms-field-label\" for=\"wpforms-12232-field_22\">Vorname <span class=\"wpforms-required-label\">*<\/span><\/label><input type=\"text\" id=\"wpforms-12232-field_22\" class=\"wpforms-field-large wpforms-field-required\" name=\"wpforms[fields][22]\" required><\/div><div id=\"wpforms-12232-field_23-container\" class=\"wpforms-field wpforms-field-text wpforms-one-half\" data-field-id=\"23\"><label class=\"wpforms-field-label\" for=\"wpforms-12232-field_23\">Nachname <span class=\"wpforms-required-label\">*<\/span><\/label><input type=\"text\" id=\"wpforms-12232-field_23\" class=\"wpforms-field-large wpforms-field-required\" name=\"wpforms[fields][23]\" required><\/div><div id=\"wpforms-12232-field_7-container\" class=\"wpforms-field wpforms-field-text wpforms-one-half wpforms-first\" data-field-id=\"7\"><label class=\"wpforms-field-label\" for=\"wpforms-12232-field_7\">Position <span class=\"wpforms-required-label\">*<\/span><\/label><input type=\"text\" id=\"wpforms-12232-field_7\" class=\"wpforms-field-large wpforms-field-required\" name=\"wpforms[fields][7]\" required><\/div><div id=\"wpforms-12232-field_6-container\" class=\"wpforms-field wpforms-field-text wpforms-one-half\" data-field-id=\"6\"><label class=\"wpforms-field-label\" for=\"wpforms-12232-field_6\">Unternehmen <span class=\"wpforms-required-label\">*<\/span><\/label><input type=\"text\" id=\"wpforms-12232-field_6\" class=\"wpforms-field-large wpforms-field-required\" name=\"wpforms[fields][6]\" required><\/div><div id=\"wpforms-12232-field_16-container\" class=\"wpforms-field wpforms-field-text wpforms-one-half wpforms-first\" data-field-id=\"16\"><label class=\"wpforms-field-label\" for=\"wpforms-12232-field_16\">Stra\u00dfe<\/label><input type=\"text\" id=\"wpforms-12232-field_16\" class=\"wpforms-field-large\" name=\"wpforms[fields][16]\" ><\/div><div id=\"wpforms-12232-field_17-container\" class=\"wpforms-field wpforms-field-text wpforms-one-half\" data-field-id=\"17\"><label class=\"wpforms-field-label\" for=\"wpforms-12232-field_17\">PLZ<\/label><input type=\"text\" id=\"wpforms-12232-field_17\" class=\"wpforms-field-large\" name=\"wpforms[fields][17]\" ><\/div><div id=\"wpforms-12232-field_18-container\" class=\"wpforms-field wpforms-field-text wpforms-one-half wpforms-first\" data-field-id=\"18\"><label class=\"wpforms-field-label\" for=\"wpforms-12232-field_18\">Ort<\/label><input type=\"text\" id=\"wpforms-12232-field_18\" class=\"wpforms-field-large\" name=\"wpforms[fields][18]\" ><\/div><div id=\"wpforms-12232-field_19-container\" class=\"wpforms-field wpforms-field-text wpforms-one-half\" data-field-id=\"19\"><label class=\"wpforms-field-label\" for=\"wpforms-12232-field_19\">Land<\/label><input type=\"text\" id=\"wpforms-12232-field_19\" class=\"wpforms-field-large\" name=\"wpforms[fields][19]\" ><\/div><div id=\"wpforms-12232-field_10-container\" class=\"wpforms-field wpforms-field-checkbox\" data-field-id=\"10\"><label class=\"wpforms-field-label\">Einwilligung <span class=\"wpforms-required-label\">*<\/span><\/label><ul id=\"wpforms-12232-field_10\" class=\"wpforms-field-required\"><li class=\"choice-1 depth-1\"><input type=\"checkbox\" id=\"wpforms-12232-field_10_1\" name=\"wpforms[fields][10][]\" value=\"Ja\" required ><label class=\"wpforms-field-label-inline\" for=\"wpforms-12232-field_10_1\">Ja<\/label><\/li><\/ul><div class=\"wpforms-field-description\">Mit dem Download willige ich ein, Informationen zu Veranstaltungen und Informationen zu aktuellen Themen des ICG per E-Mail zu erhalten. Meine Einwilligung stellt die Gegenleistung dar, welche ich f\u00fcr den unentgeltlichen Download des Praxisleitfadens erbringe. Unabh\u00e4ngig davon kann ich meine Einwilligung jederzeit mit Wirkung f\u00fcr die Zukunft widerrufen.<\/div><\/div><div id=\"wpforms-12232-field_4-container\" class=\"wpforms-field wpforms-field-captcha\" data-field-id=\"4\"><label class=\"wpforms-field-label\" for=\"wpforms-12232-field_4\">Captcha <span class=\"wpforms-required-label\">*<\/span><\/label>\t\t\t<div class=\"wpforms-captcha-math\">\n\t\t\t\t<span id=\"wpforms-12232-field_4-question\" class=\"wpforms-captcha-equation\">\n\t\t\t\t\t<span class=\"n1\">12<\/span>\n\t\t\t\t\t\t\t<span class=\"cal\">+<\/span>\n\t\t\t\t\t\t\t<span class=\"n2\">2<\/span>\t\t\t\t\t<span class=\"e\">=<\/span>\n\t\t\t\t<\/span>\n\t\t\t\t<input type=\"text\" id=\"wpforms-12232-field_4\" class=\"wpforms-field-medium wpforms-field-required a\" data-rule-wpf-captcha=\"math\" data-is-wrapped-field=\"1\" name=\"wpforms[fields][4][a]\" aria-describedby=\"wpforms-12232-field_4-question\" required>\t\t\t\t<input type=\"hidden\" name=\"wpforms[fields][4][cal]\" class=\"cal\">\n\t\t\t\t<input type=\"hidden\" name=\"wpforms[fields][4][n2]\" class=\"n2\">\n\t\t\t\t<input type=\"hidden\" name=\"wpforms[fields][4][n1]\" class=\"n1\">\n\t\t\t<\/div>\n\t\t\t<\/div><\/div><!-- .wpforms-field-container --><div class=\"wpforms-submit-container\" ><input type=\"hidden\" name=\"wpforms[id]\" value=\"12232\"><input type=\"hidden\" name=\"page_title\" value=\"\"><input type=\"hidden\" name=\"page_url\" value=\"https:\/\/icg-institut.de\/de\/wp-json\/wp\/v2\/pages\/8030\"><input type=\"hidden\" name=\"url_referer\" value=\"\"><button type=\"submit\" name=\"wpforms[submit]\" id=\"wpforms-submit-12232\" class=\"wpforms-submit\" data-alt-text=\"Laden...\" data-submit-text=\"Herunterladen\" aria-live=\"assertive\" value=\"wpforms-submit\">Herunterladen<\/button><\/div><\/form><\/div>  <!-- .wpforms-container -->[\/et_pb_code][et_pb_text _builder_version=&#8220;4.4.4&#8243; locked=&#8220;off&#8220;]<\/p>\n<p><em>Wir verarbeiten Ihre personenbezogenen Daten im Einklang mit unserer <a href=\"https:\/\/icg-institut.de\/datenschutzerklaerung\/\" target=\"_blank\" rel=\"noopener noreferrer\">Datenschutzerkl\u00e4rung<\/a><\/em>.<\/p>\n<p>[\/et_pb_text][\/et_pb_column][\/et_pb_row][\/et_pb_section]<\/p>\n","protected":false},"excerpt":{"rendered":"<p>CSR-LEITFADENLEITFADEN Der Praxisleitfaden f\u00fcr soziales und gesellschaftliches Handeln der Immobilienwirtschaft der CSR-Initiative des ICG richtet sich an Unternehmen aus der gesamten Branche sowie anderen Industrien, die soziales und gesellschaftliches Engagement wirksam gestalten m\u00f6chten. Dazu gibt es zahlreiche praktische Tipps, Beschreibungen besonders erfolgversprechender Handlungsfelder und Erfolgsfaktoren sowie zahlreiche Best Practice-Beispiele, die zum Nachahmen anregen.Warum lohnt sich [&hellip;]<\/p>\n","protected":false},"author":2,"featured_media":0,"parent":8014,"menu_order":0,"comment_status":"closed","ping_status":"closed","template":"","meta":{"_et_pb_use_builder":"on","_et_pb_old_content":"<!-- wp:divi\/placeholder \/-->","_et_gb_content_width":""},"yoast_head":"<!-- This site is optimized with the Yoast SEO plugin v20.6 - https:\/\/yoast.com\/wordpress\/plugins\/seo\/ -->\n<title>CSR-Leitfaden &ndash; Institut f\u00fcr Corporate Governance<\/title>\n<meta name=\"robots\" content=\"index, follow, max-snippet:-1, max-image-preview:large, max-video-preview:-1\" \/>\n<link rel=\"canonical\" href=\"https:\/\/icg-institut.de\/de\/csr-initiative\/csr-leitfaden\/\" \/>\n<meta property=\"og:locale\" content=\"de_DE\" \/>\n<meta property=\"og:type\" content=\"article\" \/>\n<meta property=\"og:title\" content=\"CSR-Leitfaden &ndash; Institut f\u00fcr Corporate Governance\" \/>\n<meta property=\"og:description\" content=\"CSR-LEITFADENLEITFADEN Der Praxisleitfaden f\u00fcr soziales und gesellschaftliches Handeln der Immobilienwirtschaft der CSR-Initiative des ICG richtet sich an Unternehmen aus der gesamten Branche sowie anderen Industrien, die soziales und gesellschaftliches Engagement wirksam gestalten m\u00f6chten. Dazu gibt es zahlreiche praktische Tipps, Beschreibungen besonders erfolgversprechender Handlungsfelder und Erfolgsfaktoren sowie zahlreiche Best Practice-Beispiele, die zum Nachahmen anregen.Warum lohnt sich [&hellip;]\" \/>\n<meta property=\"og:url\" content=\"https:\/\/icg-institut.de\/de\/csr-initiative\/csr-leitfaden\/\" \/>\n<meta property=\"og:site_name\" content=\"Institut f\u00fcr Corporate Governance\" \/>\n<meta property=\"article:modified_time\" content=\"2021-07-06T15:48:17+00:00\" \/>\n<meta name=\"twitter:card\" content=\"summary_large_image\" \/>\n<meta name=\"twitter:label1\" content=\"Gesch\u00e4tzte Lesezeit\" \/>\n\t<meta name=\"twitter:data1\" content=\"4 Minuten\" \/>\n<script type=\"application\/ld+json\" class=\"yoast-schema-graph\">{\"@context\":\"https:\/\/schema.org\",\"@graph\":[{\"@type\":\"WebPage\",\"@id\":\"https:\/\/icg-institut.de\/de\/csr-initiative\/csr-leitfaden\/\",\"url\":\"https:\/\/icg-institut.de\/de\/csr-initiative\/csr-leitfaden\/\",\"name\":\"CSR-Leitfaden &ndash; Institut f\u00fcr Corporate Governance\",\"isPartOf\":{\"@id\":\"https:\/\/icg-institut.de\/de\/#website\"},\"datePublished\":\"2020-07-30T08:39:51+00:00\",\"dateModified\":\"2021-07-06T15:48:17+00:00\",\"breadcrumb\":{\"@id\":\"https:\/\/icg-institut.de\/de\/csr-initiative\/csr-leitfaden\/#breadcrumb\"},\"inLanguage\":\"de-DE\",\"potentialAction\":[{\"@type\":\"ReadAction\",\"target\":[\"https:\/\/icg-institut.de\/de\/csr-initiative\/csr-leitfaden\/\"]}]},{\"@type\":\"BreadcrumbList\",\"@id\":\"https:\/\/icg-institut.de\/de\/csr-initiative\/csr-leitfaden\/#breadcrumb\",\"itemListElement\":[{\"@type\":\"ListItem\",\"position\":1,\"name\":\"Startseite\",\"item\":\"https:\/\/icg-institut.de\/de\/\"},{\"@type\":\"ListItem\",\"position\":2,\"name\":\"CSR-Initiative\",\"item\":\"https:\/\/icg-institut.de\/de\/csr-initiative\/\"},{\"@type\":\"ListItem\",\"position\":3,\"name\":\"CSR-Leitfaden\"}]},{\"@type\":\"WebSite\",\"@id\":\"https:\/\/icg-institut.de\/de\/#website\",\"url\":\"https:\/\/icg-institut.de\/de\/\",\"name\":\"Institut f\u00fcr Corporate Governance\",\"description\":\"Das ICG ist der f\u00fchrende Think und Do-Tank der Immobilienbranche f\u00fcr gute Governance.\",\"publisher\":{\"@id\":\"https:\/\/icg-institut.de\/de\/#organization\"},\"potentialAction\":[{\"@type\":\"SearchAction\",\"target\":{\"@type\":\"EntryPoint\",\"urlTemplate\":\"https:\/\/icg-institut.de\/de\/?s={search_term_string}\"},\"query-input\":\"required name=search_term_string\"}],\"inLanguage\":\"de-DE\"},{\"@type\":\"Organization\",\"@id\":\"https:\/\/icg-institut.de\/de\/#organization\",\"name\":\"ICG Institut\",\"url\":\"https:\/\/icg-institut.de\/de\/\",\"logo\":{\"@type\":\"ImageObject\",\"inLanguage\":\"de-DE\",\"@id\":\"https:\/\/icg-institut.de\/de\/#\/schema\/logo\/image\/\",\"url\":\"https:\/\/icg-institut.de\/wp-content\/uploads\/2020\/10\/Logo_ICG_short_4c_transp.png\",\"contentUrl\":\"https:\/\/icg-institut.de\/wp-content\/uploads\/2020\/10\/Logo_ICG_short_4c_transp.png\",\"width\":6123,\"height\":1987,\"caption\":\"ICG Institut\"},\"image\":{\"@id\":\"https:\/\/icg-institut.de\/de\/#\/schema\/logo\/image\/\"}}]}<\/script>\n<!-- \/ Yoast SEO plugin. -->","yoast_head_json":{"title":"CSR-Leitfaden &ndash; Institut f\u00fcr Corporate Governance","robots":{"index":"index","follow":"follow","max-snippet":"max-snippet:-1","max-image-preview":"max-image-preview:large","max-video-preview":"max-video-preview:-1"},"canonical":"https:\/\/icg-institut.de\/de\/csr-initiative\/csr-leitfaden\/","og_locale":"de_DE","og_type":"article","og_title":"CSR-Leitfaden &ndash; Institut f\u00fcr Corporate Governance","og_description":"CSR-LEITFADENLEITFADEN Der Praxisleitfaden f\u00fcr soziales und gesellschaftliches Handeln der Immobilienwirtschaft der CSR-Initiative des ICG richtet sich an Unternehmen aus der gesamten Branche sowie anderen Industrien, die soziales und gesellschaftliches Engagement wirksam gestalten m\u00f6chten. Dazu gibt es zahlreiche praktische Tipps, Beschreibungen besonders erfolgversprechender Handlungsfelder und Erfolgsfaktoren sowie zahlreiche Best Practice-Beispiele, die zum Nachahmen anregen.Warum lohnt sich [&hellip;]","og_url":"https:\/\/icg-institut.de\/de\/csr-initiative\/csr-leitfaden\/","og_site_name":"Institut f\u00fcr Corporate Governance","article_modified_time":"2021-07-06T15:48:17+00:00","twitter_card":"summary_large_image","twitter_misc":{"Gesch\u00e4tzte Lesezeit":"4 Minuten"},"schema":{"@context":"https:\/\/schema.org","@graph":[{"@type":"WebPage","@id":"https:\/\/icg-institut.de\/de\/csr-initiative\/csr-leitfaden\/","url":"https:\/\/icg-institut.de\/de\/csr-initiative\/csr-leitfaden\/","name":"CSR-Leitfaden &ndash; Institut f\u00fcr Corporate Governance","isPartOf":{"@id":"https:\/\/icg-institut.de\/de\/#website"},"datePublished":"2020-07-30T08:39:51+00:00","dateModified":"2021-07-06T15:48:17+00:00","breadcrumb":{"@id":"https:\/\/icg-institut.de\/de\/csr-initiative\/csr-leitfaden\/#breadcrumb"},"inLanguage":"de-DE","potentialAction":[{"@type":"ReadAction","target":["https:\/\/icg-institut.de\/de\/csr-initiative\/csr-leitfaden\/"]}]},{"@type":"BreadcrumbList","@id":"https:\/\/icg-institut.de\/de\/csr-initiative\/csr-leitfaden\/#breadcrumb","itemListElement":[{"@type":"ListItem","position":1,"name":"Startseite","item":"https:\/\/icg-institut.de\/de\/"},{"@type":"ListItem","position":2,"name":"CSR-Initiative","item":"https:\/\/icg-institut.de\/de\/csr-initiative\/"},{"@type":"ListItem","position":3,"name":"CSR-Leitfaden"}]},{"@type":"WebSite","@id":"https:\/\/icg-institut.de\/de\/#website","url":"https:\/\/icg-institut.de\/de\/","name":"Institut f\u00fcr Corporate Governance","description":"Das ICG ist der f\u00fchrende Think und Do-Tank der Immobilienbranche f\u00fcr gute Governance.","publisher":{"@id":"https:\/\/icg-institut.de\/de\/#organization"},"potentialAction":[{"@type":"SearchAction","target":{"@type":"EntryPoint","urlTemplate":"https:\/\/icg-institut.de\/de\/?s={search_term_string}"},"query-input":"required name=search_term_string"}],"inLanguage":"de-DE"},{"@type":"Organization","@id":"https:\/\/icg-institut.de\/de\/#organization","name":"ICG Institut","url":"https:\/\/icg-institut.de\/de\/","logo":{"@type":"ImageObject","inLanguage":"de-DE","@id":"https:\/\/icg-institut.de\/de\/#\/schema\/logo\/image\/","url":"https:\/\/icg-institut.de\/wp-content\/uploads\/2020\/10\/Logo_ICG_short_4c_transp.png","contentUrl":"https:\/\/icg-institut.de\/wp-content\/uploads\/2020\/10\/Logo_ICG_short_4c_transp.png","width":6123,"height":1987,"caption":"ICG Institut"},"image":{"@id":"https:\/\/icg-institut.de\/de\/#\/schema\/logo\/image\/"}}]}},"_links":{"self":[{"href":"https:\/\/icg-institut.de\/de\/wp-json\/wp\/v2\/pages\/8030"}],"collection":[{"href":"https:\/\/icg-institut.de\/de\/wp-json\/wp\/v2\/pages"}],"about":[{"href":"https:\/\/icg-institut.de\/de\/wp-json\/wp\/v2\/types\/page"}],"author":[{"embeddable":true,"href":"https:\/\/icg-institut.de\/de\/wp-json\/wp\/v2\/users\/2"}],"replies":[{"embeddable":true,"href":"https:\/\/icg-institut.de\/de\/wp-json\/wp\/v2\/comments?post=8030"}],"version-history":[{"count":0,"href":"https:\/\/icg-institut.de\/de\/wp-json\/wp\/v2\/pages\/8030\/revisions"}],"up":[{"embeddable":true,"href":"https:\/\/icg-institut.de\/de\/wp-json\/wp\/v2\/pages\/8014"}],"wp:attachment":[{"href":"https:\/\/icg-institut.de\/de\/wp-json\/wp\/v2\/media?parent=8030"}],"curies":[{"name":"wp","href":"https:\/\/api.w.org\/{rel}","templated":true}]}}