{"id":8832,"date":"2020-09-24T09:47:32","date_gmt":"2020-09-24T09:47:32","guid":{"rendered":"http:\/\/icg-institut.de\/?page_id=8832"},"modified":"2025-11-10T15:20:13","modified_gmt":"2025-11-10T15:20:13","slug":"nachhaltigkeit-klimaneutralitaet","status":"publish","type":"page","link":"https:\/\/icg-institut.de\/de\/nachhaltigkeit-klimaneutralitaet\/","title":{"rendered":"Nachhaltigkeit &#8211; Klimaneutralit\u00e4t"},"content":{"rendered":"<p>[et_pb_section fb_built=&#8220;1&#8243; fullwidth=&#8220;on&#8220; admin_label=&#8220;Page Header&#8220; _builder_version=&#8220;4.16&#8243; background_color=&#8220;#e02b20&#8243; background_image=&#8220;https:\/\/icg-institut.de\/wp-content\/uploads\/2020\/04\/business-07.jpg&#8220; parallax=&#8220;on&#8220; locked=&#8220;off&#8220; global_colors_info=&#8220;{}&#8220;][et_pb_fullwidth_header text_orientation=&#8220;center&#8220; admin_label=&#8220;Hero Section&#8220; _builder_version=&#8220;4.20.0&#8243; title_font=&#8220;Montserrat||||||||&#8220; title_font_size=&#8220;60px&#8220; title_line_height=&#8220;1.4em&#8220; content_font_size=&#8220;40px&#8220; content_line_height=&#8220;1.8em&#8220; subhead_font=&#8220;||||&#8220; background_color=&#8220;rgba(255, 255, 255, 0)&#8220; use_background_color_gradient=&#8220;on&#8220; background_color_gradient_stops=&#8220;#622b78 0%|rgba(114,114,219,0.25) 100%&#8220; background_color_gradient_start=&#8220;#622b78&#8243; background_color_gradient_end=&#8220;rgba(114,114,219,0.25)&#8220; custom_button_one=&#8220;on&#8220; button_one_text_size=&#8220;16px&#8220; button_one_bg_color=&#8220;#6eba01&#8243; button_one_border_width=&#8220;2px&#8220; button_one_border_color=&#8220;#6eba01&#8243; button_one_border_radius=&#8220;0&#8243; button_one_letter_spacing=&#8220;2&#8243; button_one_font=&#8220;Montserrat|||on|&#8220; button_one_use_icon=&#8220;off&#8220; custom_button_two=&#8220;on&#8220; button_two_text_size=&#8220;16px&#8220; button_two_border_width=&#8220;2px&#8220; button_two_border_color=&#8220;#ffffff&#8220; button_two_border_radius=&#8220;0&#8243; button_two_letter_spacing=&#8220;2&#8243; button_two_font=&#8220;Montserrat|||on|&#8220; button_two_use_icon=&#8220;off&#8220; width=&#8220;100%&#8220; module_alignment=&#8220;left&#8220; animation_style=&#8220;fade&#8220; content_font_size_tablet=&#8220;&#8220; content_font_size_phone=&#8220;28px&#8220; content_font_size_last_edited=&#8220;on|phone&#8220; button_one_text_color_hover=&#8220;#6eba01&#8243; button_two_text_color_hover=&#8220;#6eba01&#8243; button_one_border_color_hover=&#8220;#ffffff&#8220; button_two_border_color_hover=&#8220;#ffffff&#8220; button_one_border_radius_hover=&#8220;0&#8243; button_two_border_radius_hover=&#8220;0&#8243; button_one_letter_spacing_hover=&#8220;2&#8243; button_two_letter_spacing_hover=&#8220;2&#8243; button_one_bg_color_hover=&#8220;#ffffff&#8220; button_two_bg_color_hover=&#8220;#ffffff&#8220; global_colors_info=&#8220;{}&#8220; button_one_text_size__hover_enabled=&#8220;off&#8220; button_two_text_size__hover_enabled=&#8220;off&#8220; button_one_text_color__hover_enabled=&#8220;on&#8220; button_one_text_color__hover=&#8220;#6eba01&#8243; button_two_text_color__hover_enabled=&#8220;on&#8220; button_two_text_color__hover=&#8220;#6eba01&#8243; button_one_border_width__hover_enabled=&#8220;off&#8220; button_two_border_width__hover_enabled=&#8220;off&#8220; button_one_border_color__hover_enabled=&#8220;on&#8220; button_one_border_color__hover=&#8220;#ffffff&#8220; button_two_border_color__hover_enabled=&#8220;on&#8220; button_two_border_color__hover=&#8220;#ffffff&#8220; button_one_border_radius__hover_enabled=&#8220;on&#8220; button_one_border_radius__hover=&#8220;0&#8243; button_two_border_radius__hover_enabled=&#8220;on&#8220; button_two_border_radius__hover=&#8220;0&#8243; button_one_letter_spacing__hover_enabled=&#8220;on&#8220; button_one_letter_spacing__hover=&#8220;2&#8243; button_two_letter_spacing__hover_enabled=&#8220;on&#8220; button_two_letter_spacing__hover=&#8220;2&#8243; button_one_bg_color__hover_enabled=&#8220;on&#8220; button_one_bg_color__hover=&#8220;#ffffff&#8220; button_two_bg_color__hover_enabled=&#8220;on&#8220; button_two_bg_color__hover=&#8220;#ffffff&#8220;]<\/p>\n<p>NACHHALTIGKEIT<\/p>\n<p>[\/et_pb_fullwidth_header][\/et_pb_section][et_pb_section fb_built=&#8220;1&#8243; admin_label=&#8220;Our Team&#8220; _builder_version=&#8220;4.16&#8243; background_color=&#8220;#f4f4f4&#8243; custom_padding=&#8220;40px||40px||true|false&#8220; locked=&#8220;off&#8220; global_colors_info=&#8220;{}&#8220;][et_pb_row column_structure=&#8220;2_3,1_3&#8243; _builder_version=&#8220;4.20.0&#8243; custom_padding=&#8220;||0px||false|false&#8220; global_colors_info=&#8220;{}&#8220;][et_pb_column type=&#8220;2_3&#8243; _builder_version=&#8220;4.16&#8243; global_colors_info=&#8220;{}&#8220;][et_pb_text _builder_version=&#8220;4.20.0&#8243; global_colors_info=&#8220;{}&#8220;]<\/p>\n<h2>Klimaneutralit\u00e4t<\/h2>\n<p>Das ICG organisiert alle seine Veranstaltungen klimaneutral \u2013 und seit 2020 auch die Gesch\u00e4ftsstelle und die komplette Verbandsarbeit!<\/p>\n<p>Hierf\u00fcr forsten wir auf, und zwar in verschiedenen Gegenden \u00fcberall auf der Welt. So werden CO2-Emmissionen abgebaut und vor Ort Arbeitspl\u00e4tze geschaffen.[\/et_pb_text][\/et_pb_column][et_pb_column type=&#8220;1_3&#8243; _builder_version=&#8220;4.16&#8243; global_colors_info=&#8220;{}&#8220;][et_pb_image src=&#8220;https:\/\/icg-institut.de\/wp-content\/uploads\/2024\/08\/Logo_ICG_Klimabewusst.png&#8220; title_text=&#8220;Logo_ICG_Klimabewusst&#8220; align=&#8220;center&#8220; _builder_version=&#8220;4.22.2&#8243; width=&#8220;100%&#8220; width_tablet=&#8220;60%&#8220; width_phone=&#8220;60%&#8220; width_last_edited=&#8220;on|phone&#8220; global_colors_info=&#8220;{}&#8220; disabled_on=&#8220;on|on|on&#8220; disabled=&#8220;on&#8220;][\/et_pb_image][\/et_pb_column][\/et_pb_row][et_pb_row _builder_version=&#8220;4.20.0&#8243; custom_padding=&#8220;0px||||false|false&#8220; global_colors_info=&#8220;{}&#8220;][et_pb_column type=&#8220;4_4&#8243; _builder_version=&#8220;4.16&#8243; global_colors_info=&#8220;{}&#8220;][et_pb_text _builder_version=&#8220;4.20.0&#8243; custom_padding=&#8220;25px||||false|false&#8220; global_colors_info=&#8220;{}&#8220;]Beispiele:<\/p>\n<p>\u290f <a href=\"https:\/\/icg-institut.de\/wp-content\/uploads\/2020\/10\/Zertifikat_CO2OL-CliMates_GRES-20191.pdf\" target=\"_blank\" rel=\"noopener noreferrer\">CO\u00b2OL Climates<\/a><\/p>\n<p>\u290f <a href=\"https:\/\/icg-institut.de\/wp-content\/uploads\/2020\/10\/Zertifikat_TMIX_GRES-2019.pdf\" target=\"_blank\" rel=\"noopener noreferrer\">CO\u00b2OL Tropical Mix Panama<\/a><\/p>\n<p>\u290f <a href=\"https:\/\/icg-institut.de\/wp-content\/uploads\/2020\/10\/Zertifikat_Vichada_ICG_20191.pdf\" target=\"_blank\" rel=\"noopener noreferrer\">CO\u00b2OL Vichada<\/a><\/p>\n<p>\u290f <a href=\"https:\/\/icg-institut.de\/wp-content\/uploads\/2021\/11\/Urkunde_ICG_2021.pdf\" target=\"_blank\" rel=\"noopener noreferrer\">FORLIANCE<\/a><\/p>\n<p>\u290f <a href=\"https:\/\/icg-institut.de\/wp-content\/uploads\/2023\/07\/24724-2306-1001_Urkunde_DE_02.pdf\" target=\"_blank\" rel=\"noopener noreferrer\">ClimatePartner<\/a><\/p>\n<p>Kompensation kann aber immer nur ein Teil der Nachhaltigkeitsstrategie sein. Parallel sind Ma\u00dfnahmen und neue Technologien notwendig, um ganzheitliche Nachhaltigkeit in der Immobilienwirtschaft zu verankern. Das ICG ist hierzu mit vielen Organisationen national und international im Gespr\u00e4ch. So sind wir beispielsweise der Allianz \u201eKlima und Entwicklung\u201c beigetreten.[\/et_pb_text][\/et_pb_column][\/et_pb_row][et_pb_row _builder_version=&#8220;4.20.0&#8243; background_color=&#8220;rgba(156,161,200,0.13)&#8220; custom_padding=&#8220;1em|1em|1em|1em|false|false&#8220; global_colors_info=&#8220;{}&#8220;][et_pb_column type=&#8220;4_4&#8243; _builder_version=&#8220;4.16&#8243; global_colors_info=&#8220;{}&#8220;][et_pb_text _builder_version=&#8220;4.20.0&#8243; text_text_color=&#8220;#000000&#8243; global_colors_info=&#8220;{}&#8220;]Mit Blick auf die sozialen und Governance-Nachhaltigkeitsthemen (das \u201eS\u201c und das \u201eG\u201c in ESG), strebt das ICG selbstverst\u00e4ndlich ebenfalls stets eine Best Practice in seiner Verbandsarbeit an. Dies betrifft sowohl die Gesch\u00e4ftsstelle (Compliance, Unternehmenskultur, Guidelines f\u00fcr die Vorst\u00e4nde etc.), als auch die Zusammenarbeit mit Dienstleistern, das Event-Management etc.[\/et_pb_text][\/et_pb_column][\/et_pb_row][\/et_pb_section]<\/p>\n","protected":false},"excerpt":{"rendered":"<p>NACHHALTIGKEITKlimaneutralit\u00e4t Das ICG organisiert alle seine Veranstaltungen klimaneutral \u2013 und seit 2020 auch die Gesch\u00e4ftsstelle und die komplette Verbandsarbeit! Hierf\u00fcr forsten wir auf, und zwar in verschiedenen Gegenden \u00fcberall auf der Welt. So werden CO2-Emmissionen abgebaut und vor Ort Arbeitspl\u00e4tze geschaffen.Beispiele: \u290f CO\u00b2OL Climates \u290f CO\u00b2OL Tropical Mix Panama \u290f CO\u00b2OL Vichada \u290f FORLIANCE \u290f [&hellip;]<\/p>\n","protected":false},"author":2,"featured_media":0,"parent":0,"menu_order":0,"comment_status":"closed","ping_status":"closed","template":"","meta":{"_et_pb_use_builder":"on","_et_pb_old_content":"<!-- wp:divi\/placeholder \/-->","_et_gb_content_width":""},"yoast_head":"<!-- This site is optimized with the Yoast SEO plugin v20.6 - https:\/\/yoast.com\/wordpress\/plugins\/seo\/ -->\n<title>Nachhaltigkeit - Klimaneutralit\u00e4t &ndash; Institut f\u00fcr Corporate Governance<\/title>\n<meta name=\"robots\" content=\"index, follow, max-snippet:-1, max-image-preview:large, max-video-preview:-1\" \/>\n<link rel=\"canonical\" href=\"https:\/\/icg-institut.de\/de\/nachhaltigkeit-klimaneutralitaet\/\" \/>\n<meta property=\"og:locale\" content=\"de_DE\" \/>\n<meta property=\"og:type\" content=\"article\" \/>\n<meta property=\"og:title\" content=\"Nachhaltigkeit - Klimaneutralit\u00e4t &ndash; Institut f\u00fcr Corporate Governance\" \/>\n<meta property=\"og:description\" content=\"NACHHALTIGKEITKlimaneutralit\u00e4t Das ICG organisiert alle seine Veranstaltungen klimaneutral \u2013 und seit 2020 auch die Gesch\u00e4ftsstelle und die komplette Verbandsarbeit! Hierf\u00fcr forsten wir auf, und zwar in verschiedenen Gegenden \u00fcberall auf der Welt. So werden CO2-Emmissionen abgebaut und vor Ort Arbeitspl\u00e4tze geschaffen.Beispiele: \u290f CO\u00b2OL Climates \u290f CO\u00b2OL Tropical Mix Panama \u290f CO\u00b2OL Vichada \u290f FORLIANCE \u290f [&hellip;]\" \/>\n<meta property=\"og:url\" content=\"https:\/\/icg-institut.de\/de\/nachhaltigkeit-klimaneutralitaet\/\" \/>\n<meta property=\"og:site_name\" content=\"Institut f\u00fcr Corporate Governance\" \/>\n<meta property=\"article:modified_time\" content=\"2025-11-10T15:20:13+00:00\" \/>\n<meta name=\"twitter:card\" content=\"summary_large_image\" \/>\n<meta name=\"twitter:label1\" content=\"Gesch\u00e4tzte Lesezeit\" \/>\n\t<meta name=\"twitter:data1\" content=\"4 Minuten\" \/>\n<script type=\"application\/ld+json\" class=\"yoast-schema-graph\">{\"@context\":\"https:\/\/schema.org\",\"@graph\":[{\"@type\":\"WebPage\",\"@id\":\"https:\/\/icg-institut.de\/de\/nachhaltigkeit-klimaneutralitaet\/\",\"url\":\"https:\/\/icg-institut.de\/de\/nachhaltigkeit-klimaneutralitaet\/\",\"name\":\"Nachhaltigkeit - Klimaneutralit\u00e4t &ndash; Institut f\u00fcr Corporate Governance\",\"isPartOf\":{\"@id\":\"https:\/\/icg-institut.de\/de\/#website\"},\"datePublished\":\"2020-09-24T09:47:32+00:00\",\"dateModified\":\"2025-11-10T15:20:13+00:00\",\"breadcrumb\":{\"@id\":\"https:\/\/icg-institut.de\/de\/nachhaltigkeit-klimaneutralitaet\/#breadcrumb\"},\"inLanguage\":\"de-DE\",\"potentialAction\":[{\"@type\":\"ReadAction\",\"target\":[\"https:\/\/icg-institut.de\/de\/nachhaltigkeit-klimaneutralitaet\/\"]}]},{\"@type\":\"BreadcrumbList\",\"@id\":\"https:\/\/icg-institut.de\/de\/nachhaltigkeit-klimaneutralitaet\/#breadcrumb\",\"itemListElement\":[{\"@type\":\"ListItem\",\"position\":1,\"name\":\"Startseite\",\"item\":\"https:\/\/icg-institut.de\/de\/\"},{\"@type\":\"ListItem\",\"position\":2,\"name\":\"Nachhaltigkeit &#8211; Klimaneutralit\u00e4t\"}]},{\"@type\":\"WebSite\",\"@id\":\"https:\/\/icg-institut.de\/de\/#website\",\"url\":\"https:\/\/icg-institut.de\/de\/\",\"name\":\"Institut f\u00fcr Corporate Governance\",\"description\":\"Das ICG ist der f\u00fchrende Think und Do-Tank der Immobilienbranche f\u00fcr gute Governance.\",\"publisher\":{\"@id\":\"https:\/\/icg-institut.de\/de\/#organization\"},\"potentialAction\":[{\"@type\":\"SearchAction\",\"target\":{\"@type\":\"EntryPoint\",\"urlTemplate\":\"https:\/\/icg-institut.de\/de\/?s={search_term_string}\"},\"query-input\":\"required name=search_term_string\"}],\"inLanguage\":\"de-DE\"},{\"@type\":\"Organization\",\"@id\":\"https:\/\/icg-institut.de\/de\/#organization\",\"name\":\"ICG Institut\",\"url\":\"https:\/\/icg-institut.de\/de\/\",\"logo\":{\"@type\":\"ImageObject\",\"inLanguage\":\"de-DE\",\"@id\":\"https:\/\/icg-institut.de\/de\/#\/schema\/logo\/image\/\",\"url\":\"https:\/\/icg-institut.de\/wp-content\/uploads\/2020\/10\/Logo_ICG_short_4c_transp.png\",\"contentUrl\":\"https:\/\/icg-institut.de\/wp-content\/uploads\/2020\/10\/Logo_ICG_short_4c_transp.png\",\"width\":6123,\"height\":1987,\"caption\":\"ICG Institut\"},\"image\":{\"@id\":\"https:\/\/icg-institut.de\/de\/#\/schema\/logo\/image\/\"}}]}<\/script>\n<!-- \/ Yoast SEO plugin. -->","yoast_head_json":{"title":"Nachhaltigkeit - Klimaneutralit\u00e4t &ndash; Institut f\u00fcr Corporate Governance","robots":{"index":"index","follow":"follow","max-snippet":"max-snippet:-1","max-image-preview":"max-image-preview:large","max-video-preview":"max-video-preview:-1"},"canonical":"https:\/\/icg-institut.de\/de\/nachhaltigkeit-klimaneutralitaet\/","og_locale":"de_DE","og_type":"article","og_title":"Nachhaltigkeit - Klimaneutralit\u00e4t &ndash; Institut f\u00fcr Corporate Governance","og_description":"NACHHALTIGKEITKlimaneutralit\u00e4t Das ICG organisiert alle seine Veranstaltungen klimaneutral \u2013 und seit 2020 auch die Gesch\u00e4ftsstelle und die komplette Verbandsarbeit! Hierf\u00fcr forsten wir auf, und zwar in verschiedenen Gegenden \u00fcberall auf der Welt. So werden CO2-Emmissionen abgebaut und vor Ort Arbeitspl\u00e4tze geschaffen.Beispiele: \u290f CO\u00b2OL Climates \u290f CO\u00b2OL Tropical Mix Panama \u290f CO\u00b2OL Vichada \u290f FORLIANCE \u290f [&hellip;]","og_url":"https:\/\/icg-institut.de\/de\/nachhaltigkeit-klimaneutralitaet\/","og_site_name":"Institut f\u00fcr Corporate Governance","article_modified_time":"2025-11-10T15:20:13+00:00","twitter_card":"summary_large_image","twitter_misc":{"Gesch\u00e4tzte Lesezeit":"4 Minuten"},"schema":{"@context":"https:\/\/schema.org","@graph":[{"@type":"WebPage","@id":"https:\/\/icg-institut.de\/de\/nachhaltigkeit-klimaneutralitaet\/","url":"https:\/\/icg-institut.de\/de\/nachhaltigkeit-klimaneutralitaet\/","name":"Nachhaltigkeit - Klimaneutralit\u00e4t &ndash; Institut f\u00fcr Corporate Governance","isPartOf":{"@id":"https:\/\/icg-institut.de\/de\/#website"},"datePublished":"2020-09-24T09:47:32+00:00","dateModified":"2025-11-10T15:20:13+00:00","breadcrumb":{"@id":"https:\/\/icg-institut.de\/de\/nachhaltigkeit-klimaneutralitaet\/#breadcrumb"},"inLanguage":"de-DE","potentialAction":[{"@type":"ReadAction","target":["https:\/\/icg-institut.de\/de\/nachhaltigkeit-klimaneutralitaet\/"]}]},{"@type":"BreadcrumbList","@id":"https:\/\/icg-institut.de\/de\/nachhaltigkeit-klimaneutralitaet\/#breadcrumb","itemListElement":[{"@type":"ListItem","position":1,"name":"Startseite","item":"https:\/\/icg-institut.de\/de\/"},{"@type":"ListItem","position":2,"name":"Nachhaltigkeit &#8211; Klimaneutralit\u00e4t"}]},{"@type":"WebSite","@id":"https:\/\/icg-institut.de\/de\/#website","url":"https:\/\/icg-institut.de\/de\/","name":"Institut f\u00fcr Corporate Governance","description":"Das ICG ist der f\u00fchrende Think und Do-Tank der Immobilienbranche f\u00fcr gute Governance.","publisher":{"@id":"https:\/\/icg-institut.de\/de\/#organization"},"potentialAction":[{"@type":"SearchAction","target":{"@type":"EntryPoint","urlTemplate":"https:\/\/icg-institut.de\/de\/?s={search_term_string}"},"query-input":"required name=search_term_string"}],"inLanguage":"de-DE"},{"@type":"Organization","@id":"https:\/\/icg-institut.de\/de\/#organization","name":"ICG Institut","url":"https:\/\/icg-institut.de\/de\/","logo":{"@type":"ImageObject","inLanguage":"de-DE","@id":"https:\/\/icg-institut.de\/de\/#\/schema\/logo\/image\/","url":"https:\/\/icg-institut.de\/wp-content\/uploads\/2020\/10\/Logo_ICG_short_4c_transp.png","contentUrl":"https:\/\/icg-institut.de\/wp-content\/uploads\/2020\/10\/Logo_ICG_short_4c_transp.png","width":6123,"height":1987,"caption":"ICG Institut"},"image":{"@id":"https:\/\/icg-institut.de\/de\/#\/schema\/logo\/image\/"}}]}},"_links":{"self":[{"href":"https:\/\/icg-institut.de\/de\/wp-json\/wp\/v2\/pages\/8832"}],"collection":[{"href":"https:\/\/icg-institut.de\/de\/wp-json\/wp\/v2\/pages"}],"about":[{"href":"https:\/\/icg-institut.de\/de\/wp-json\/wp\/v2\/types\/page"}],"author":[{"embeddable":true,"href":"https:\/\/icg-institut.de\/de\/wp-json\/wp\/v2\/users\/2"}],"replies":[{"embeddable":true,"href":"https:\/\/icg-institut.de\/de\/wp-json\/wp\/v2\/comments?post=8832"}],"version-history":[{"count":0,"href":"https:\/\/icg-institut.de\/de\/wp-json\/wp\/v2\/pages\/8832\/revisions"}],"wp:attachment":[{"href":"https:\/\/icg-institut.de\/de\/wp-json\/wp\/v2\/media?parent=8832"}],"curies":[{"name":"wp","href":"https:\/\/api.w.org\/{rel}","templated":true}]}}