{"id":8834,"date":"2020-09-24T09:48:15","date_gmt":"2020-09-24T09:48:15","guid":{"rendered":"http:\/\/icg-institut.de\/?page_id=8834"},"modified":"2022-07-01T10:15:13","modified_gmt":"2022-07-01T10:15:13","slug":"digitalisierung-und-unternehmen","status":"publish","type":"page","link":"https:\/\/icg-institut.de\/de\/nachhaltige-unternehmensfuehrung\/digitalisierung-und-unternehmen\/","title":{"rendered":"Digitalisierung und Unternehmen"},"content":{"rendered":"<p>[et_pb_section fb_built=&#8220;1&#8243; fullwidth=&#8220;on&#8220; admin_label=&#8220;Page Header&#8220; _builder_version=&#8220;4.4.4&#8243; background_color=&#8220;#e02b20&#8243; background_image=&#8220;http:\/\/icg-institut.de\/wp-content\/uploads\/2020\/04\/business-07.jpg&#8220; parallax=&#8220;on&#8220; locked=&#8220;off&#8220;][et_pb_fullwidth_header text_orientation=&#8220;center&#8220; content_tablet=&#8220;&#8220; content_phone=&#8220;<\/p>\n<p><span>DIGITALISIERUNG UND UNTERNEHMENS-F\u00dcHRUNG<\/span><\/p>\n<p>&#8220; content_last_edited=&#8220;on|phone&#8220; admin_label=&#8220;Hero Section&#8220; _builder_version=&#8220;4.4.4&#8243; title_font=&#8220;Montserrat||||||||&#8220; title_font_size=&#8220;60px&#8220; title_line_height=&#8220;1.4em&#8220; content_font_size=&#8220;40px&#8220; content_line_height=&#8220;1.8em&#8220; subhead_font=&#8220;||||&#8220; background_color=&#8220;rgba(255, 255, 255, 0)&#8220; use_background_color_gradient=&#8220;on&#8220; background_color_gradient_start=&#8220;#622b78&#8243; background_color_gradient_end=&#8220;rgba(114,114,219,0.25)&#8220; custom_button_one=&#8220;on&#8220; button_one_text_size=&#8220;16px&#8220; button_one_bg_color=&#8220;#6eba01&#8243; button_one_border_width=&#8220;2px&#8220; button_one_border_color=&#8220;#6eba01&#8243; button_one_border_radius=&#8220;0&#8243; button_one_letter_spacing=&#8220;2&#8243; button_one_font=&#8220;Montserrat|||on|&#8220; button_one_use_icon=&#8220;off&#8220; custom_button_two=&#8220;on&#8220; button_two_text_size=&#8220;16px&#8220; button_two_border_width=&#8220;2px&#8220; button_two_border_color=&#8220;#ffffff&#8220; button_two_border_radius=&#8220;0&#8243; button_two_letter_spacing=&#8220;2&#8243; button_two_font=&#8220;Montserrat|||on|&#8220; button_two_use_icon=&#8220;off&#8220; width=&#8220;100%&#8220; module_alignment=&#8220;left&#8220; animation_style=&#8220;fade&#8220; content_font_size_tablet=&#8220;&#8220; content_font_size_phone=&#8220;28px&#8220; content_font_size_last_edited=&#8220;on|phone&#8220; button_one_text_color_hover=&#8220;#6eba01&#8243; button_two_text_color_hover=&#8220;#6eba01&#8243; button_one_border_color_hover=&#8220;#ffffff&#8220; button_two_border_color_hover=&#8220;#ffffff&#8220; button_one_border_radius_hover=&#8220;0&#8243; button_two_border_radius_hover=&#8220;0&#8243; button_one_letter_spacing_hover=&#8220;2&#8243; button_two_letter_spacing_hover=&#8220;2&#8243; button_one_bg_color_hover=&#8220;#ffffff&#8220; button_two_bg_color_hover=&#8220;#ffffff&#8220; button_one_text_size__hover_enabled=&#8220;off&#8220; button_two_text_size__hover_enabled=&#8220;off&#8220; button_one_text_color__hover_enabled=&#8220;on&#8220; button_one_text_color__hover=&#8220;#6eba01&#8243; button_two_text_color__hover_enabled=&#8220;on&#8220; button_two_text_color__hover=&#8220;#6eba01&#8243; button_one_border_width__hover_enabled=&#8220;off&#8220; button_two_border_width__hover_enabled=&#8220;off&#8220; button_one_border_color__hover_enabled=&#8220;on&#8220; button_one_border_color__hover=&#8220;#ffffff&#8220; button_two_border_color__hover_enabled=&#8220;on&#8220; button_two_border_color__hover=&#8220;#ffffff&#8220; button_one_border_radius__hover_enabled=&#8220;on&#8220; button_one_border_radius__hover=&#8220;0&#8243; button_two_border_radius__hover_enabled=&#8220;on&#8220; button_two_border_radius__hover=&#8220;0&#8243; button_one_letter_spacing__hover_enabled=&#8220;on&#8220; button_one_letter_spacing__hover=&#8220;2&#8243; button_two_letter_spacing__hover_enabled=&#8220;on&#8220; button_two_letter_spacing__hover=&#8220;2&#8243; button_one_bg_color__hover_enabled=&#8220;on&#8220; button_one_bg_color__hover=&#8220;#ffffff&#8220; button_two_bg_color__hover_enabled=&#8220;on&#8220; button_two_bg_color__hover=&#8220;#ffffff&#8220;]<\/p>\n<p><span>DIGITALISIERUNG UND UNTERNEHMENSF\u00dcHRUNG<\/span><\/p>\n<p>[\/et_pb_fullwidth_header][\/et_pb_section][et_pb_section fb_built=&#8220;1&#8243; admin_label=&#8220;Our Team&#8220; _builder_version=&#8220;4.4.4&#8243; background_color=&#8220;#f4f4f4&#8243; custom_padding=&#8220;40px||40px||true|false&#8220; locked=&#8220;off&#8220;][et_pb_row column_structure=&#8220;1_2,1_2&#8243; _builder_version=&#8220;4.4.4&#8243;][et_pb_column type=&#8220;1_2&#8243; _builder_version=&#8220;4.4.4&#8243;][et_pb_text _builder_version=&#8220;4.4.4&#8243; custom_padding=&#8220;||0px|||&#8220; hover_enabled=&#8220;0&#8243;]<\/p>\n<p>&nbsp;<\/p>\n<p>Das Thema F\u00fchrung hat sich in den letzten Jahren grundlegend ver\u00e4ndert.<span>\u00a0<\/span>Zum einen verlagert es sich in den virtuellen Raum, zum anderen sind erweiterte F\u00e4higkeiten und andere F\u00fchrungspers\u00f6nlichkeiten gefragt. Daher hat das ICG in einem hochkar\u00e4tig besetzten Round Table mit rund 30 Top CEOs und Experten verschiedener Branchen sich intensiv mit dem Thema auseinandergesetzt. Hierbei wurde auch die Sichtweise der j\u00fcngeren Generation einbezogen, indem Studierende eingebunden wurden. Das Ergebnis ist ein Leitfaden mit praxisnahen Empfehlungen f\u00fcr konkrete Handlungsfelder. Verschiedene Aspekte werden durch Best Practice-Beispiele anschaulich gemacht und erm\u00f6glichen, einzelne Ans\u00e4tze sofort in die t\u00e4gliche F\u00fchrungsarbeit umzusetzen.<\/p>\n<p>&nbsp;<\/p>\n<p>Fokus-Themen des Leitfadens sind u.a. Unternehmenskultur, Innovationsf\u00e4higkeit, Gesundheit sowie Recruiting und Onboarding. In diesen Bereichen zeichnet wirklich erfolgreiche Unternehmen die permanente Kraft der Erneuerung, das Hinterfragen des Gesch\u00e4ftsmodells, das fr\u00fchzeitige Agieren, das Anpassen des bestehenden Gesch\u00e4ftsmodells und der dazugeh\u00f6rigen Arbeitsweisen aus.<\/p>\n<p>[\/et_pb_text][\/et_pb_column][et_pb_column type=&#8220;1_2&#8243; _builder_version=&#8220;4.4.4&#8243;][et_pb_image src=&#8220;https:\/\/icg-institut.de\/wp-content\/uploads\/2022\/07\/Digital-Leadership-634-\u00d7-907-px.png&#8220; title_text=&#8220;Digital Leadership (634 \u00d7 907 px)&#8220; _builder_version=&#8220;4.4.4&#8243; hover_enabled=&#8220;0&#8243; width=&#8220;65%&#8220;][\/et_pb_image][\/et_pb_column][\/et_pb_row][\/et_pb_section][et_pb_section fb_built=&#8220;1&#8243; _builder_version=&#8220;4.4.4&#8243;][et_pb_row _builder_version=&#8220;4.4.4&#8243; locked=&#8220;off&#8220;][et_pb_column type=&#8220;4_4&#8243; _builder_version=&#8220;4.4.4&#8243;][et_pb_text _builder_version=&#8220;4.4.4&#8243;]<\/p>\n<p style=\"text-align: center;\"><strong>Sie wollen den Leitfaden downloaden? Bitte tragen Sie sich hierzu in das nachfolgende Formular ein!<\/strong><\/p>\n<p>[\/et_pb_text][et_pb_code _builder_version=&#8220;4.4.4&#8243; locked=&#8220;off&#8220;]<div class=\"wpforms-container wpforms-container-full\" id=\"wpforms-15478\"><form id=\"wpforms-form-15478\" class=\"wpforms-validate wpforms-form\" data-formid=\"15478\" method=\"post\" enctype=\"multipart\/form-data\" action=\"\/de\/wp-json\/wp\/v2\/pages\/8834\" data-token=\"b114fe179b8494b98017f14400bdfcfe\" data-token-time=\"1775312983\"><noscript class=\"wpforms-error-noscript\">Bitte aktiviere JavaScript in deinem Browser, um dieses Formular fertigzustellen.<\/noscript><div class=\"wpforms-field-container\"><div id=\"wpforms-15478-field_14-container\" class=\"wpforms-field wpforms-field-radio wpforms-list-inline\" data-field-id=\"14\"><label class=\"wpforms-field-label\">Anrede <span class=\"wpforms-required-label\">*<\/span><\/label><ul id=\"wpforms-15478-field_14\" class=\"wpforms-field-required\"><li class=\"choice-1 depth-1\"><input type=\"radio\" id=\"wpforms-15478-field_14_1\" name=\"wpforms[fields][14]\" value=\"Herr\" required ><label class=\"wpforms-field-label-inline\" for=\"wpforms-15478-field_14_1\">Herr<\/label><\/li><li class=\"choice-2 depth-1\"><input type=\"radio\" id=\"wpforms-15478-field_14_2\" name=\"wpforms[fields][14]\" value=\"Frau\" required ><label class=\"wpforms-field-label-inline\" for=\"wpforms-15478-field_14_2\">Frau<\/label><\/li><li class=\"choice-4 depth-1\"><input type=\"radio\" id=\"wpforms-15478-field_14_4\" name=\"wpforms[fields][14]\" value=\"Divers\" required ><label class=\"wpforms-field-label-inline\" for=\"wpforms-15478-field_14_4\">Divers<\/label><\/li><\/ul><\/div><div id=\"wpforms-15478-field_15-container\" class=\"wpforms-field wpforms-field-text wpforms-one-half wpforms-first\" data-field-id=\"15\"><label class=\"wpforms-field-label\" for=\"wpforms-15478-field_15\">Titel<\/label><input type=\"text\" id=\"wpforms-15478-field_15\" class=\"wpforms-field-large\" name=\"wpforms[fields][15]\" ><\/div><div id=\"wpforms-15478-field_3-container\" class=\"wpforms-field wpforms-field-email wpforms-one-half\" data-field-id=\"3\"><label class=\"wpforms-field-label\">E-Mail <span class=\"wpforms-required-label\">*<\/span><\/label><div class=\"wpforms-field-row wpforms-field-large\"><div class=\"wpforms-field-row-block wpforms-one-half wpforms-first\"><input type=\"email\" id=\"wpforms-15478-field_3\" class=\"wpforms-field-required wpforms-field-email-primary\" name=\"wpforms[fields][3][primary]\" spellcheck=\"false\" required><label for=\"wpforms-15478-field_3\" class=\"wpforms-field-sublabel after\">E-Mail-Adresse<\/label><\/div><div class=\"wpforms-field-row-block wpforms-one-half\"><input type=\"email\" id=\"wpforms-15478-field_3-secondary\" class=\"wpforms-field-email-secondary wpforms-field-required\" data-rule-confirm=\"#wpforms-15478-field_3\" name=\"wpforms[fields][3][secondary]\" spellcheck=\"false\" required><label for=\"wpforms-15478-field_3-secondary\" class=\"wpforms-field-sublabel after\">E-Mail best\u00e4tigen<\/label><\/div><\/div><\/div><div id=\"wpforms-15478-field_22-container\" class=\"wpforms-field wpforms-field-text wpforms-one-half wpforms-first\" data-field-id=\"22\"><label class=\"wpforms-field-label\" for=\"wpforms-15478-field_22\">Vorname <span class=\"wpforms-required-label\">*<\/span><\/label><input type=\"text\" id=\"wpforms-15478-field_22\" class=\"wpforms-field-large wpforms-field-required\" name=\"wpforms[fields][22]\" required><\/div><div id=\"wpforms-15478-field_23-container\" class=\"wpforms-field wpforms-field-text wpforms-one-half\" data-field-id=\"23\"><label class=\"wpforms-field-label\" for=\"wpforms-15478-field_23\">Nachname <span class=\"wpforms-required-label\">*<\/span><\/label><input type=\"text\" id=\"wpforms-15478-field_23\" class=\"wpforms-field-large wpforms-field-required\" name=\"wpforms[fields][23]\" required><\/div><div id=\"wpforms-15478-field_7-container\" class=\"wpforms-field wpforms-field-text wpforms-one-half wpforms-first\" data-field-id=\"7\"><label class=\"wpforms-field-label\" for=\"wpforms-15478-field_7\">Position <span class=\"wpforms-required-label\">*<\/span><\/label><input type=\"text\" id=\"wpforms-15478-field_7\" class=\"wpforms-field-large wpforms-field-required\" name=\"wpforms[fields][7]\" required><\/div><div id=\"wpforms-15478-field_6-container\" class=\"wpforms-field wpforms-field-text wpforms-one-half\" data-field-id=\"6\"><label class=\"wpforms-field-label\" for=\"wpforms-15478-field_6\">Unternehmen <span class=\"wpforms-required-label\">*<\/span><\/label><input type=\"text\" id=\"wpforms-15478-field_6\" class=\"wpforms-field-large wpforms-field-required\" name=\"wpforms[fields][6]\" required><\/div><div id=\"wpforms-15478-field_16-container\" class=\"wpforms-field wpforms-field-text wpforms-one-half wpforms-first\" data-field-id=\"16\"><label class=\"wpforms-field-label\" for=\"wpforms-15478-field_16\">Stra\u00dfe<\/label><input type=\"text\" id=\"wpforms-15478-field_16\" class=\"wpforms-field-large\" name=\"wpforms[fields][16]\" ><\/div><div id=\"wpforms-15478-field_17-container\" class=\"wpforms-field wpforms-field-text wpforms-one-half\" data-field-id=\"17\"><label class=\"wpforms-field-label\" for=\"wpforms-15478-field_17\">PLZ<\/label><input type=\"text\" id=\"wpforms-15478-field_17\" class=\"wpforms-field-large\" name=\"wpforms[fields][17]\" ><\/div><div id=\"wpforms-15478-field_18-container\" class=\"wpforms-field wpforms-field-text wpforms-one-half wpforms-first\" data-field-id=\"18\"><label class=\"wpforms-field-label\" for=\"wpforms-15478-field_18\">Ort<\/label><input type=\"text\" id=\"wpforms-15478-field_18\" class=\"wpforms-field-large\" name=\"wpforms[fields][18]\" ><\/div><div id=\"wpforms-15478-field_19-container\" class=\"wpforms-field wpforms-field-text wpforms-one-half\" data-field-id=\"19\"><label class=\"wpforms-field-label\" for=\"wpforms-15478-field_19\">Land<\/label><input type=\"text\" id=\"wpforms-15478-field_19\" class=\"wpforms-field-large\" name=\"wpforms[fields][19]\" ><\/div><div id=\"wpforms-15478-field_10-container\" class=\"wpforms-field wpforms-field-checkbox\" data-field-id=\"10\"><label class=\"wpforms-field-label\">Einwilligung <span class=\"wpforms-required-label\">*<\/span><\/label><ul id=\"wpforms-15478-field_10\" class=\"wpforms-field-required\"><li class=\"choice-1 depth-1\"><input type=\"checkbox\" id=\"wpforms-15478-field_10_1\" name=\"wpforms[fields][10][]\" value=\"Ja\" required ><label class=\"wpforms-field-label-inline\" for=\"wpforms-15478-field_10_1\">Ja<\/label><\/li><\/ul><div class=\"wpforms-field-description\">Mit dem Download willige ich ein, Informationen zu Veranstaltungen und Informationen zu aktuellen Themen des ICG per E-Mail zu erhalten. Meine Einwilligung stellt die Gegenleistung dar, welche ich f\u00fcr den unentgeltlichen Download des Praxisleitfadens erbringe. Unabh\u00e4ngig davon kann ich meine Einwilligung jederzeit mit Wirkung f\u00fcr die Zukunft widerrufen.<\/div><\/div><\/div><!-- .wpforms-field-container --><div class=\"wpforms-submit-container\" ><input type=\"hidden\" name=\"wpforms[id]\" value=\"15478\"><input type=\"hidden\" name=\"page_title\" value=\"\"><input type=\"hidden\" name=\"page_url\" value=\"https:\/\/icg-institut.de\/de\/wp-json\/wp\/v2\/pages\/8834\"><input type=\"hidden\" name=\"url_referer\" value=\"\"><button type=\"submit\" name=\"wpforms[submit]\" id=\"wpforms-submit-15478\" class=\"wpforms-submit\" data-alt-text=\"Laden...\" data-submit-text=\"Herunterladen\" aria-live=\"assertive\" value=\"wpforms-submit\">Herunterladen<\/button><\/div><\/form><\/div>  <!-- .wpforms-container -->[\/et_pb_code][et_pb_text _builder_version=&#8220;4.4.4&#8243; locked=&#8220;off&#8220;]<\/p>\n<p><em>Wir verarbeiten Ihre personenbezogenen Daten im Einklang mit unserer <a href=\"https:\/\/icg-institut.de\/datenschutzerklaerung\/\" target=\"_blank\" rel=\"noopener noreferrer\">Datenschutzerkl\u00e4rung<\/a><\/em>.<\/p>\n<p>[\/et_pb_text][\/et_pb_column][\/et_pb_row][\/et_pb_section]<\/p>\n","protected":false},"excerpt":{"rendered":"<p>DIGITALISIERUNG UND UNTERNEHMENSF\u00dcHRUNG&nbsp; Das Thema F\u00fchrung hat sich in den letzten Jahren grundlegend ver\u00e4ndert.\u00a0Zum einen verlagert es sich in den virtuellen Raum, zum anderen sind erweiterte F\u00e4higkeiten und andere F\u00fchrungspers\u00f6nlichkeiten gefragt. Daher hat das ICG in einem hochkar\u00e4tig besetzten Round Table mit rund 30 Top CEOs und Experten verschiedener Branchen sich intensiv mit dem Thema [&hellip;]<\/p>\n","protected":false},"author":2,"featured_media":0,"parent":9538,"menu_order":0,"comment_status":"closed","ping_status":"closed","template":"","meta":{"_et_pb_use_builder":"on","_et_pb_old_content":"<!-- wp:divi\/placeholder \/-->","_et_gb_content_width":""},"yoast_head":"<!-- This site is optimized with the Yoast SEO plugin v20.6 - https:\/\/yoast.com\/wordpress\/plugins\/seo\/ -->\n<title>Digitalisierung und Unternehmen &ndash; Institut f\u00fcr Corporate Governance<\/title>\n<meta name=\"robots\" content=\"index, follow, max-snippet:-1, max-image-preview:large, max-video-preview:-1\" \/>\n<link rel=\"canonical\" href=\"https:\/\/icg-institut.de\/de\/nachhaltige-unternehmensfuehrung\/digitalisierung-und-unternehmen\/\" \/>\n<meta property=\"og:locale\" content=\"de_DE\" \/>\n<meta property=\"og:type\" content=\"article\" \/>\n<meta property=\"og:title\" content=\"Digitalisierung und Unternehmen &ndash; Institut f\u00fcr Corporate Governance\" \/>\n<meta property=\"og:description\" content=\"DIGITALISIERUNG UND UNTERNEHMENSF\u00dcHRUNG&nbsp; Das Thema F\u00fchrung hat sich in den letzten Jahren grundlegend ver\u00e4ndert.\u00a0Zum einen verlagert es sich in den virtuellen Raum, zum anderen sind erweiterte F\u00e4higkeiten und andere F\u00fchrungspers\u00f6nlichkeiten gefragt. Daher hat das ICG in einem hochkar\u00e4tig besetzten Round Table mit rund 30 Top CEOs und Experten verschiedener Branchen sich intensiv mit dem Thema [&hellip;]\" \/>\n<meta property=\"og:url\" content=\"https:\/\/icg-institut.de\/de\/nachhaltige-unternehmensfuehrung\/digitalisierung-und-unternehmen\/\" \/>\n<meta property=\"og:site_name\" content=\"Institut f\u00fcr Corporate Governance\" \/>\n<meta property=\"article:modified_time\" content=\"2022-07-01T10:15:13+00:00\" \/>\n<meta name=\"twitter:card\" content=\"summary_large_image\" \/>\n<meta name=\"twitter:label1\" content=\"Gesch\u00e4tzte Lesezeit\" \/>\n\t<meta name=\"twitter:data1\" content=\"4 Minuten\" \/>\n<script type=\"application\/ld+json\" class=\"yoast-schema-graph\">{\"@context\":\"https:\/\/schema.org\",\"@graph\":[{\"@type\":\"WebPage\",\"@id\":\"https:\/\/icg-institut.de\/de\/nachhaltige-unternehmensfuehrung\/digitalisierung-und-unternehmen\/\",\"url\":\"https:\/\/icg-institut.de\/de\/nachhaltige-unternehmensfuehrung\/digitalisierung-und-unternehmen\/\",\"name\":\"Digitalisierung und Unternehmen &ndash; Institut f\u00fcr Corporate Governance\",\"isPartOf\":{\"@id\":\"https:\/\/icg-institut.de\/de\/#website\"},\"datePublished\":\"2020-09-24T09:48:15+00:00\",\"dateModified\":\"2022-07-01T10:15:13+00:00\",\"breadcrumb\":{\"@id\":\"https:\/\/icg-institut.de\/de\/nachhaltige-unternehmensfuehrung\/digitalisierung-und-unternehmen\/#breadcrumb\"},\"inLanguage\":\"de-DE\",\"potentialAction\":[{\"@type\":\"ReadAction\",\"target\":[\"https:\/\/icg-institut.de\/de\/nachhaltige-unternehmensfuehrung\/digitalisierung-und-unternehmen\/\"]}]},{\"@type\":\"BreadcrumbList\",\"@id\":\"https:\/\/icg-institut.de\/de\/nachhaltige-unternehmensfuehrung\/digitalisierung-und-unternehmen\/#breadcrumb\",\"itemListElement\":[{\"@type\":\"ListItem\",\"position\":1,\"name\":\"Startseite\",\"item\":\"https:\/\/icg-institut.de\/de\/\"},{\"@type\":\"ListItem\",\"position\":2,\"name\":\"Nachhaltige Unternehmensf\u00fchrung\",\"item\":\"https:\/\/icg-institut.de\/de\/nachhaltige-unternehmensfuehrung\/\"},{\"@type\":\"ListItem\",\"position\":3,\"name\":\"Digitalisierung und Unternehmen\"}]},{\"@type\":\"WebSite\",\"@id\":\"https:\/\/icg-institut.de\/de\/#website\",\"url\":\"https:\/\/icg-institut.de\/de\/\",\"name\":\"Institut f\u00fcr Corporate Governance\",\"description\":\"Das ICG ist der f\u00fchrende Think und Do-Tank der Immobilienbranche f\u00fcr gute Governance.\",\"publisher\":{\"@id\":\"https:\/\/icg-institut.de\/de\/#organization\"},\"potentialAction\":[{\"@type\":\"SearchAction\",\"target\":{\"@type\":\"EntryPoint\",\"urlTemplate\":\"https:\/\/icg-institut.de\/de\/?s={search_term_string}\"},\"query-input\":\"required name=search_term_string\"}],\"inLanguage\":\"de-DE\"},{\"@type\":\"Organization\",\"@id\":\"https:\/\/icg-institut.de\/de\/#organization\",\"name\":\"ICG Institut\",\"url\":\"https:\/\/icg-institut.de\/de\/\",\"logo\":{\"@type\":\"ImageObject\",\"inLanguage\":\"de-DE\",\"@id\":\"https:\/\/icg-institut.de\/de\/#\/schema\/logo\/image\/\",\"url\":\"https:\/\/icg-institut.de\/wp-content\/uploads\/2020\/10\/Logo_ICG_short_4c_transp.png\",\"contentUrl\":\"https:\/\/icg-institut.de\/wp-content\/uploads\/2020\/10\/Logo_ICG_short_4c_transp.png\",\"width\":6123,\"height\":1987,\"caption\":\"ICG Institut\"},\"image\":{\"@id\":\"https:\/\/icg-institut.de\/de\/#\/schema\/logo\/image\/\"}}]}<\/script>\n<!-- \/ Yoast SEO plugin. -->","yoast_head_json":{"title":"Digitalisierung und Unternehmen &ndash; Institut f\u00fcr Corporate Governance","robots":{"index":"index","follow":"follow","max-snippet":"max-snippet:-1","max-image-preview":"max-image-preview:large","max-video-preview":"max-video-preview:-1"},"canonical":"https:\/\/icg-institut.de\/de\/nachhaltige-unternehmensfuehrung\/digitalisierung-und-unternehmen\/","og_locale":"de_DE","og_type":"article","og_title":"Digitalisierung und Unternehmen &ndash; Institut f\u00fcr Corporate Governance","og_description":"DIGITALISIERUNG UND UNTERNEHMENSF\u00dcHRUNG&nbsp; Das Thema F\u00fchrung hat sich in den letzten Jahren grundlegend ver\u00e4ndert.\u00a0Zum einen verlagert es sich in den virtuellen Raum, zum anderen sind erweiterte F\u00e4higkeiten und andere F\u00fchrungspers\u00f6nlichkeiten gefragt. Daher hat das ICG in einem hochkar\u00e4tig besetzten Round Table mit rund 30 Top CEOs und Experten verschiedener Branchen sich intensiv mit dem Thema [&hellip;]","og_url":"https:\/\/icg-institut.de\/de\/nachhaltige-unternehmensfuehrung\/digitalisierung-und-unternehmen\/","og_site_name":"Institut f\u00fcr Corporate Governance","article_modified_time":"2022-07-01T10:15:13+00:00","twitter_card":"summary_large_image","twitter_misc":{"Gesch\u00e4tzte Lesezeit":"4 Minuten"},"schema":{"@context":"https:\/\/schema.org","@graph":[{"@type":"WebPage","@id":"https:\/\/icg-institut.de\/de\/nachhaltige-unternehmensfuehrung\/digitalisierung-und-unternehmen\/","url":"https:\/\/icg-institut.de\/de\/nachhaltige-unternehmensfuehrung\/digitalisierung-und-unternehmen\/","name":"Digitalisierung und Unternehmen &ndash; Institut f\u00fcr Corporate Governance","isPartOf":{"@id":"https:\/\/icg-institut.de\/de\/#website"},"datePublished":"2020-09-24T09:48:15+00:00","dateModified":"2022-07-01T10:15:13+00:00","breadcrumb":{"@id":"https:\/\/icg-institut.de\/de\/nachhaltige-unternehmensfuehrung\/digitalisierung-und-unternehmen\/#breadcrumb"},"inLanguage":"de-DE","potentialAction":[{"@type":"ReadAction","target":["https:\/\/icg-institut.de\/de\/nachhaltige-unternehmensfuehrung\/digitalisierung-und-unternehmen\/"]}]},{"@type":"BreadcrumbList","@id":"https:\/\/icg-institut.de\/de\/nachhaltige-unternehmensfuehrung\/digitalisierung-und-unternehmen\/#breadcrumb","itemListElement":[{"@type":"ListItem","position":1,"name":"Startseite","item":"https:\/\/icg-institut.de\/de\/"},{"@type":"ListItem","position":2,"name":"Nachhaltige Unternehmensf\u00fchrung","item":"https:\/\/icg-institut.de\/de\/nachhaltige-unternehmensfuehrung\/"},{"@type":"ListItem","position":3,"name":"Digitalisierung und Unternehmen"}]},{"@type":"WebSite","@id":"https:\/\/icg-institut.de\/de\/#website","url":"https:\/\/icg-institut.de\/de\/","name":"Institut f\u00fcr Corporate Governance","description":"Das ICG ist der f\u00fchrende Think und Do-Tank der Immobilienbranche f\u00fcr gute Governance.","publisher":{"@id":"https:\/\/icg-institut.de\/de\/#organization"},"potentialAction":[{"@type":"SearchAction","target":{"@type":"EntryPoint","urlTemplate":"https:\/\/icg-institut.de\/de\/?s={search_term_string}"},"query-input":"required name=search_term_string"}],"inLanguage":"de-DE"},{"@type":"Organization","@id":"https:\/\/icg-institut.de\/de\/#organization","name":"ICG Institut","url":"https:\/\/icg-institut.de\/de\/","logo":{"@type":"ImageObject","inLanguage":"de-DE","@id":"https:\/\/icg-institut.de\/de\/#\/schema\/logo\/image\/","url":"https:\/\/icg-institut.de\/wp-content\/uploads\/2020\/10\/Logo_ICG_short_4c_transp.png","contentUrl":"https:\/\/icg-institut.de\/wp-content\/uploads\/2020\/10\/Logo_ICG_short_4c_transp.png","width":6123,"height":1987,"caption":"ICG Institut"},"image":{"@id":"https:\/\/icg-institut.de\/de\/#\/schema\/logo\/image\/"}}]}},"_links":{"self":[{"href":"https:\/\/icg-institut.de\/de\/wp-json\/wp\/v2\/pages\/8834"}],"collection":[{"href":"https:\/\/icg-institut.de\/de\/wp-json\/wp\/v2\/pages"}],"about":[{"href":"https:\/\/icg-institut.de\/de\/wp-json\/wp\/v2\/types\/page"}],"author":[{"embeddable":true,"href":"https:\/\/icg-institut.de\/de\/wp-json\/wp\/v2\/users\/2"}],"replies":[{"embeddable":true,"href":"https:\/\/icg-institut.de\/de\/wp-json\/wp\/v2\/comments?post=8834"}],"version-history":[{"count":0,"href":"https:\/\/icg-institut.de\/de\/wp-json\/wp\/v2\/pages\/8834\/revisions"}],"up":[{"embeddable":true,"href":"https:\/\/icg-institut.de\/de\/wp-json\/wp\/v2\/pages\/9538"}],"wp:attachment":[{"href":"https:\/\/icg-institut.de\/de\/wp-json\/wp\/v2\/media?parent=8834"}],"curies":[{"name":"wp","href":"https:\/\/api.w.org\/{rel}","templated":true}]}}