{"id":12793,"date":"2021-06-24T12:50:43","date_gmt":"2021-06-24T12:50:43","guid":{"rendered":"https:\/\/icg-institut.de\/partners\/"},"modified":"2022-01-31T11:40:41","modified_gmt":"2022-01-31T11:40:41","slug":"partners","status":"publish","type":"page","link":"https:\/\/icg-institut.de\/en\/partners\/","title":{"rendered":"Partners"},"content":{"rendered":"<p>[et_pb_section fb_built=&#8221;1&#8243; fullwidth=&#8221;on&#8221; admin_label=&#8221;Page Header&#8221; _builder_version=&#8221;4.4.4&#8243; background_color=&#8221;#e02b20&#8243; background_image=&#8221;http:\/\/icg-institut.de\/wp-content\/uploads\/2020\/04\/business-07.jpg&#8221; parallax=&#8221;on&#8221; locked=&#8221;off&#8221;][et_pb_fullwidth_header text_orientation=&#8221;center&#8221; admin_label=&#8221;Hero Section&#8221; _builder_version=&#8221;4.4.4&#8243; title_font=&#8221;Montserrat||||||||&#8221; title_font_size=&#8221;60px&#8221; title_line_height=&#8221;1.4em&#8221; content_font_size=&#8221;40px&#8221; content_line_height=&#8221;1.8em&#8221; subhead_font=&#8221;||||&#8221; background_color=&#8221;rgba(255, 255, 255, 0)&#8221; use_background_color_gradient=&#8221;on&#8221; background_color_gradient_start=&#8221;#622b78&#8243; background_color_gradient_end=&#8221;rgba(114,114,219,0.25)&#8221; custom_button_one=&#8221;on&#8221; button_one_text_size=&#8221;16px&#8221; button_one_bg_color=&#8221;#6eba01&#8243; button_one_border_width=&#8221;2px&#8221; button_one_border_color=&#8221;#6eba01&#8243; button_one_border_radius=&#8221;0&#8243; button_one_letter_spacing=&#8221;2&#8243; button_one_font=&#8221;Montserrat|||on|&#8221; button_one_use_icon=&#8221;off&#8221; custom_button_two=&#8221;on&#8221; button_two_text_size=&#8221;16px&#8221; button_two_border_width=&#8221;2px&#8221; button_two_border_color=&#8221;#ffffff&#8221; button_two_border_radius=&#8221;0&#8243; button_two_letter_spacing=&#8221;2&#8243; button_two_font=&#8221;Montserrat|||on|&#8221; button_two_use_icon=&#8221;off&#8221; module_alignment=&#8221;left&#8221; animation_style=&#8221;fade&#8221; content_font_size_tablet=&#8221;&#8221; content_font_size_phone=&#8221;28px&#8221; content_font_size_last_edited=&#8221;on|phone&#8221; button_one_text_color_hover=&#8221;#6eba01&#8243; button_two_text_color_hover=&#8221;#6eba01&#8243; button_one_border_color_hover=&#8221;#ffffff&#8221; button_two_border_color_hover=&#8221;#ffffff&#8221; button_one_border_radius_hover=&#8221;0&#8243; button_two_border_radius_hover=&#8221;0&#8243; button_one_letter_spacing_hover=&#8221;2&#8243; button_two_letter_spacing_hover=&#8221;2&#8243; button_one_bg_color_hover=&#8221;#ffffff&#8221; button_two_bg_color_hover=&#8221;#ffffff&#8221; button_one_text_size__hover_enabled=&#8221;off&#8221; button_two_text_size__hover_enabled=&#8221;off&#8221; button_one_text_color__hover_enabled=&#8221;on&#8221; button_one_text_color__hover=&#8221;#6eba01&#8243; button_two_text_color__hover_enabled=&#8221;on&#8221; button_two_text_color__hover=&#8221;#6eba01&#8243; button_one_border_width__hover_enabled=&#8221;off&#8221; button_two_border_width__hover_enabled=&#8221;off&#8221; button_one_border_color__hover_enabled=&#8221;on&#8221; button_one_border_color__hover=&#8221;#ffffff&#8221; button_two_border_color__hover_enabled=&#8221;on&#8221; button_two_border_color__hover=&#8221;#ffffff&#8221; button_one_border_radius__hover_enabled=&#8221;on&#8221; button_one_border_radius__hover=&#8221;0&#8243; button_two_border_radius__hover_enabled=&#8221;on&#8221; button_two_border_radius__hover=&#8221;0&#8243; button_one_letter_spacing__hover_enabled=&#8221;on&#8221; button_one_letter_spacing__hover=&#8221;2&#8243; button_two_letter_spacing__hover_enabled=&#8221;on&#8221; button_two_letter_spacing__hover=&#8221;2&#8243; button_one_bg_color__hover_enabled=&#8221;on&#8221; button_one_bg_color__hover=&#8221;#ffffff&#8221; button_two_bg_color__hover_enabled=&#8221;on&#8221; button_two_bg_color__hover=&#8221;#ffffff&#8221;]<\/p>\n<p>OUR PARTNERS<\/p>\n<p>[\/et_pb_fullwidth_header][\/et_pb_section][et_pb_section fb_built=&#8221;1&#8243; admin_label=&#8221;Our Team&#8221; _builder_version=&#8221;4.4.4&#8243; background_color=&#8221;#f4f4f4&#8243; custom_padding=&#8221;40px||40px||true|false&#8221; locked=&#8221;off&#8221;][et_pb_row column_structure=&#8221;1_2,1_2&#8243; _builder_version=&#8221;4.4.4&#8243; custom_padding=&#8221;3%|5%|0px|5%|false|true&#8221;][et_pb_column type=&#8221;1_2&#8243; _builder_version=&#8221;4.4.4&#8243;][et_pb_text _builder_version=&#8221;4.4.4&#8243; text_font_size=&#8221;20px&#8221; custom_padding_tablet=&#8221;5%||||false|false&#8221; custom_padding_phone=&#8221;10%||||false|false&#8221; custom_padding_last_edited=&#8221;on|phone&#8221;]<\/p>\n<p style=\"text-align: left;\">Allianz F\u00fcr Entwicklung und Klima<\/p>\n<p>[\/et_pb_text][et_pb_image src=&#8221;http:\/\/icg-institut.de\/wp-content\/uploads\/2020\/09\/Allianz-KUE_450x225.jpg&#8221; title_text=&#8221;Allianz KUE_450x225&#8243; url_new_window=&#8221;on&#8221; _builder_version=&#8221;4.4.4&#8243; border_width_all=&#8221;1px&#8221; box_shadow_style=&#8221;preset1&#8243;][\/et_pb_image][et_pb_text _builder_version=&#8221;4.4.4&#8243;]<\/p>\n<p>The Alliance for Climate and Development focuses on the potential of voluntary involvement and the leveraging of CO<sub>2<\/sub>-compensation projects in developing and emerging markets.<\/p>\n<p>[\/et_pb_text][\/et_pb_column][et_pb_column type=&#8221;1_2&#8243; _builder_version=&#8221;4.4.4&#8243;][et_pb_text _builder_version=&#8221;4.4.4&#8243; text_font_size=&#8221;20px&#8221; custom_padding_tablet=&#8221;5%||||false|false&#8221; custom_padding_phone=&#8221;10%||||false|false&#8221; custom_padding_last_edited=&#8221;on|phone&#8221;]<\/p>\n<p style=\"text-align: left;\">Bundesinitiative Impact Investing<\/p>\n<p>[\/et_pb_text][et_pb_image src=&#8221;https:\/\/icg-institut.de\/wp-content\/uploads\/2021\/10\/Biii_450x225-1.png&#8221; title_text=&#8221;Biii_450x225&#8243; url_new_window=&#8221;on&#8221; _builder_version=&#8221;4.4.4&#8243; border_width_all=&#8221;1px&#8221; box_shadow_style=&#8221;preset1&#8243;][\/et_pb_image][et_pb_text _builder_version=&#8221;4.4.4&#8243;]<\/p>\n<p>Die Bundesinitiative Impact Investing m\u00f6chte in Deutschland Voraussetzungen schaffen, dass zus\u00e4tzliches Kapital zur Bew\u00e4ltigung sozialer und \u00f6kologischer Herausforderungen eingesetzt wird.<\/p>\n<p>[\/et_pb_text][\/et_pb_column][\/et_pb_row][et_pb_row column_structure=&#8221;1_2,1_2&#8243; _builder_version=&#8221;4.4.4&#8243; custom_padding=&#8221;3%|5%|0px|5%|false|true&#8221;][et_pb_column type=&#8221;1_2&#8243; _builder_version=&#8221;4.4.4&#8243;][et_pb_text _builder_version=&#8221;4.4.4&#8243; text_font_size=&#8221;20px&#8221; custom_padding=&#8221;||||false|false&#8221; custom_padding_tablet=&#8221;5%||||false|false&#8221; custom_padding_phone=&#8221;10%||||false|false&#8221; custom_padding_last_edited=&#8221;on|tablet&#8221;]<\/p>\n<p style=\"text-align: left;\">Charta der Vielfalt<\/p>\n<p>[\/et_pb_text][et_pb_image src=&#8221;http:\/\/icg-institut.de\/wp-content\/uploads\/2020\/05\/icg_logo-1.jpg&#8221; title_text=&#8221;icg_logo&#8221; url_new_window=&#8221;on&#8221; _builder_version=&#8221;4.4.4&#8243; border_width_all=&#8221;1px&#8221; box_shadow_style=&#8221;preset1&#8243;][\/et_pb_image][et_pb_text _builder_version=&#8221;4.4.4&#8243;]<\/p>\n<p>The Diversity Charter is an employer initiative to promote diversity in companies and institutions. It was launched in December 2006 and is supported by the Federal Commissioner for Migration, Refugees and Integration. ICG has signed the Diversity Charter and supports its goals.<\/p>\n<p>[\/et_pb_text][\/et_pb_column][et_pb_column type=&#8221;1_2&#8243; _builder_version=&#8221;4.4.4&#8243;][et_pb_text _builder_version=&#8221;4.4.4&#8243; text_font_size=&#8221;20px&#8221; custom_padding_tablet=&#8221;5%||||false|false&#8221; custom_padding_phone=&#8221;10%||||false|false&#8221; custom_padding_last_edited=&#8221;on|phone&#8221;]<\/p>\n<p style=\"text-align: left;\">EPRA<\/p>\n<p>[\/et_pb_text][et_pb_image src=&#8221;http:\/\/icg-institut.de\/wp-content\/uploads\/2020\/05\/epra_logo.jpg&#8221; title_text=&#8221;epra_logo&#8221; url_new_window=&#8221;on&#8221; _builder_version=&#8221;4.4.4&#8243; border_width_all=&#8221;1px&#8221; box_shadow_style=&#8221;preset1&#8243;][\/et_pb_image][et_pb_text _builder_version=&#8221;4.4.4&#8243;]<\/p>\n<p>EPRA, the European Public Real Estate Association, is the voice for the listed companies in the European property industry. EPRA was established in 1999, its registered office is in Belgium and it has more than 275 members. EPRA and ICG have exchanged information for many years now.<\/p>\n<p>[\/et_pb_text][\/et_pb_column][\/et_pb_row][et_pb_row column_structure=&#8221;1_2,1_2&#8243; _builder_version=&#8221;4.4.4&#8243; custom_padding=&#8221;3%|5%|0px|5%|false|true&#8221;][et_pb_column type=&#8221;1_2&#8243; _builder_version=&#8221;4.4.4&#8243;][et_pb_text _builder_version=&#8221;4.4.4&#8243; text_font_size=&#8221;20px&#8221; custom_padding_tablet=&#8221;5%||||false|false&#8221; custom_padding_phone=&#8221;10%||||false|false&#8221; custom_padding_last_edited=&#8221;on|phone&#8221;]<\/p>\n<p style=\"text-align: left;\">ICGN<\/p>\n<p>[\/et_pb_text][et_pb_image src=&#8221;https:\/\/icg-institut.de\/wp-content\/uploads\/2022\/01\/Partner_ICGN_450x225.png&#8221; title_text=&#8221;Partner_ICGN_450x225&#8243; url_new_window=&#8221;on&#8221; _builder_version=&#8221;4.4.4&#8243; hover_enabled=&#8221;0&#8243; border_width_all=&#8221;1px&#8221; box_shadow_style=&#8221;preset1&#8243;][\/et_pb_image][et_pb_text _builder_version=&#8221;4.4.4&#8243;]<\/p>\n<p>The International Corporate Governance Network (ICGN) aims to promote effective standards of corporate governance and investor stewardship to support efficient markets and sustainable economies worldwide. Its policy positions are guided by the ICGN Global Governance Principles and Global Stewardship Principles.<\/p>\n<p>[\/et_pb_text][\/et_pb_column][et_pb_column type=&#8221;1_2&#8243; _builder_version=&#8221;4.4.4&#8243;][et_pb_text _builder_version=&#8221;4.4.4&#8243; text_font_size=&#8221;20px&#8221; custom_padding_tablet=&#8221;5%||||false|false&#8221; custom_padding_phone=&#8221;10%||||false|false&#8221; custom_padding_last_edited=&#8221;on|phone&#8221;]<\/p>\n<p style=\"text-align: left;\">IES<\/p>\n<p>[\/et_pb_text][et_pb_image src=&#8221;http:\/\/icg-institut.de\/wp-content\/uploads\/2020\/10\/IES_450x225.jpg&#8221; title_text=&#8221;IES_450x225&#8243; url_new_window=&#8221;on&#8221; _builder_version=&#8221;4.4.4&#8243; border_width_all=&#8221;1px&#8221; box_shadow_style=&#8221;preset1&#8243;][\/et_pb_image][et_pb_text _builder_version=&#8221;4.4.4&#8243;]<\/p>\n<p>The International Ethics Standards Coalition\u00a0(IESC) is an association of more than 150 organisations from around 50 countries and was initiated by the UN. The aim is to establish a standard code of ethics for the real estate industry. The ICG is a founding member and Karin Barthelmes-Wehr is chair of the IESC.<\/p>\n<p>[\/et_pb_text][\/et_pb_column][\/et_pb_row][et_pb_row column_structure=&#8221;1_2,1_2&#8243; _builder_version=&#8221;4.4.4&#8243; custom_padding=&#8221;3%|5%|0px|5%|false|true&#8221;][et_pb_column type=&#8221;1_2&#8243; _builder_version=&#8221;4.4.4&#8243;][et_pb_text _builder_version=&#8221;4.4.4&#8243; text_font_size=&#8221;20px&#8221; custom_padding_tablet=&#8221;5%||||false|false&#8221; custom_padding_phone=&#8221;10%||||false|false&#8221; custom_padding_last_edited=&#8221;on|phone&#8221;]<\/p>\n<p style=\"text-align: left;\">\u00d6GNI<\/p>\n<p>[\/et_pb_text][et_pb_image src=&#8221;http:\/\/icg-institut.de\/wp-content\/uploads\/2020\/05\/o\u0308gni_logo.jpg&#8221; title_text=&#8221;o\u0308gni_logo&#8221; url_new_window=&#8221;on&#8221; _builder_version=&#8221;4.4.4&#8243; border_width_all=&#8221;1px&#8221; box_shadow_style=&#8221;preset1&#8243;][\/et_pb_image][et_pb_text _builder_version=&#8221;4.4.4&#8243;]<\/p>\n<p>The \u00d6GNI \u2013 \u00d6sterreichische Gesellschaft f\u00fcr Nachhaltige Immobilienwirtschaft (Austrian Association for a Sustainable Real Estate Industry), is an NGO for the development of sustainability in the Austrian construction and property sectors. \u00d6GNI has assumed responsibility for the ICG certification system for the Austrian market.<\/p>\n<p>[\/et_pb_text][\/et_pb_column][et_pb_column type=&#8221;1_2&#8243; _builder_version=&#8221;4.4.4&#8243;][et_pb_text _builder_version=&#8221;4.4.4&#8243; text_font_size=&#8221;20px&#8221; min_height=&#8221;0px&#8221; custom_padding_tablet=&#8221;5%||||false|false&#8221; custom_padding_phone=&#8221;10%||||false|false&#8221; custom_padding_last_edited=&#8221;on|phone&#8221;]<\/p>\n<p style=\"text-align: left;\">RICS<\/p>\n<p>[\/et_pb_text][et_pb_image src=&#8221;https:\/\/icg-institut.de\/wp-content\/uploads\/2020\/11\/RICS._450x225.png&#8221; title_text=&#8221;RICS._450x225&#8243; url_new_window=&#8221;on&#8221; _builder_version=&#8221;4.4.4&#8243; border_width_all=&#8221;1px&#8221; box_shadow_style=&#8221;preset1&#8243;][\/et_pb_image][et_pb_text _builder_version=&#8221;4.4.4&#8243;]<\/p>\n<p>RICS considers itself to be the world\u2019s leading supplier of professional qualifications in the area of property, construction and infrastructure. The organisation was established in 1868 and has around 150,000 members worldwide. ICG and RICS have cooperated closely in Germany for many years, and also continuously exchange information on a global scale.<\/p>\n<p>[\/et_pb_text][\/et_pb_column][\/et_pb_row][et_pb_row column_structure=&#8221;1_2,1_2&#8243; _builder_version=&#8221;4.4.4&#8243; custom_padding=&#8221;3%|5%|0px|5%|false|true&#8221;][et_pb_column type=&#8221;1_2&#8243; _builder_version=&#8221;4.4.4&#8243;][et_pb_text _builder_version=&#8221;4.4.4&#8243; text_font_size=&#8221;20px&#8221; min_height=&#8221;29.8px&#8221; custom_padding_tablet=&#8221;5%||||false|false&#8221; custom_padding_phone=&#8221;10%||||false|false&#8221; custom_padding_last_edited=&#8221;on|tablet&#8221;]<\/p>\n<p style=\"text-align: left;\">ZIA<\/p>\n<p>[\/et_pb_text][et_pb_image src=&#8221;http:\/\/icg-institut.de\/wp-content\/uploads\/2020\/05\/zia_logo.jpg&#8221; title_text=&#8221;zia_logo&#8221; url_new_window=&#8221;on&#8221; _builder_version=&#8221;4.4.4&#8243; border_width_all=&#8221;1px&#8221; box_shadow_style=&#8221;preset1&#8243;][\/et_pb_image][et_pb_text _builder_version=&#8221;4.4.4&#8243;]<\/p>\n<p>The Zentrale Immobilien Ausschuss e.V. (ZIA) (German Property Federation) is the umbrella organisation of the German real estate industry. It focuses and represents the interests of its members in an all-encompassing way vis-a-vis the general public, the political establishment and the public sector. As a cooperation partner, the ICG deals with all sustainable, values-based corporate management-related issues for the ZIA.<\/p>\n<p>[\/et_pb_text][\/et_pb_column][et_pb_column type=&#8221;1_2&#8243; _builder_version=&#8221;4.4.4&#8243;][\/et_pb_column][\/et_pb_row][\/et_pb_section]<\/p>\n","protected":false},"excerpt":{"rendered":"<p>OUR PARTNERSAllianz F\u00fcr Entwicklung und KlimaThe Alliance for Climate and Development focuses on the potential of voluntary involvement and the leveraging of CO2-compensation projects in developing and emerging markets.Bundesinitiative Impact InvestingDie Bundesinitiative Impact Investing m\u00f6chte in Deutschland Voraussetzungen schaffen, dass zus\u00e4tzliches Kapital zur Bew\u00e4ltigung sozialer und \u00f6kologischer Herausforderungen eingesetzt wird.Charta der VielfaltThe Diversity Charter is [&hellip;]<\/p>\n","protected":false},"author":2,"featured_media":0,"parent":0,"menu_order":0,"comment_status":"closed","ping_status":"closed","template":"","meta":{"_et_pb_use_builder":"on","_et_pb_old_content":"","_et_gb_content_width":""},"yoast_head":"<!-- This site is optimized with the Yoast SEO plugin v20.6 - https:\/\/yoast.com\/wordpress\/plugins\/seo\/ -->\n<title>Partners &ndash; Institut f\u00fcr Corporate Governance<\/title>\n<meta name=\"robots\" content=\"index, follow, max-snippet:-1, max-image-preview:large, max-video-preview:-1\" \/>\n<link rel=\"canonical\" href=\"https:\/\/icg-institut.de\/en\/partners\/\" \/>\n<meta property=\"og:locale\" content=\"en_US\" \/>\n<meta property=\"og:type\" content=\"article\" \/>\n<meta property=\"og:title\" content=\"Partners &ndash; Institut f\u00fcr Corporate Governance\" \/>\n<meta property=\"og:description\" content=\"OUR PARTNERSAllianz F\u00fcr Entwicklung und KlimaThe Alliance for Climate and Development focuses on the potential of voluntary involvement and the leveraging of CO2-compensation projects in developing and emerging markets.Bundesinitiative Impact InvestingDie Bundesinitiative Impact Investing m\u00f6chte in Deutschland Voraussetzungen schaffen, dass zus\u00e4tzliches Kapital zur Bew\u00e4ltigung sozialer und \u00f6kologischer Herausforderungen eingesetzt wird.Charta der VielfaltThe Diversity Charter is [&hellip;]\" \/>\n<meta property=\"og:url\" content=\"https:\/\/icg-institut.de\/en\/partners\/\" \/>\n<meta property=\"og:site_name\" content=\"Institut f\u00fcr Corporate Governance\" \/>\n<meta property=\"article:modified_time\" content=\"2022-01-31T11:40:41+00:00\" \/>\n<meta name=\"twitter:card\" content=\"summary_large_image\" \/>\n<meta name=\"twitter:label1\" content=\"Est. reading time\" \/>\n\t<meta name=\"twitter:data1\" content=\"8 minutes\" \/>\n<script type=\"application\/ld+json\" class=\"yoast-schema-graph\">{\"@context\":\"https:\/\/schema.org\",\"@graph\":[{\"@type\":\"WebPage\",\"@id\":\"https:\/\/icg-institut.de\/en\/partners\/\",\"url\":\"https:\/\/icg-institut.de\/en\/partners\/\",\"name\":\"Partners &ndash; Institut f\u00fcr Corporate Governance\",\"isPartOf\":{\"@id\":\"https:\/\/icg-institut.de\/de\/#website\"},\"datePublished\":\"2021-06-24T12:50:43+00:00\",\"dateModified\":\"2022-01-31T11:40:41+00:00\",\"breadcrumb\":{\"@id\":\"https:\/\/icg-institut.de\/en\/partners\/#breadcrumb\"},\"inLanguage\":\"en-US\",\"potentialAction\":[{\"@type\":\"ReadAction\",\"target\":[\"https:\/\/icg-institut.de\/en\/partners\/\"]}]},{\"@type\":\"BreadcrumbList\",\"@id\":\"https:\/\/icg-institut.de\/en\/partners\/#breadcrumb\",\"itemListElement\":[{\"@type\":\"ListItem\",\"position\":1,\"name\":\"Startseite\",\"item\":\"https:\/\/icg-institut.de\/de\/\"},{\"@type\":\"ListItem\",\"position\":2,\"name\":\"Partners\"}]},{\"@type\":\"WebSite\",\"@id\":\"https:\/\/icg-institut.de\/de\/#website\",\"url\":\"https:\/\/icg-institut.de\/de\/\",\"name\":\"Institut f\u00fcr Corporate Governance\",\"description\":\"Das ICG ist der f\u00fchrende Think und Do-Tank der Immobilienbranche f\u00fcr gute Governance.\",\"publisher\":{\"@id\":\"https:\/\/icg-institut.de\/de\/#organization\"},\"potentialAction\":[{\"@type\":\"SearchAction\",\"target\":{\"@type\":\"EntryPoint\",\"urlTemplate\":\"https:\/\/icg-institut.de\/de\/?s={search_term_string}\"},\"query-input\":\"required name=search_term_string\"}],\"inLanguage\":\"en-US\"},{\"@type\":\"Organization\",\"@id\":\"https:\/\/icg-institut.de\/de\/#organization\",\"name\":\"ICG Institut\",\"url\":\"https:\/\/icg-institut.de\/de\/\",\"logo\":{\"@type\":\"ImageObject\",\"inLanguage\":\"en-US\",\"@id\":\"https:\/\/icg-institut.de\/de\/#\/schema\/logo\/image\/\",\"url\":\"https:\/\/icg-institut.de\/wp-content\/uploads\/2020\/10\/Logo_ICG_short_4c_transp.png\",\"contentUrl\":\"https:\/\/icg-institut.de\/wp-content\/uploads\/2020\/10\/Logo_ICG_short_4c_transp.png\",\"width\":6123,\"height\":1987,\"caption\":\"ICG Institut\"},\"image\":{\"@id\":\"https:\/\/icg-institut.de\/de\/#\/schema\/logo\/image\/\"}}]}<\/script>\n<!-- \/ Yoast SEO plugin. -->","yoast_head_json":{"title":"Partners &ndash; Institut f\u00fcr Corporate Governance","robots":{"index":"index","follow":"follow","max-snippet":"max-snippet:-1","max-image-preview":"max-image-preview:large","max-video-preview":"max-video-preview:-1"},"canonical":"https:\/\/icg-institut.de\/en\/partners\/","og_locale":"en_US","og_type":"article","og_title":"Partners &ndash; Institut f\u00fcr Corporate Governance","og_description":"OUR PARTNERSAllianz F\u00fcr Entwicklung und KlimaThe Alliance for Climate and Development focuses on the potential of voluntary involvement and the leveraging of CO2-compensation projects in developing and emerging markets.Bundesinitiative Impact InvestingDie Bundesinitiative Impact Investing m\u00f6chte in Deutschland Voraussetzungen schaffen, dass zus\u00e4tzliches Kapital zur Bew\u00e4ltigung sozialer und \u00f6kologischer Herausforderungen eingesetzt wird.Charta der VielfaltThe Diversity Charter is [&hellip;]","og_url":"https:\/\/icg-institut.de\/en\/partners\/","og_site_name":"Institut f\u00fcr Corporate Governance","article_modified_time":"2022-01-31T11:40:41+00:00","twitter_card":"summary_large_image","twitter_misc":{"Est. reading time":"8 minutes"},"schema":{"@context":"https:\/\/schema.org","@graph":[{"@type":"WebPage","@id":"https:\/\/icg-institut.de\/en\/partners\/","url":"https:\/\/icg-institut.de\/en\/partners\/","name":"Partners &ndash; Institut f\u00fcr Corporate Governance","isPartOf":{"@id":"https:\/\/icg-institut.de\/de\/#website"},"datePublished":"2021-06-24T12:50:43+00:00","dateModified":"2022-01-31T11:40:41+00:00","breadcrumb":{"@id":"https:\/\/icg-institut.de\/en\/partners\/#breadcrumb"},"inLanguage":"en-US","potentialAction":[{"@type":"ReadAction","target":["https:\/\/icg-institut.de\/en\/partners\/"]}]},{"@type":"BreadcrumbList","@id":"https:\/\/icg-institut.de\/en\/partners\/#breadcrumb","itemListElement":[{"@type":"ListItem","position":1,"name":"Startseite","item":"https:\/\/icg-institut.de\/de\/"},{"@type":"ListItem","position":2,"name":"Partners"}]},{"@type":"WebSite","@id":"https:\/\/icg-institut.de\/de\/#website","url":"https:\/\/icg-institut.de\/de\/","name":"Institut f\u00fcr Corporate Governance","description":"Das ICG ist der f\u00fchrende Think und Do-Tank der Immobilienbranche f\u00fcr gute Governance.","publisher":{"@id":"https:\/\/icg-institut.de\/de\/#organization"},"potentialAction":[{"@type":"SearchAction","target":{"@type":"EntryPoint","urlTemplate":"https:\/\/icg-institut.de\/de\/?s={search_term_string}"},"query-input":"required name=search_term_string"}],"inLanguage":"en-US"},{"@type":"Organization","@id":"https:\/\/icg-institut.de\/de\/#organization","name":"ICG Institut","url":"https:\/\/icg-institut.de\/de\/","logo":{"@type":"ImageObject","inLanguage":"en-US","@id":"https:\/\/icg-institut.de\/de\/#\/schema\/logo\/image\/","url":"https:\/\/icg-institut.de\/wp-content\/uploads\/2020\/10\/Logo_ICG_short_4c_transp.png","contentUrl":"https:\/\/icg-institut.de\/wp-content\/uploads\/2020\/10\/Logo_ICG_short_4c_transp.png","width":6123,"height":1987,"caption":"ICG Institut"},"image":{"@id":"https:\/\/icg-institut.de\/de\/#\/schema\/logo\/image\/"}}]}},"_links":{"self":[{"href":"https:\/\/icg-institut.de\/en\/wp-json\/wp\/v2\/pages\/12793"}],"collection":[{"href":"https:\/\/icg-institut.de\/en\/wp-json\/wp\/v2\/pages"}],"about":[{"href":"https:\/\/icg-institut.de\/en\/wp-json\/wp\/v2\/types\/page"}],"author":[{"embeddable":true,"href":"https:\/\/icg-institut.de\/en\/wp-json\/wp\/v2\/users\/2"}],"replies":[{"embeddable":true,"href":"https:\/\/icg-institut.de\/en\/wp-json\/wp\/v2\/comments?post=12793"}],"version-history":[{"count":0,"href":"https:\/\/icg-institut.de\/en\/wp-json\/wp\/v2\/pages\/12793\/revisions"}],"wp:attachment":[{"href":"https:\/\/icg-institut.de\/en\/wp-json\/wp\/v2\/media?parent=12793"}],"curies":[{"name":"wp","href":"https:\/\/api.w.org\/{rel}","templated":true}]}}