{"id":12886,"date":"2021-06-25T06:06:47","date_gmt":"2021-06-25T06:06:47","guid":{"rendered":"https:\/\/icg-institut.de\/testimonials\/"},"modified":"2022-06-17T09:20:49","modified_gmt":"2022-06-17T09:20:49","slug":"testimonials","status":"publish","type":"page","link":"https:\/\/icg-institut.de\/en\/testimonials\/","title":{"rendered":"Testimonials"},"content":{"rendered":"<p>[et_pb_section fb_built=&#8221;1&#8243; fullwidth=&#8221;on&#8221; admin_label=&#8221;Page Header&#8221; _builder_version=&#8221;4.4.4&#8243; background_color=&#8221;#e02b20&#8243; background_image=&#8221;http:\/\/icg-institut.de\/wp-content\/uploads\/2020\/04\/business-07.jpg&#8221; parallax=&#8221;on&#8221; locked=&#8221;off&#8221;][et_pb_fullwidth_header text_orientation=&#8221;center&#8221; admin_label=&#8221;Hero Section&#8221; _builder_version=&#8221;4.4.4&#8243; title_font=&#8221;Montserrat||||||||&#8221; title_font_size=&#8221;60px&#8221; title_line_height=&#8221;1.4em&#8221; content_font_size=&#8221;40px&#8221; content_line_height=&#8221;1.8em&#8221; subhead_font=&#8221;||||&#8221; background_color=&#8221;rgba(255, 255, 255, 0)&#8221; use_background_color_gradient=&#8221;on&#8221; background_color_gradient_start=&#8221;#622b78&#8243; background_color_gradient_end=&#8221;rgba(114,114,219,0.25)&#8221; custom_button_one=&#8221;on&#8221; button_one_text_size=&#8221;16px&#8221; button_one_bg_color=&#8221;#6eba01&#8243; button_one_border_width=&#8221;2px&#8221; button_one_border_color=&#8221;#6eba01&#8243; button_one_border_radius=&#8221;0&#8243; button_one_letter_spacing=&#8221;2&#8243; button_one_font=&#8221;Montserrat|||on|&#8221; button_one_use_icon=&#8221;off&#8221; custom_button_two=&#8221;on&#8221; button_two_text_size=&#8221;16px&#8221; button_two_border_width=&#8221;2px&#8221; button_two_border_color=&#8221;#ffffff&#8221; button_two_border_radius=&#8221;0&#8243; button_two_letter_spacing=&#8221;2&#8243; button_two_font=&#8221;Montserrat|||on|&#8221; button_two_use_icon=&#8221;off&#8221; module_alignment=&#8221;left&#8221; animation_style=&#8221;fade&#8221; content_font_size_tablet=&#8221;&#8221; content_font_size_phone=&#8221;28px&#8221; content_font_size_last_edited=&#8221;on|phone&#8221; button_one_text_color_hover=&#8221;#6eba01&#8243; button_two_text_color_hover=&#8221;#6eba01&#8243; button_one_border_color_hover=&#8221;#ffffff&#8221; button_two_border_color_hover=&#8221;#ffffff&#8221; button_one_border_radius_hover=&#8221;0&#8243; button_two_border_radius_hover=&#8221;0&#8243; button_one_letter_spacing_hover=&#8221;2&#8243; button_two_letter_spacing_hover=&#8221;2&#8243; button_one_bg_color_hover=&#8221;#ffffff&#8221; button_two_bg_color_hover=&#8221;#ffffff&#8221; button_one_text_size__hover_enabled=&#8221;off&#8221; button_two_text_size__hover_enabled=&#8221;off&#8221; button_one_text_color__hover_enabled=&#8221;on&#8221; button_one_text_color__hover=&#8221;#6eba01&#8243; button_two_text_color__hover_enabled=&#8221;on&#8221; button_two_text_color__hover=&#8221;#6eba01&#8243; button_one_border_width__hover_enabled=&#8221;off&#8221; button_two_border_width__hover_enabled=&#8221;off&#8221; button_one_border_color__hover_enabled=&#8221;on&#8221; button_one_border_color__hover=&#8221;#ffffff&#8221; button_two_border_color__hover_enabled=&#8221;on&#8221; button_two_border_color__hover=&#8221;#ffffff&#8221; button_one_border_radius__hover_enabled=&#8221;on&#8221; button_one_border_radius__hover=&#8221;0&#8243; button_two_border_radius__hover_enabled=&#8221;on&#8221; button_two_border_radius__hover=&#8221;0&#8243; button_one_letter_spacing__hover_enabled=&#8221;on&#8221; button_one_letter_spacing__hover=&#8221;2&#8243; button_two_letter_spacing__hover_enabled=&#8221;on&#8221; button_two_letter_spacing__hover=&#8221;2&#8243; button_one_bg_color__hover_enabled=&#8221;on&#8221; button_one_bg_color__hover=&#8221;#ffffff&#8221; button_two_bg_color__hover_enabled=&#8221;on&#8221; button_two_bg_color__hover=&#8221;#ffffff&#8221;]<\/p>\n<p style=\"text-align: center;\">TESTIMONIALS<\/p>\n<p>[\/et_pb_fullwidth_header][\/et_pb_section][et_pb_section fb_built=&#8221;1&#8243; admin_label=&#8221;Our Team&#8221; _builder_version=&#8221;4.4.4&#8243; background_color=&#8221;#f4f4f4&#8243; custom_padding=&#8221;40px||40px||true|false&#8221; locked=&#8221;off&#8221;][et_pb_row _builder_version=&#8221;4.4.4&#8243;][et_pb_column type=&#8221;4_4&#8243; _builder_version=&#8221;4.4.4&#8243;][et_pb_divider color=&#8221;#5e2272&#8243; divider_weight=&#8221;3px&#8221; disabled_on=&#8221;off|off|off&#8221; _builder_version=&#8221;4.4.2&#8243; background_color_gradient_direction=&#8221;90deg&#8221; max_width=&#8221;100px&#8221; module_alignment=&#8221;left&#8221; height=&#8221;5px&#8221; custom_margin=&#8221;||20px|&#8221; custom_padding=&#8221;||20px|&#8221; animation_style=&#8221;slide&#8221; animation_direction=&#8221;bottom&#8221; saved_tabs=&#8221;all&#8221; locked=&#8221;off&#8221;][\/et_pb_divider][et_pb_text _builder_version=&#8221;4.4.4&#8243; text_font=&#8221;|300||on|||||&#8221; text_text_color=&#8221;#1f1f1f&#8221; text_font_size=&#8221;36px&#8221; text_line_height=&#8221;1.4em&#8221; header_font_size=&#8221;35px&#8221;]<\/p>\n<p>Certification by the ICG&#8230;<\/p>\n<p>[\/et_pb_text][et_pb_testimonial author=&#8221;MARTIN G\u00d6RGE&#8221; job_title=&#8221;CEO&#8221; company_name=&#8221;Sprinkenhof GmbH&#8221; portrait_url=&#8221;https:\/\/icg-institut.de\/wp-content\/uploads\/2022\/06\/Martin-Goerge-scaled.jpg&#8221; quote_icon=&#8221;off&#8221; _builder_version=&#8221;4.4.4&#8243; hover_enabled=&#8221;0&#8243; title_text=&#8221;Martin G\u00f6rge&#8221;]<\/p>\n<p><strong>&#8220;&#8230; has helped us to implement the necessary elements of a value-oriented compliance management system in a structured way with the help of the auditing standard specially developed for the real estate industry.&#8221;<\/strong><\/p>\n<p>A reliable compliance management system based on recognised standards is indispensable for every professional service provider.\u00a0With the ICG certification, we as a public real estate company are in a position to meet the requirements of both the legislator and the Free and Hanseatic City of Hamburg. Our task in the future will be to further strengthen awareness of compliance with our new Code of Conduct in the sense of a lived compliance culture. Above all, the workshops held with our managers and employees in the course of certification have shown us that the open exchange produces very valuable insights for our compliance work.<\/p>\n<p>[\/et_pb_testimonial][et_pb_testimonial author=&#8221;ANDREAS ENGELHARDT&#8221; job_title=&#8221;Chairman of the Board&#8221; company_name=&#8221;GWG Gesellschaft f\u00fcr Wohnungs- und Gewerbebau Baden-W\u00fcrttemberg AG &#8221; portrait_url=&#8221;https:\/\/icg-institut.de\/wp-content\/uploads\/2021\/01\/Andreas-Engelhardt.jpg-1.png&#8221; quote_icon=&#8221;off&#8221; _builder_version=&#8221;4.4.4&#8243;]<\/p>\n<p><strong>\u201c\u2026helped us to consolidate the relevant internal processes, to analyse the weak spots and define a pathway for further development. The auditor provided valuable input for us to prioritise our future areas of focus.\u201d<\/strong><\/p>\n<p>[\/et_pb_testimonial][et_pb_testimonial author=&#8221;J\u00d6RG FRANZEN&#8221; job_title=&#8221;Chairman of the Board&#8221; company_name=&#8221;GESOBAU AG&#8221; portrait_url=&#8221;http:\/\/icg-institut.de\/wp-content\/uploads\/2020\/07\/Franzen.jpg&#8221; quote_icon=&#8221;off&#8221; _builder_version=&#8221;4.4.4&#8243;]<\/p>\n<p><strong>\u201c\u2026clarified for us the current status of our activities, which enabled us to continuously develop our compliance management process.\u201d<\/strong><\/p>\n<p>The real estate industry helps to shape everyday life for people like virtually no other sector, in both a professional and personal sense. This makes it all the more important that property companies establish a value management process in their everyday business activities, which identifies conflicts of interest and negotiation grey areas and promotes a culture of integrity among employees in their everyday situations. Regular certification demonstrates the current status of our engagement. On this basis, we can constantly develop our compliance management.<\/p>\n<p>[\/et_pb_testimonial][et_pb_testimonial author=&#8221;STEFANIE FRENSCH&#8221; job_title=&#8221;former Managing Director&#8221; company_name=&#8221;HOWOGE Wohnungsbaugesellschaft mbH&#8221; portrait_url=&#8221;http:\/\/icg-institut.de\/wp-content\/uploads\/2020\/06\/Stefanie-Frensch_300x400.jpg&#8221; quote_icon=&#8221;off&#8221; portrait_width=&#8221;90px&#8221; _builder_version=&#8221;4.4.4&#8243;]<\/p>\n<p><strong>\u201c\u2026it is an important component to build trust in the company.\u201d<\/strong><\/p>\n<p>Compliance management certification by the ICG is an important component for HOWOGE, helping to build trust in the company among our tenants, business partners and the general public, but it is also a part of the corporate culture as experienced on a daily basis. The interdisciplinary workshop process implemented throughout the company within the scope of the certification process has improved awareness among our employees in relation to corporate values, standards and the corresponding conduct benchmarks. At the end of the day, the specific employee interactions with regard to the basic ICG values of integrity, transparency, confidentiality and professionalism fostered the further development of the HOWOGE corporate mission statement. This update of the company\u2019s principles and values significantly strengthens our continued corporate success and minimises risks.<\/p>\n<p>[\/et_pb_testimonial][et_pb_testimonial author=&#8221;ROBERT HEINEMANN&#8221; job_title=&#8221;Managing Director Human Resources &#038; Corporate Services&#8221; company_name=&#8221;ECE Projektmanagement G.m.b.H. &#038; Co.KG  &#8221; portrait_url=&#8221;http:\/\/icg-institut.de\/wp-content\/uploads\/2020\/08\/Robert-Heinemann-e1596699522963.jpg&#8221; quote_icon=&#8221;off&#8221; _builder_version=&#8221;4.4.4&#8243;]<\/p>\n<p><strong>\u201c\u2026meets the increasing demands of investors for compliance among their business partners.\u201d<\/strong><\/p>\n<p>An essential element of the ECE\u2019s value system is the concept of \u201cintegrity\u201d. The certification of our compliance management system by ICG, along with the ongoing re-certifications, help us to meet our own expectations associated with this process and to meet the increasing demands of our international investors for compliance among their business partners, and it forms an important element of our corporate risk management.<\/p>\n<p>[\/et_pb_testimonial][et_pb_testimonial author=&#8221;R\u00dcDIGER KAHDE&#8221; job_title=&#8221;Managing Director&#8221; company_name=&#8221;Allianz Handwerker Services GmbH (AHS)&#8221; portrait_url=&#8221;http:\/\/icg-institut.de\/wp-content\/uploads\/2020\/08\/Ru\u0308diger-KahdecAllianz-Partners.jpg&#8221; quote_icon=&#8221;off&#8221; _builder_version=&#8221;4.4.4&#8243;]<\/p>\n<p><strong>\u2026 can also actively minimise liability risks for our customers and create reputational benefits.\u201d<\/strong><\/p>\n<p>ICG certification gives our customers the assurance that liability risks in the business activities of their service providers are minimised on the one hand, while on the other hand, it offers a relevant reputational advantage in their interactions vis-a-vis their clients. Yet compliance also provides a competitive advantage with regard to anti-corruption concerns and transparency remains at the top of the list. Only companies with a certified compliance management system provide their business partners, investors, employees and shareholders with a degree of certainty that the company itself takes rules-based compliance and anti-corruption seriously. We know that corruption ultimately leads to more expensive products and that customers are impacted by inflated prices.<\/p>\n<p>Since May 2020 we are the first construction company in the insurance and real estate industry which is compliance-certified and the first general contractor in the real estate industry to be ICG-certified too. We are proud to have received the ICG seal from the very beginning. It underpins the fact that we have managed a balancing act of working within the solution-oriented framework of the construction industry, while meeting the risk-averse demands of our customers.<\/p>\n<p>[\/et_pb_testimonial][et_pb_testimonial author=&#8221;DR. HAGEN LESSING&#8221; job_title=&#8221;CEO of ista Germany and the ista Group&#8221; portrait_url=&#8221;https:\/\/icg-institut.de\/wp-content\/uploads\/2021\/06\/Hagen-Lessing.jpg&#8221; quote_icon=&#8221;off&#8221; _builder_version=&#8221;4.4.4&#8243;]<\/p>\n<p><strong>&#8220;&#8230;confirms the effectiveness of our compliance management.&#8221;<\/strong><\/p>\n<p>At the same time, it assures us and our stakeholders that with our compliance management, we are also prepared in the best possible way for future compliance risks arising, for example, from the development of new, digital business models.<\/p>\n<p>[\/et_pb_testimonial][et_pb_testimonial author=&#8221;SANDRA SCHOLZ&#8221; job_title=&#8221;former board member&#8221; company_name=&#8221;Commerz Real AG&#8221; portrait_url=&#8221;http:\/\/icg-institut.de\/wp-content\/uploads\/2020\/08\/Sandra-Scholz_300x400-Kopie-e1596703803402.jpg&#8221; quote_icon=&#8221;off&#8221; _builder_version=&#8221;4.4.4&#8243;]<\/p>\n<p><strong>\u201c\u2026creates acceptance among investors and customers.\u201d<\/strong><\/p>\n<p>For Commerz Real, it means that everything we do reflects ICG\u2019s high standards. The perception of being a reliable and responsible company that always aligns its negotiations and business models on the principle of integrity, contributes increasingly to today\u2019s economic success and creates acceptance among our investors and customers.\u00a0Since 2002, ICG has achieved outstanding results in the key areas of governance, business ethics and compliance. We are therefore proud to have received ICG certifications since 2017\u00a0for the implementation of our values management system in conjunction with the \u201clist of specifications for compliance management in the real estate industry\u201d\u00a0. One requirement for this was the establishment of a system which governs the business interactions with suppliers, customers and the employees of Commerz Real. I\u2019m looking forward to continue driving this work forward and creating fresh momentum in our business.<\/p>\n<p>[\/et_pb_testimonial][et_pb_testimonial author=&#8221;TIMO TSCHAMMLER FRICS&#8221; job_title=&#8221;former CEO&#8221; company_name=&#8221;Jones Lang LaSalle SE&#8221; portrait_url=&#8221;http:\/\/icg-institut.de\/wp-content\/uploads\/2020\/09\/Tschammler_300x400.jpg&#8221; quote_icon=&#8221;off&#8221; _builder_version=&#8221;4.4.4&#8243;]<\/p>\n<p><strong>\u201c\u2026should be the standard for players on the German real estate market\u201d<\/strong><\/p>\n<p>Nothing is harder to achieve \u2013 and easier to lose \u2013 than a good reputation. Our reputation and that of our customers has been the top priority for JLL for more than 230 years. This is why we have supported the ICG from the very beginning as a pilot company. Reliable compliance and risk management processes based on national and international standards are essential today. The JLL management team has made a commitment, without compromise, to sustainable, values-based and responsible corporate management. We thereby protect our customers and employees from unfounded suspicions and create a professional, trustworthy and reputable working atmosphere. From our perspective, being part of a certification system as offered by ICG provides a competitive corporate advantage which also plays a role in attracting new talent and motivating our existing employees. ICG certification should be a standard procedure for participants on the German real estate market.<\/p>\n<p>[\/et_pb_testimonial][et_pb_testimonial author=&#8221;THOMAS ZINN\u00d6CKER&#8221; job_title=&#8221;former Chairman of the Board&#8221; portrait_url=&#8221;https:\/\/icg-institut.de\/wp-content\/uploads\/2020\/06\/Thomas-Zinno\u0308cker_300x400.jpg&#8221; quote_icon=&#8221;off&#8221; _builder_version=&#8221;4.4.4&#8243;]<\/p>\n<p><strong>\u201c\u2026confirms to us and our customers the effectiveness of our compliance management.\u201d<\/strong><\/p>\n<p>For ista, the development of new digital business models harbours not only a wealth of opportunity, but also some fresh compliance risks. For this reason, ICG certification confirms for us and our stakeholders that we are well prepared for this development with our compliance management system. Achieving this certification is not a reason for us to sit back and relax, instead, its results encourage us to further optimise our compliance processes.<\/p>\n<p>[\/et_pb_testimonial][\/et_pb_column][\/et_pb_row][\/et_pb_section]<\/p>\n","protected":false},"excerpt":{"rendered":"<p>TESTIMONIALSCertification by the ICG&#8230;&#8221;&#8230; has helped us to implement the necessary elements of a value-oriented compliance management system in a structured way with the help of the auditing standard specially developed for the real estate industry.&#8221; A reliable compliance management system based on recognised standards is indispensable for every professional service provider.\u00a0With the ICG certification, [&hellip;]<\/p>\n","protected":false},"author":2,"featured_media":0,"parent":0,"menu_order":0,"comment_status":"closed","ping_status":"closed","template":"","meta":{"_et_pb_use_builder":"on","_et_pb_old_content":"","_et_gb_content_width":""},"yoast_head":"<!-- This site is optimized with the Yoast SEO plugin v20.6 - https:\/\/yoast.com\/wordpress\/plugins\/seo\/ -->\n<title>Testimonials &ndash; Institut f\u00fcr Corporate Governance<\/title>\n<meta name=\"robots\" content=\"index, follow, max-snippet:-1, max-image-preview:large, max-video-preview:-1\" \/>\n<link rel=\"canonical\" href=\"https:\/\/icg-institut.de\/en\/testimonials\/\" \/>\n<meta property=\"og:locale\" content=\"en_US\" \/>\n<meta property=\"og:type\" content=\"article\" \/>\n<meta property=\"og:title\" content=\"Testimonials &ndash; Institut f\u00fcr Corporate Governance\" \/>\n<meta property=\"og:description\" content=\"TESTIMONIALSCertification by the ICG...&quot;... has helped us to implement the necessary elements of a value-oriented compliance management system in a structured way with the help of the auditing standard specially developed for the real estate industry.&quot; A reliable compliance management system based on recognised standards is indispensable for every professional service provider.\u00a0With the ICG certification, [&hellip;]\" \/>\n<meta property=\"og:url\" content=\"https:\/\/icg-institut.de\/en\/testimonials\/\" \/>\n<meta property=\"og:site_name\" content=\"Institut f\u00fcr Corporate Governance\" \/>\n<meta property=\"article:modified_time\" content=\"2022-06-17T09:20:49+00:00\" \/>\n<meta name=\"twitter:card\" content=\"summary_large_image\" \/>\n<meta name=\"twitter:label1\" content=\"Est. reading time\" \/>\n\t<meta name=\"twitter:data1\" content=\"10 minutes\" \/>\n<script type=\"application\/ld+json\" class=\"yoast-schema-graph\">{\"@context\":\"https:\/\/schema.org\",\"@graph\":[{\"@type\":\"WebPage\",\"@id\":\"https:\/\/icg-institut.de\/en\/testimonials\/\",\"url\":\"https:\/\/icg-institut.de\/en\/testimonials\/\",\"name\":\"Testimonials &ndash; Institut f\u00fcr Corporate Governance\",\"isPartOf\":{\"@id\":\"https:\/\/icg-institut.de\/de\/#website\"},\"datePublished\":\"2021-06-25T06:06:47+00:00\",\"dateModified\":\"2022-06-17T09:20:49+00:00\",\"breadcrumb\":{\"@id\":\"https:\/\/icg-institut.de\/en\/testimonials\/#breadcrumb\"},\"inLanguage\":\"en-US\",\"potentialAction\":[{\"@type\":\"ReadAction\",\"target\":[\"https:\/\/icg-institut.de\/en\/testimonials\/\"]}]},{\"@type\":\"BreadcrumbList\",\"@id\":\"https:\/\/icg-institut.de\/en\/testimonials\/#breadcrumb\",\"itemListElement\":[{\"@type\":\"ListItem\",\"position\":1,\"name\":\"Startseite\",\"item\":\"https:\/\/icg-institut.de\/de\/\"},{\"@type\":\"ListItem\",\"position\":2,\"name\":\"Testimonials\"}]},{\"@type\":\"WebSite\",\"@id\":\"https:\/\/icg-institut.de\/de\/#website\",\"url\":\"https:\/\/icg-institut.de\/de\/\",\"name\":\"Institut f\u00fcr Corporate Governance\",\"description\":\"Das ICG ist der f\u00fchrende Think und Do-Tank der Immobilienbranche f\u00fcr gute Governance.\",\"publisher\":{\"@id\":\"https:\/\/icg-institut.de\/de\/#organization\"},\"potentialAction\":[{\"@type\":\"SearchAction\",\"target\":{\"@type\":\"EntryPoint\",\"urlTemplate\":\"https:\/\/icg-institut.de\/de\/?s={search_term_string}\"},\"query-input\":\"required name=search_term_string\"}],\"inLanguage\":\"en-US\"},{\"@type\":\"Organization\",\"@id\":\"https:\/\/icg-institut.de\/de\/#organization\",\"name\":\"ICG Institut\",\"url\":\"https:\/\/icg-institut.de\/de\/\",\"logo\":{\"@type\":\"ImageObject\",\"inLanguage\":\"en-US\",\"@id\":\"https:\/\/icg-institut.de\/de\/#\/schema\/logo\/image\/\",\"url\":\"https:\/\/icg-institut.de\/wp-content\/uploads\/2020\/10\/Logo_ICG_short_4c_transp.png\",\"contentUrl\":\"https:\/\/icg-institut.de\/wp-content\/uploads\/2020\/10\/Logo_ICG_short_4c_transp.png\",\"width\":6123,\"height\":1987,\"caption\":\"ICG Institut\"},\"image\":{\"@id\":\"https:\/\/icg-institut.de\/de\/#\/schema\/logo\/image\/\"}}]}<\/script>\n<!-- \/ Yoast SEO plugin. -->","yoast_head_json":{"title":"Testimonials &ndash; Institut f\u00fcr Corporate Governance","robots":{"index":"index","follow":"follow","max-snippet":"max-snippet:-1","max-image-preview":"max-image-preview:large","max-video-preview":"max-video-preview:-1"},"canonical":"https:\/\/icg-institut.de\/en\/testimonials\/","og_locale":"en_US","og_type":"article","og_title":"Testimonials &ndash; Institut f\u00fcr Corporate Governance","og_description":"TESTIMONIALSCertification by the ICG...\"... has helped us to implement the necessary elements of a value-oriented compliance management system in a structured way with the help of the auditing standard specially developed for the real estate industry.\" A reliable compliance management system based on recognised standards is indispensable for every professional service provider.\u00a0With the ICG certification, [&hellip;]","og_url":"https:\/\/icg-institut.de\/en\/testimonials\/","og_site_name":"Institut f\u00fcr Corporate Governance","article_modified_time":"2022-06-17T09:20:49+00:00","twitter_card":"summary_large_image","twitter_misc":{"Est. reading time":"10 minutes"},"schema":{"@context":"https:\/\/schema.org","@graph":[{"@type":"WebPage","@id":"https:\/\/icg-institut.de\/en\/testimonials\/","url":"https:\/\/icg-institut.de\/en\/testimonials\/","name":"Testimonials &ndash; Institut f\u00fcr Corporate Governance","isPartOf":{"@id":"https:\/\/icg-institut.de\/de\/#website"},"datePublished":"2021-06-25T06:06:47+00:00","dateModified":"2022-06-17T09:20:49+00:00","breadcrumb":{"@id":"https:\/\/icg-institut.de\/en\/testimonials\/#breadcrumb"},"inLanguage":"en-US","potentialAction":[{"@type":"ReadAction","target":["https:\/\/icg-institut.de\/en\/testimonials\/"]}]},{"@type":"BreadcrumbList","@id":"https:\/\/icg-institut.de\/en\/testimonials\/#breadcrumb","itemListElement":[{"@type":"ListItem","position":1,"name":"Startseite","item":"https:\/\/icg-institut.de\/de\/"},{"@type":"ListItem","position":2,"name":"Testimonials"}]},{"@type":"WebSite","@id":"https:\/\/icg-institut.de\/de\/#website","url":"https:\/\/icg-institut.de\/de\/","name":"Institut f\u00fcr Corporate Governance","description":"Das ICG ist der f\u00fchrende Think und Do-Tank der Immobilienbranche f\u00fcr gute Governance.","publisher":{"@id":"https:\/\/icg-institut.de\/de\/#organization"},"potentialAction":[{"@type":"SearchAction","target":{"@type":"EntryPoint","urlTemplate":"https:\/\/icg-institut.de\/de\/?s={search_term_string}"},"query-input":"required name=search_term_string"}],"inLanguage":"en-US"},{"@type":"Organization","@id":"https:\/\/icg-institut.de\/de\/#organization","name":"ICG Institut","url":"https:\/\/icg-institut.de\/de\/","logo":{"@type":"ImageObject","inLanguage":"en-US","@id":"https:\/\/icg-institut.de\/de\/#\/schema\/logo\/image\/","url":"https:\/\/icg-institut.de\/wp-content\/uploads\/2020\/10\/Logo_ICG_short_4c_transp.png","contentUrl":"https:\/\/icg-institut.de\/wp-content\/uploads\/2020\/10\/Logo_ICG_short_4c_transp.png","width":6123,"height":1987,"caption":"ICG Institut"},"image":{"@id":"https:\/\/icg-institut.de\/de\/#\/schema\/logo\/image\/"}}]}},"_links":{"self":[{"href":"https:\/\/icg-institut.de\/en\/wp-json\/wp\/v2\/pages\/12886"}],"collection":[{"href":"https:\/\/icg-institut.de\/en\/wp-json\/wp\/v2\/pages"}],"about":[{"href":"https:\/\/icg-institut.de\/en\/wp-json\/wp\/v2\/types\/page"}],"author":[{"embeddable":true,"href":"https:\/\/icg-institut.de\/en\/wp-json\/wp\/v2\/users\/2"}],"replies":[{"embeddable":true,"href":"https:\/\/icg-institut.de\/en\/wp-json\/wp\/v2\/comments?post=12886"}],"version-history":[{"count":0,"href":"https:\/\/icg-institut.de\/en\/wp-json\/wp\/v2\/pages\/12886\/revisions"}],"wp:attachment":[{"href":"https:\/\/icg-institut.de\/en\/wp-json\/wp\/v2\/media?parent=12886"}],"curies":[{"name":"wp","href":"https:\/\/api.w.org\/{rel}","templated":true}]}}