{"id":12967,"date":"2021-06-25T07:39:03","date_gmt":"2021-06-25T07:39:03","guid":{"rendered":"https:\/\/icg-institut.de\/sector-positioning\/"},"modified":"2021-07-06T16:25:08","modified_gmt":"2021-07-06T16:25:08","slug":"sector-positioning","status":"publish","type":"page","link":"https:\/\/icg-institut.de\/en\/sector-positioning\/","title":{"rendered":"Sector positioning"},"content":{"rendered":"<p>[et_pb_section fb_built=&#8221;1&#8243; fullwidth=&#8221;on&#8221; admin_label=&#8221;Page Header&#8221; _builder_version=&#8221;4.4.4&#8243; background_color=&#8221;#e02b20&#8243; background_image=&#8221;http:\/\/icg-institut.de\/wp-content\/uploads\/2020\/04\/business-07.jpg&#8221; parallax=&#8221;on&#8221; locked=&#8221;off&#8221;][et_pb_fullwidth_header text_orientation=&#8221;center&#8221; content_tablet=&#8221;<\/p>\n<p>SECTOR POSITIONING<\/p>\n<p>&#8221; content_phone=&#8221;&#8221; content_last_edited=&#8221;on|phone&#8221; admin_label=&#8221;Hero Section&#8221; _builder_version=&#8221;4.4.4&#8243; title_font=&#8221;Montserrat||||||||&#8221; title_font_size=&#8221;60px&#8221; title_line_height=&#8221;1.4em&#8221; content_font_size=&#8221;40px&#8221; content_line_height=&#8221;1.8em&#8221; subhead_font=&#8221;||||&#8221; background_color=&#8221;rgba(255, 255, 255, 0)&#8221; use_background_color_gradient=&#8221;on&#8221; background_color_gradient_start=&#8221;#622b78&#8243; background_color_gradient_end=&#8221;rgba(114,114,219,0.25)&#8221; custom_button_one=&#8221;on&#8221; button_one_text_size=&#8221;16px&#8221; button_one_bg_color=&#8221;#6eba01&#8243; button_one_border_width=&#8221;2px&#8221; button_one_border_color=&#8221;#6eba01&#8243; button_one_border_radius=&#8221;0&#8243; button_one_letter_spacing=&#8221;2&#8243; button_one_font=&#8221;Montserrat|||on|&#8221; button_one_use_icon=&#8221;off&#8221; custom_button_two=&#8221;on&#8221; button_two_text_size=&#8221;16px&#8221; button_two_border_width=&#8221;2px&#8221; button_two_border_color=&#8221;#ffffff&#8221; button_two_border_radius=&#8221;0&#8243; button_two_letter_spacing=&#8221;2&#8243; button_two_font=&#8221;Montserrat|||on|&#8221; button_two_use_icon=&#8221;off&#8221; width=&#8221;100%&#8221; module_alignment=&#8221;left&#8221; animation_style=&#8221;fade&#8221; content_font_size_tablet=&#8221;&#8221; content_font_size_phone=&#8221;28px&#8221; content_font_size_last_edited=&#8221;on|phone&#8221; button_one_text_color_hover=&#8221;#6eba01&#8243; button_two_text_color_hover=&#8221;#6eba01&#8243; button_one_border_color_hover=&#8221;#ffffff&#8221; button_two_border_color_hover=&#8221;#ffffff&#8221; button_one_border_radius_hover=&#8221;0&#8243; button_two_border_radius_hover=&#8221;0&#8243; button_one_letter_spacing_hover=&#8221;2&#8243; button_two_letter_spacing_hover=&#8221;2&#8243; button_one_bg_color_hover=&#8221;#ffffff&#8221; button_two_bg_color_hover=&#8221;#ffffff&#8221; button_one_text_size__hover_enabled=&#8221;off&#8221; button_two_text_size__hover_enabled=&#8221;off&#8221; button_one_text_color__hover_enabled=&#8221;on&#8221; button_one_text_color__hover=&#8221;#6eba01&#8243; button_two_text_color__hover_enabled=&#8221;on&#8221; button_two_text_color__hover=&#8221;#6eba01&#8243; button_one_border_width__hover_enabled=&#8221;off&#8221; button_two_border_width__hover_enabled=&#8221;off&#8221; button_one_border_color__hover_enabled=&#8221;on&#8221; button_one_border_color__hover=&#8221;#ffffff&#8221; button_two_border_color__hover_enabled=&#8221;on&#8221; button_two_border_color__hover=&#8221;#ffffff&#8221; button_one_border_radius__hover_enabled=&#8221;on&#8221; button_one_border_radius__hover=&#8221;0&#8243; button_two_border_radius__hover_enabled=&#8221;on&#8221; button_two_border_radius__hover=&#8221;0&#8243; button_one_letter_spacing__hover_enabled=&#8221;on&#8221; button_one_letter_spacing__hover=&#8221;2&#8243; button_two_letter_spacing__hover_enabled=&#8221;on&#8221; button_two_letter_spacing__hover=&#8221;2&#8243; button_one_bg_color__hover_enabled=&#8221;on&#8221; button_one_bg_color__hover=&#8221;#ffffff&#8221; button_two_bg_color__hover_enabled=&#8221;on&#8221; button_two_bg_color__hover=&#8221;#ffffff&#8221;]<\/p>\n<p>SECTOR POSITIONING<\/p>\n<p>[\/et_pb_fullwidth_header][\/et_pb_section][et_pb_section fb_built=&#8221;1&#8243; admin_label=&#8221;Our Team&#8221; _builder_version=&#8221;4.4.4&#8243; background_color=&#8221;#f4f4f4&#8243; custom_padding=&#8221;40px||40px||true|false&#8221; locked=&#8221;off&#8221;][et_pb_row column_structure=&#8221;1_2,1_2&#8243; _builder_version=&#8221;4.4.4&#8243;][et_pb_column type=&#8221;1_2&#8243; _builder_version=&#8221;4.4.4&#8243;][et_pb_text _builder_version=&#8221;4.4.4&#8243;]<\/p>\n<p>For many years, the ICG has been in discussion with the sector stakeholders &#8211; for example the tenant protection association, trade unions, social organisations and others. The aim is to take all the different perspectives into account and work together on solutions.<\/p>\n<p>This discussion is on the agenda at the annual conference \u201cThe German Real Estate Summit\u201c which can be found in our documentation!<\/p>\n<p><span style=\"font-size: 16px;\">Insbesondere auf der Jahrestagung \u201eThe German Real Estate Summit\u201c f\u00fchren wir diesen Dialog, nachzulesen in unseren Dokumentationen!<\/span><\/p>\n<p>[\/et_pb_text][et_pb_cta button_url=&#8221;http:\/\/icg-institut.de\/the-german-real-estate-summit\/dokumentationen\/&#8221; url_new_window=&#8221;on&#8221; button_text=&#8221;Zu den Summit Dokumentationen&#8221; admin_label=&#8221;Title Paragraph &#038; CTA Button&#8221; _builder_version=&#8221;4.4.4&#8243; header_level=&#8221;h3&#8243; header_font_size=&#8221;26px&#8221; header_line_height=&#8221;1.4em&#8221; body_line_height=&#8221;1.8em&#8221; use_background_color=&#8221;off&#8221; custom_button=&#8221;on&#8221; button_text_size=&#8221;16px&#8221; button_text_color=&#8221;#ffffff&#8221; button_bg_color=&#8221;#815390&#8243; button_border_width=&#8221;10px&#8221; button_border_color=&#8221;#815390&#8243; button_border_radius=&#8221;0px&#8221; button_use_icon=&#8221;off&#8221; text_orientation=&#8221;left&#8221; background_layout=&#8221;light&#8221; custom_padding=&#8221;|||&#8221; link_option_url_new_window=&#8221;on&#8221; button_border_radius_hover=&#8221;0px&#8221; locked=&#8221;off&#8221; button_text_size__hover_enabled=&#8221;off&#8221; button_one_text_size__hover_enabled=&#8221;off&#8221; button_two_text_size__hover_enabled=&#8221;off&#8221; button_text_color__hover_enabled=&#8221;off&#8221; button_one_text_color__hover_enabled=&#8221;off&#8221; button_two_text_color__hover_enabled=&#8221;off&#8221; button_border_width__hover_enabled=&#8221;off&#8221; button_one_border_width__hover_enabled=&#8221;off&#8221; button_two_border_width__hover_enabled=&#8221;off&#8221; button_border_color__hover_enabled=&#8221;off&#8221; button_one_border_color__hover_enabled=&#8221;off&#8221; button_two_border_color__hover_enabled=&#8221;off&#8221; button_border_radius__hover_enabled=&#8221;on&#8221; button_border_radius__hover=&#8221;0px&#8221; button_one_border_radius__hover_enabled=&#8221;off&#8221; button_two_border_radius__hover_enabled=&#8221;off&#8221; button_letter_spacing__hover_enabled=&#8221;off&#8221; button_one_letter_spacing__hover_enabled=&#8221;off&#8221; button_two_letter_spacing__hover_enabled=&#8221;off&#8221; button_bg_color__hover_enabled=&#8221;off&#8221; button_one_bg_color__hover_enabled=&#8221;off&#8221; button_two_bg_color__hover_enabled=&#8221;off&#8221;][\/et_pb_cta][\/et_pb_column][et_pb_column type=&#8221;1_2&#8243; _builder_version=&#8221;4.4.4&#8243;][et_pb_image src=&#8221;http:\/\/icg-institut.de\/wp-content\/uploads\/2020\/07\/ICG_Summit_2019_003.jpg&#8221; alt=&#8221;Thumbnail ICG Lounge Video&#8221; title_text=&#8221;ICG_Summit_2019_003&#8243; url=&#8221;http:\/\/icg-institut.de\/real-estate-board-academy\/dokumentationen\/&#8221; use_overlay=&#8221;on&#8221; hover_icon=&#8221;%%119%%&#8221; _builder_version=&#8221;4.4.4&#8243; locked=&#8221;off&#8221;][\/et_pb_image][\/et_pb_column][\/et_pb_row][\/et_pb_section]<\/p>\n","protected":false},"excerpt":{"rendered":"<p>SECTOR POSITIONINGFor many years, the ICG has been in discussion with the sector stakeholders &#8211; for example the tenant protection association, trade unions, social organisations and others. The aim is to take all the different perspectives into account and work together on solutions. This discussion is on the agenda at the annual conference \u201cThe German [&hellip;]<\/p>\n","protected":false},"author":2,"featured_media":0,"parent":0,"menu_order":0,"comment_status":"closed","ping_status":"closed","template":"","meta":{"_et_pb_use_builder":"on","_et_pb_old_content":"","_et_gb_content_width":""},"yoast_head":"<!-- This site is optimized with the Yoast SEO plugin v20.6 - https:\/\/yoast.com\/wordpress\/plugins\/seo\/ -->\n<title>Sector positioning &ndash; Institut f\u00fcr Corporate Governance<\/title>\n<meta name=\"robots\" content=\"index, follow, max-snippet:-1, max-image-preview:large, max-video-preview:-1\" \/>\n<link rel=\"canonical\" href=\"https:\/\/icg-institut.de\/en\/sector-positioning\/\" \/>\n<meta property=\"og:locale\" content=\"en_US\" \/>\n<meta property=\"og:type\" content=\"article\" \/>\n<meta property=\"og:title\" content=\"Sector positioning &ndash; Institut f\u00fcr Corporate Governance\" \/>\n<meta property=\"og:description\" content=\"SECTOR POSITIONINGFor many years, the ICG has been in discussion with the sector stakeholders - for example the tenant protection association, trade unions, social organisations and others. The aim is to take all the different perspectives into account and work together on solutions. This discussion is on the agenda at the annual conference \u201cThe German [&hellip;]\" \/>\n<meta property=\"og:url\" content=\"https:\/\/icg-institut.de\/en\/sector-positioning\/\" \/>\n<meta property=\"og:site_name\" content=\"Institut f\u00fcr Corporate Governance\" \/>\n<meta property=\"article:modified_time\" content=\"2021-07-06T16:25:08+00:00\" \/>\n<meta name=\"twitter:card\" content=\"summary_large_image\" \/>\n<meta name=\"twitter:label1\" content=\"Est. reading time\" \/>\n\t<meta name=\"twitter:data1\" content=\"4 minutes\" \/>\n<script type=\"application\/ld+json\" class=\"yoast-schema-graph\">{\"@context\":\"https:\/\/schema.org\",\"@graph\":[{\"@type\":\"WebPage\",\"@id\":\"https:\/\/icg-institut.de\/en\/sector-positioning\/\",\"url\":\"https:\/\/icg-institut.de\/en\/sector-positioning\/\",\"name\":\"Sector positioning &ndash; Institut f\u00fcr Corporate Governance\",\"isPartOf\":{\"@id\":\"https:\/\/icg-institut.de\/de\/#website\"},\"datePublished\":\"2021-06-25T07:39:03+00:00\",\"dateModified\":\"2021-07-06T16:25:08+00:00\",\"breadcrumb\":{\"@id\":\"https:\/\/icg-institut.de\/en\/sector-positioning\/#breadcrumb\"},\"inLanguage\":\"en-US\",\"potentialAction\":[{\"@type\":\"ReadAction\",\"target\":[\"https:\/\/icg-institut.de\/en\/sector-positioning\/\"]}]},{\"@type\":\"BreadcrumbList\",\"@id\":\"https:\/\/icg-institut.de\/en\/sector-positioning\/#breadcrumb\",\"itemListElement\":[{\"@type\":\"ListItem\",\"position\":1,\"name\":\"Startseite\",\"item\":\"https:\/\/icg-institut.de\/de\/\"},{\"@type\":\"ListItem\",\"position\":2,\"name\":\"Sector positioning\"}]},{\"@type\":\"WebSite\",\"@id\":\"https:\/\/icg-institut.de\/de\/#website\",\"url\":\"https:\/\/icg-institut.de\/de\/\",\"name\":\"Institut f\u00fcr Corporate Governance\",\"description\":\"Das ICG ist der f\u00fchrende Think und Do-Tank der Immobilienbranche f\u00fcr gute Governance.\",\"publisher\":{\"@id\":\"https:\/\/icg-institut.de\/de\/#organization\"},\"potentialAction\":[{\"@type\":\"SearchAction\",\"target\":{\"@type\":\"EntryPoint\",\"urlTemplate\":\"https:\/\/icg-institut.de\/de\/?s={search_term_string}\"},\"query-input\":\"required name=search_term_string\"}],\"inLanguage\":\"en-US\"},{\"@type\":\"Organization\",\"@id\":\"https:\/\/icg-institut.de\/de\/#organization\",\"name\":\"ICG Institut\",\"url\":\"https:\/\/icg-institut.de\/de\/\",\"logo\":{\"@type\":\"ImageObject\",\"inLanguage\":\"en-US\",\"@id\":\"https:\/\/icg-institut.de\/de\/#\/schema\/logo\/image\/\",\"url\":\"https:\/\/icg-institut.de\/wp-content\/uploads\/2020\/10\/Logo_ICG_short_4c_transp.png\",\"contentUrl\":\"https:\/\/icg-institut.de\/wp-content\/uploads\/2020\/10\/Logo_ICG_short_4c_transp.png\",\"width\":6123,\"height\":1987,\"caption\":\"ICG Institut\"},\"image\":{\"@id\":\"https:\/\/icg-institut.de\/de\/#\/schema\/logo\/image\/\"}}]}<\/script>\n<!-- \/ Yoast SEO plugin. -->","yoast_head_json":{"title":"Sector positioning &ndash; Institut f\u00fcr Corporate Governance","robots":{"index":"index","follow":"follow","max-snippet":"max-snippet:-1","max-image-preview":"max-image-preview:large","max-video-preview":"max-video-preview:-1"},"canonical":"https:\/\/icg-institut.de\/en\/sector-positioning\/","og_locale":"en_US","og_type":"article","og_title":"Sector positioning &ndash; Institut f\u00fcr Corporate Governance","og_description":"SECTOR POSITIONINGFor many years, the ICG has been in discussion with the sector stakeholders - for example the tenant protection association, trade unions, social organisations and others. The aim is to take all the different perspectives into account and work together on solutions. This discussion is on the agenda at the annual conference \u201cThe German [&hellip;]","og_url":"https:\/\/icg-institut.de\/en\/sector-positioning\/","og_site_name":"Institut f\u00fcr Corporate Governance","article_modified_time":"2021-07-06T16:25:08+00:00","twitter_card":"summary_large_image","twitter_misc":{"Est. reading time":"4 minutes"},"schema":{"@context":"https:\/\/schema.org","@graph":[{"@type":"WebPage","@id":"https:\/\/icg-institut.de\/en\/sector-positioning\/","url":"https:\/\/icg-institut.de\/en\/sector-positioning\/","name":"Sector positioning &ndash; Institut f\u00fcr Corporate Governance","isPartOf":{"@id":"https:\/\/icg-institut.de\/de\/#website"},"datePublished":"2021-06-25T07:39:03+00:00","dateModified":"2021-07-06T16:25:08+00:00","breadcrumb":{"@id":"https:\/\/icg-institut.de\/en\/sector-positioning\/#breadcrumb"},"inLanguage":"en-US","potentialAction":[{"@type":"ReadAction","target":["https:\/\/icg-institut.de\/en\/sector-positioning\/"]}]},{"@type":"BreadcrumbList","@id":"https:\/\/icg-institut.de\/en\/sector-positioning\/#breadcrumb","itemListElement":[{"@type":"ListItem","position":1,"name":"Startseite","item":"https:\/\/icg-institut.de\/de\/"},{"@type":"ListItem","position":2,"name":"Sector positioning"}]},{"@type":"WebSite","@id":"https:\/\/icg-institut.de\/de\/#website","url":"https:\/\/icg-institut.de\/de\/","name":"Institut f\u00fcr Corporate Governance","description":"Das ICG ist der f\u00fchrende Think und Do-Tank der Immobilienbranche f\u00fcr gute Governance.","publisher":{"@id":"https:\/\/icg-institut.de\/de\/#organization"},"potentialAction":[{"@type":"SearchAction","target":{"@type":"EntryPoint","urlTemplate":"https:\/\/icg-institut.de\/de\/?s={search_term_string}"},"query-input":"required name=search_term_string"}],"inLanguage":"en-US"},{"@type":"Organization","@id":"https:\/\/icg-institut.de\/de\/#organization","name":"ICG Institut","url":"https:\/\/icg-institut.de\/de\/","logo":{"@type":"ImageObject","inLanguage":"en-US","@id":"https:\/\/icg-institut.de\/de\/#\/schema\/logo\/image\/","url":"https:\/\/icg-institut.de\/wp-content\/uploads\/2020\/10\/Logo_ICG_short_4c_transp.png","contentUrl":"https:\/\/icg-institut.de\/wp-content\/uploads\/2020\/10\/Logo_ICG_short_4c_transp.png","width":6123,"height":1987,"caption":"ICG Institut"},"image":{"@id":"https:\/\/icg-institut.de\/de\/#\/schema\/logo\/image\/"}}]}},"_links":{"self":[{"href":"https:\/\/icg-institut.de\/en\/wp-json\/wp\/v2\/pages\/12967"}],"collection":[{"href":"https:\/\/icg-institut.de\/en\/wp-json\/wp\/v2\/pages"}],"about":[{"href":"https:\/\/icg-institut.de\/en\/wp-json\/wp\/v2\/types\/page"}],"author":[{"embeddable":true,"href":"https:\/\/icg-institut.de\/en\/wp-json\/wp\/v2\/users\/2"}],"replies":[{"embeddable":true,"href":"https:\/\/icg-institut.de\/en\/wp-json\/wp\/v2\/comments?post=12967"}],"version-history":[{"count":0,"href":"https:\/\/icg-institut.de\/en\/wp-json\/wp\/v2\/pages\/12967\/revisions"}],"wp:attachment":[{"href":"https:\/\/icg-institut.de\/en\/wp-json\/wp\/v2\/media?parent=12967"}],"curies":[{"name":"wp","href":"https:\/\/api.w.org\/{rel}","templated":true}]}}