{"id":13346,"date":"2021-07-08T13:32:03","date_gmt":"2021-07-08T13:32:03","guid":{"rendered":"https:\/\/icg-institut.de\/imprint\/"},"modified":"2021-07-08T13:32:05","modified_gmt":"2021-07-08T13:32:05","slug":"imprint","status":"publish","type":"page","link":"https:\/\/icg-institut.de\/en\/imprint\/","title":{"rendered":"Imprint"},"content":{"rendered":"<p>[et_pb_section fb_built=&#8221;1&#8243; admin_label=&#8221;Our Team&#8221; _builder_version=&#8221;4.4.4&#8243; background_color=&#8221;#f4f4f4&#8243; custom_padding=&#8221;40px||40px||true|false&#8221; locked=&#8221;off&#8221;][et_pb_row _builder_version=&#8221;4.4.4&#8243; background_color=&#8221;#ffffff&#8221; custom_padding=&#8221;|2%||2%|false|true&#8221;][et_pb_column type=&#8221;4_4&#8243; _builder_version=&#8221;4.4.4&#8243;][et_pb_text _builder_version=&#8221;4.4.4&#8243;]<\/p>\n<h2>IMPRINT<\/h2>\n<p>[\/et_pb_text][et_pb_text _builder_version=&#8221;4.4.4&#8243;]<\/p>\n<div><strong>Institute for Corporate Governance in the German Real Estate Industry<\/strong><\/div>\n<div>Leipziger Platz 9<br \/>10117 Berlin<\/div>\n<div>\n<p>Phone: +49 30 202 1585 55<br \/>Fax: +49 30 202 1585 20<br \/>E:Mail: <a href=\"mailto:info@icg-institut.de\">info@icg-institut.de<\/a><\/p>\n<p>Managing Director: Karin Barthelmes-Wehr<br \/>Institute for Corporate Governance in the German Real Estate Industry<br \/>Register Court: Charlottenburg Local Court<br \/>Registration number: VR 27736 B<\/p>\n<p>Responsible for content according to \u00a7 6 MDStV: <strong>Karin Barthelmes-Wehr<\/strong><\/p>\n<\/div>\n<p>[\/et_pb_text][et_pb_text _builder_version=&#8221;4.4.4&#8243; hover_enabled=&#8221;0&#8243;]<\/p>\n<p>Website realisation &amp; web design<br \/>Gekko Marketing GmbH, Neuss<br \/><a href=\"http:\/\/www.gekkomarketing.de\/\" target=\"_blank\" rel=\"noopener noreferrer\">www.gekkomarketing.de<\/a><\/p>\n<p>[\/et_pb_text][et_pb_image src=&#8221;https:\/\/icg-institut.de\/wp-content\/uploads\/2020\/11\/png.png&#8221; title_text=&#8221;png&#8221; _builder_version=&#8221;4.4.4&#8243; width=&#8221;15%&#8221; width_tablet=&#8221;34%&#8221; width_phone=&#8221;50%&#8221; width_last_edited=&#8221;on|phone&#8221; module_alignment=&#8221;left&#8221;][\/et_pb_image][\/et_pb_column][\/et_pb_row][\/et_pb_section]<\/p>\n","protected":false},"excerpt":{"rendered":"<p>IMPRINTInstitute for Corporate Governance in the German Real Estate Industry Leipziger Platz 910117 Berlin Phone: +49 30 202 1585 55Fax: +49 30 202 1585 20E:Mail: info@icg-institut.de Managing Director: Karin Barthelmes-WehrInstitute for Corporate Governance in the German Real Estate IndustryRegister Court: Charlottenburg Local CourtRegistration number: VR 27736 B Responsible for content according to \u00a7 6 MDStV: [&hellip;]<\/p>\n","protected":false},"author":2,"featured_media":0,"parent":0,"menu_order":0,"comment_status":"closed","ping_status":"closed","template":"","meta":{"_et_pb_use_builder":"on","_et_pb_old_content":"","_et_gb_content_width":""},"yoast_head":"<!-- This site is optimized with the Yoast SEO plugin v20.6 - https:\/\/yoast.com\/wordpress\/plugins\/seo\/ -->\n<title>Imprint &ndash; Institut f\u00fcr Corporate Governance<\/title>\n<meta name=\"robots\" content=\"index, follow, max-snippet:-1, max-image-preview:large, max-video-preview:-1\" \/>\n<link rel=\"canonical\" href=\"https:\/\/icg-institut.de\/en\/imprint\/\" \/>\n<meta property=\"og:locale\" content=\"en_US\" \/>\n<meta property=\"og:type\" content=\"article\" \/>\n<meta property=\"og:title\" content=\"Imprint &ndash; Institut f\u00fcr Corporate Governance\" \/>\n<meta property=\"og:description\" content=\"IMPRINTInstitute for Corporate Governance in the German Real Estate Industry Leipziger Platz 910117 Berlin Phone: +49 30 202 1585 55Fax: +49 30 202 1585 20E:Mail: info@icg-institut.de Managing Director: Karin Barthelmes-WehrInstitute for Corporate Governance in the German Real Estate IndustryRegister Court: Charlottenburg Local CourtRegistration number: VR 27736 B Responsible for content according to \u00a7 6 MDStV: [&hellip;]\" \/>\n<meta property=\"og:url\" content=\"https:\/\/icg-institut.de\/en\/imprint\/\" \/>\n<meta property=\"og:site_name\" content=\"Institut f\u00fcr Corporate Governance\" \/>\n<meta property=\"article:modified_time\" content=\"2021-07-08T13:32:05+00:00\" \/>\n<meta name=\"twitter:card\" content=\"summary_large_image\" \/>\n<meta name=\"twitter:label1\" content=\"Est. reading time\" \/>\n\t<meta name=\"twitter:data1\" content=\"1 minute\" \/>\n<script type=\"application\/ld+json\" class=\"yoast-schema-graph\">{\"@context\":\"https:\/\/schema.org\",\"@graph\":[{\"@type\":\"WebPage\",\"@id\":\"https:\/\/icg-institut.de\/en\/imprint\/\",\"url\":\"https:\/\/icg-institut.de\/en\/imprint\/\",\"name\":\"Imprint &ndash; Institut f\u00fcr Corporate Governance\",\"isPartOf\":{\"@id\":\"https:\/\/icg-institut.de\/de\/#website\"},\"datePublished\":\"2021-07-08T13:32:03+00:00\",\"dateModified\":\"2021-07-08T13:32:05+00:00\",\"breadcrumb\":{\"@id\":\"https:\/\/icg-institut.de\/en\/imprint\/#breadcrumb\"},\"inLanguage\":\"en-US\",\"potentialAction\":[{\"@type\":\"ReadAction\",\"target\":[\"https:\/\/icg-institut.de\/en\/imprint\/\"]}]},{\"@type\":\"BreadcrumbList\",\"@id\":\"https:\/\/icg-institut.de\/en\/imprint\/#breadcrumb\",\"itemListElement\":[{\"@type\":\"ListItem\",\"position\":1,\"name\":\"Startseite\",\"item\":\"https:\/\/icg-institut.de\/de\/\"},{\"@type\":\"ListItem\",\"position\":2,\"name\":\"Imprint\"}]},{\"@type\":\"WebSite\",\"@id\":\"https:\/\/icg-institut.de\/de\/#website\",\"url\":\"https:\/\/icg-institut.de\/de\/\",\"name\":\"Institut f\u00fcr Corporate Governance\",\"description\":\"Das ICG ist der f\u00fchrende Think und Do-Tank der Immobilienbranche f\u00fcr gute Governance.\",\"publisher\":{\"@id\":\"https:\/\/icg-institut.de\/de\/#organization\"},\"potentialAction\":[{\"@type\":\"SearchAction\",\"target\":{\"@type\":\"EntryPoint\",\"urlTemplate\":\"https:\/\/icg-institut.de\/de\/?s={search_term_string}\"},\"query-input\":\"required name=search_term_string\"}],\"inLanguage\":\"en-US\"},{\"@type\":\"Organization\",\"@id\":\"https:\/\/icg-institut.de\/de\/#organization\",\"name\":\"ICG Institut\",\"url\":\"https:\/\/icg-institut.de\/de\/\",\"logo\":{\"@type\":\"ImageObject\",\"inLanguage\":\"en-US\",\"@id\":\"https:\/\/icg-institut.de\/de\/#\/schema\/logo\/image\/\",\"url\":\"https:\/\/icg-institut.de\/wp-content\/uploads\/2020\/10\/Logo_ICG_short_4c_transp.png\",\"contentUrl\":\"https:\/\/icg-institut.de\/wp-content\/uploads\/2020\/10\/Logo_ICG_short_4c_transp.png\",\"width\":6123,\"height\":1987,\"caption\":\"ICG Institut\"},\"image\":{\"@id\":\"https:\/\/icg-institut.de\/de\/#\/schema\/logo\/image\/\"}}]}<\/script>\n<!-- \/ Yoast SEO plugin. -->","yoast_head_json":{"title":"Imprint &ndash; Institut f\u00fcr Corporate Governance","robots":{"index":"index","follow":"follow","max-snippet":"max-snippet:-1","max-image-preview":"max-image-preview:large","max-video-preview":"max-video-preview:-1"},"canonical":"https:\/\/icg-institut.de\/en\/imprint\/","og_locale":"en_US","og_type":"article","og_title":"Imprint &ndash; Institut f\u00fcr Corporate Governance","og_description":"IMPRINTInstitute for Corporate Governance in the German Real Estate Industry Leipziger Platz 910117 Berlin Phone: +49 30 202 1585 55Fax: +49 30 202 1585 20E:Mail: info@icg-institut.de Managing Director: Karin Barthelmes-WehrInstitute for Corporate Governance in the German Real Estate IndustryRegister Court: Charlottenburg Local CourtRegistration number: VR 27736 B Responsible for content according to \u00a7 6 MDStV: [&hellip;]","og_url":"https:\/\/icg-institut.de\/en\/imprint\/","og_site_name":"Institut f\u00fcr Corporate Governance","article_modified_time":"2021-07-08T13:32:05+00:00","twitter_card":"summary_large_image","twitter_misc":{"Est. reading time":"1 minute"},"schema":{"@context":"https:\/\/schema.org","@graph":[{"@type":"WebPage","@id":"https:\/\/icg-institut.de\/en\/imprint\/","url":"https:\/\/icg-institut.de\/en\/imprint\/","name":"Imprint &ndash; Institut f\u00fcr Corporate Governance","isPartOf":{"@id":"https:\/\/icg-institut.de\/de\/#website"},"datePublished":"2021-07-08T13:32:03+00:00","dateModified":"2021-07-08T13:32:05+00:00","breadcrumb":{"@id":"https:\/\/icg-institut.de\/en\/imprint\/#breadcrumb"},"inLanguage":"en-US","potentialAction":[{"@type":"ReadAction","target":["https:\/\/icg-institut.de\/en\/imprint\/"]}]},{"@type":"BreadcrumbList","@id":"https:\/\/icg-institut.de\/en\/imprint\/#breadcrumb","itemListElement":[{"@type":"ListItem","position":1,"name":"Startseite","item":"https:\/\/icg-institut.de\/de\/"},{"@type":"ListItem","position":2,"name":"Imprint"}]},{"@type":"WebSite","@id":"https:\/\/icg-institut.de\/de\/#website","url":"https:\/\/icg-institut.de\/de\/","name":"Institut f\u00fcr Corporate Governance","description":"Das ICG ist der f\u00fchrende Think und Do-Tank der Immobilienbranche f\u00fcr gute Governance.","publisher":{"@id":"https:\/\/icg-institut.de\/de\/#organization"},"potentialAction":[{"@type":"SearchAction","target":{"@type":"EntryPoint","urlTemplate":"https:\/\/icg-institut.de\/de\/?s={search_term_string}"},"query-input":"required name=search_term_string"}],"inLanguage":"en-US"},{"@type":"Organization","@id":"https:\/\/icg-institut.de\/de\/#organization","name":"ICG Institut","url":"https:\/\/icg-institut.de\/de\/","logo":{"@type":"ImageObject","inLanguage":"en-US","@id":"https:\/\/icg-institut.de\/de\/#\/schema\/logo\/image\/","url":"https:\/\/icg-institut.de\/wp-content\/uploads\/2020\/10\/Logo_ICG_short_4c_transp.png","contentUrl":"https:\/\/icg-institut.de\/wp-content\/uploads\/2020\/10\/Logo_ICG_short_4c_transp.png","width":6123,"height":1987,"caption":"ICG Institut"},"image":{"@id":"https:\/\/icg-institut.de\/de\/#\/schema\/logo\/image\/"}}]}},"_links":{"self":[{"href":"https:\/\/icg-institut.de\/en\/wp-json\/wp\/v2\/pages\/13346"}],"collection":[{"href":"https:\/\/icg-institut.de\/en\/wp-json\/wp\/v2\/pages"}],"about":[{"href":"https:\/\/icg-institut.de\/en\/wp-json\/wp\/v2\/types\/page"}],"author":[{"embeddable":true,"href":"https:\/\/icg-institut.de\/en\/wp-json\/wp\/v2\/users\/2"}],"replies":[{"embeddable":true,"href":"https:\/\/icg-institut.de\/en\/wp-json\/wp\/v2\/comments?post=13346"}],"version-history":[{"count":0,"href":"https:\/\/icg-institut.de\/en\/wp-json\/wp\/v2\/pages\/13346\/revisions"}],"wp:attachment":[{"href":"https:\/\/icg-institut.de\/en\/wp-json\/wp\/v2\/media?parent=13346"}],"curies":[{"name":"wp","href":"https:\/\/api.w.org\/{rel}","templated":true}]}}